{"id":453,"date":"2025-06-01T19:51:16","date_gmt":"2025-06-01T19:51:16","guid":{"rendered":"http:\/\/neu-2025.apc-austria.com\/?page_id=453"},"modified":"2025-11-14T08:43:56","modified_gmt":"2025-11-14T08:43:56","slug":"chickens","status":"publish","type":"page","link":"https:\/\/apc-austria.com\/en\/huehner\/","title":{"rendered":"chickens"},"content":{"rendered":"<div data-elementor-type=\"wp-page\" data-elementor-id=\"453\" class=\"elementor elementor-453\">\n\t\t\t\t\t\t<section class=\"elementor-section elementor-top-section elementor-element elementor-element-a8fc3bc elementor-section-height-min-height elementor-section-boxed elementor-section-height-default elementor-section-items-middle\" data-id=\"a8fc3bc\" data-element_type=\"section\" data-e-type=\"section\" data-settings=\"{&quot;background_background&quot;:&quot;classic&quot;}\">\n\t\t\t\t\t\t\t<div class=\"elementor-background-overlay\"><\/div>\n\t\t\t\t\t\t\t<div class=\"elementor-container elementor-column-gap-default\">\n\t\t\t\t\t<div class=\"elementor-column elementor-col-100 elementor-top-column elementor-element elementor-element-b44588a\" data-id=\"b44588a\" data-element_type=\"column\" data-e-type=\"column\">\n\t\t\t<div class=\"elementor-widget-wrap elementor-element-populated\">\n\t\t\t\t\t\t<div class=\"elementor-element elementor-element-ac4b916 elementor-invisible elementor-widget elementor-widget-text-editor\" data-id=\"ac4b916\" data-element_type=\"widget\" data-e-type=\"widget\" data-settings=\"{&quot;_animation&quot;:&quot;fadeIn&quot;}\" data-widget_type=\"text-editor.default\">\n\t\t\t\t<div class=\"elementor-widget-container\">\n\t\t\t\t\t\t\t\t\t<p>APC FEED CONCEPTS FOR<\/p>\t\t\t\t\t\t\t\t<\/div>\n\t\t\t\t<\/div>\n\t\t\t\t<div class=\"elementor-element elementor-element-0527523 produkt-titel elementor-invisible elementor-widget elementor-widget-heading\" data-id=\"0527523\" data-element_type=\"widget\" data-e-type=\"widget\" data-settings=\"{&quot;_animation&quot;:&quot;fadeIn&quot;}\" data-widget_type=\"heading.default\">\n\t\t\t\t<div class=\"elementor-widget-container\">\n\t\t\t\t\t<p class=\"elementor-heading-title elementor-size-default\">02 - Chickens<\/p>\t\t\t\t<\/div>\n\t\t\t\t<\/div>\n\t\t\t\t\t<\/div>\n\t\t<\/div>\n\t\t\t\t\t<\/div>\n\t\t<\/section>\n\t\t\t\t<section class=\"elementor-section elementor-top-section elementor-element elementor-element-6a85137 elementor-section-boxed elementor-section-height-default elementor-section-height-default\" data-id=\"6a85137\" data-element_type=\"section\" data-e-type=\"section\" data-settings=\"{&quot;background_background&quot;:&quot;classic&quot;}\">\n\t\t\t\t\t\t<div class=\"elementor-container elementor-column-gap-default\">\n\t\t\t\t\t<div class=\"elementor-column elementor-col-100 elementor-top-column elementor-element elementor-element-10320ad\" data-id=\"10320ad\" data-element_type=\"column\" data-e-type=\"column\">\n\t\t\t<div class=\"elementor-widget-wrap elementor-element-populated\">\n\t\t\t\t\t\t<div class=\"elementor-element elementor-element-d7b8be9 elementor-invisible elementor-widget elementor-widget-text-editor\" data-id=\"d7b8be9\" data-element_type=\"widget\" data-e-type=\"widget\" data-settings=\"{&quot;_animation&quot;:&quot;fadeIn&quot;}\" data-widget_type=\"text-editor.default\">\n\t\t\t\t<div class=\"elementor-widget-container\">\n\t\t\t\t\t\t\t\t\t<p>APC add. HM\/HZ II 0.2%<\/p>\t\t\t\t\t\t\t\t<\/div>\n\t\t\t\t<\/div>\n\t\t\t\t<div class=\"elementor-element elementor-element-b2f0bf1 elementor-invisible elementor-widget elementor-widget-heading\" data-id=\"b2f0bf1\" data-element_type=\"widget\" data-e-type=\"widget\" data-settings=\"{&quot;_animation&quot;:&quot;fadeIn&quot;,&quot;_animation_delay&quot;:200}\" data-widget_type=\"heading.default\">\n\t\t\t\t<div class=\"elementor-widget-container\">\n\t\t\t\t\t<h1 class=\"elementor-heading-title elementor-size-default\">Natural feed additive for poultry<\/h1>\t\t\t\t<\/div>\n\t\t\t\t<\/div>\n\t\t\t\t<div class=\"elementor-element elementor-element-ed6d0e5 elementor-invisible elementor-widget elementor-widget-text-editor\" data-id=\"ed6d0e5\" data-element_type=\"widget\" data-e-type=\"widget\" data-settings=\"{&quot;_animation&quot;:&quot;fadeIn&quot;,&quot;_animation_delay&quot;:400}\" data-widget_type=\"text-editor.default\">\n\t\t\t\t<div class=\"elementor-widget-container\">\n\t\t\t\t\t\t\t\t\t<p>APC add. HM\/HZ II 0.2% is an innovative, natural feed additive specifically developed for the needs of poultry. The product is based on carefully selected clay minerals, which, through their synergistic effect, sustainably promote the health of the animals. The special action of the feed additive... <strong>intestinal mucosa<\/strong> and the <strong>intestinal barrier<\/strong> the animals <strong>strengthened<\/strong>, which is a <strong>improved nutrient absorption<\/strong> This allows for better digestion and a <strong>more efficient use<\/strong> the feed components.<\/p>\t\t\t\t\t\t\t\t<\/div>\n\t\t\t\t<\/div>\n\t\t\t\t\t<\/div>\n\t\t<\/div>\n\t\t\t\t\t<\/div>\n\t\t<\/section>\n\t\t\t\t<section class=\"elementor-section elementor-top-section elementor-element elementor-element-21bcaec elementor-section-boxed elementor-section-height-default elementor-section-height-default\" data-id=\"21bcaec\" data-element_type=\"section\" data-e-type=\"section\" data-settings=\"{&quot;background_background&quot;:&quot;classic&quot;}\">\n\t\t\t\t\t\t\t<div class=\"elementor-background-overlay\"><\/div>\n\t\t\t\t\t\t\t<div class=\"elementor-container elementor-column-gap-default\">\n\t\t\t\t\t<div class=\"elementor-column elementor-col-50 elementor-top-column elementor-element elementor-element-7db27c8\" data-id=\"7db27c8\" data-element_type=\"column\" data-e-type=\"column\" data-settings=\"{&quot;background_background&quot;:&quot;classic&quot;}\">\n\t\t\t<div class=\"elementor-widget-wrap elementor-element-populated\">\n\t\t\t\t\t\t<div class=\"elementor-element elementor-element-33921ed elementor-widget elementor-widget-spacer\" data-id=\"33921ed\" data-element_type=\"widget\" data-e-type=\"widget\" data-widget_type=\"spacer.default\">\n\t\t\t\t<div class=\"elementor-widget-container\">\n\t\t\t\t\t\t\t<div class=\"elementor-spacer\">\n\t\t\t<div class=\"elementor-spacer-inner\"><\/div>\n\t\t<\/div>\n\t\t\t\t\t\t<\/div>\n\t\t\t\t<\/div>\n\t\t\t\t\t<\/div>\n\t\t<\/div>\n\t\t\t\t<div class=\"elementor-column elementor-col-50 elementor-top-column elementor-element elementor-element-d8f0ad2\" data-id=\"d8f0ad2\" data-element_type=\"column\" data-e-type=\"column\">\n\t\t\t<div class=\"elementor-widget-wrap elementor-element-populated\">\n\t\t\t\t\t\t<div class=\"elementor-element elementor-element-ccd5844 elementor-invisible elementor-widget elementor-widget-text-editor\" data-id=\"ccd5844\" data-element_type=\"widget\" data-e-type=\"widget\" data-settings=\"{&quot;_animation&quot;:&quot;fadeIn&quot;}\" data-widget_type=\"text-editor.default\">\n\t\t\t\t<div class=\"elementor-widget-container\">\n\t\t\t\t\t\t\t\t\t<p>Sustainability &amp; Research:<\/p>\t\t\t\t\t\t\t\t<\/div>\n\t\t\t\t<\/div>\n\t\t\t\t<div class=\"elementor-element elementor-element-b78de94 elementor-invisible elementor-widget elementor-widget-heading\" data-id=\"b78de94\" data-element_type=\"widget\" data-e-type=\"widget\" data-settings=\"{&quot;_animation&quot;:&quot;fadeIn&quot;,&quot;_animation_delay&quot;:200}\" data-widget_type=\"heading.default\">\n\t\t\t\t<div class=\"elementor-widget-container\">\n\t\t\t\t\t<h2 class=\"elementor-heading-title elementor-size-default\">Impact on animal welfare<\/h2>\t\t\t\t<\/div>\n\t\t\t\t<\/div>\n\t\t\t\t<div class=\"elementor-element elementor-element-8a1b47e elementor-invisible elementor-widget elementor-widget-text-editor\" data-id=\"8a1b47e\" data-element_type=\"widget\" data-e-type=\"widget\" data-settings=\"{&quot;_animation&quot;:&quot;fadeIn&quot;,&quot;_animation_delay&quot;:400}\" data-widget_type=\"text-editor.default\">\n\t\t\t\t<div class=\"elementor-widget-container\">\n\t\t\t\t\t\t\t\t\t<p>The application of APC add. HM\/HZ II 0.2% supports animal welfare on several levels. The targeted improvement of the intestinal mucosa ensures healthy and stable digestion, which benefits the animals. <strong>less susceptible to diseases<\/strong> are. At the same time, the absorption of amino acids and minerals is optimized, leading to improved overall health and vitality, as well as <strong>Cost reduction<\/strong> leads.<\/p><p>These health benefits enable a sustainable improvement in production performance. Reducing nitrogen excretion allows for a reduction in ammonia and other pollutant emissions by up to 50 %, while simultaneously decreasing manure volume by approximately 20 %. Furthermore, the lower ammonia levels result in significantly fewer respiratory diseases in the animals.<\/p><p>Reducing the soy requirement in feed and specifically regulating the pH level in the gut not only promotes the animals&#039; health but also relieves the metabolic burden. This is particularly beneficial for the liver and the entire digestive system. The positive effect on calcium metabolism also leads to improved eggshell quality in laying hens and breeding stock.<\/p>\t\t\t\t\t\t\t\t<\/div>\n\t\t\t\t<\/div>\n\t\t\t\t\t<\/div>\n\t\t<\/div>\n\t\t\t\t\t<\/div>\n\t\t<\/section>\n\t\t\t\t<section class=\"elementor-section elementor-top-section elementor-element elementor-element-d10a1e3 elementor-section-boxed elementor-section-height-default elementor-section-height-default\" data-id=\"d10a1e3\" data-element_type=\"section\" data-e-type=\"section\" data-settings=\"{&quot;background_background&quot;:&quot;classic&quot;}\">\n\t\t\t\t\t\t<div class=\"elementor-container elementor-column-gap-default\">\n\t\t\t\t\t<div class=\"elementor-column elementor-col-100 elementor-top-column elementor-element elementor-element-c69db68\" data-id=\"c69db68\" data-element_type=\"column\" data-e-type=\"column\">\n\t\t\t<div class=\"elementor-widget-wrap elementor-element-populated\">\n\t\t\t\t\t\t<div class=\"elementor-element elementor-element-e908c1f elementor-invisible elementor-widget elementor-widget-text-editor\" data-id=\"e908c1f\" data-element_type=\"widget\" data-e-type=\"widget\" data-settings=\"{&quot;_animation&quot;:&quot;fadeIn&quot;}\" data-widget_type=\"text-editor.default\">\n\t\t\t\t<div class=\"elementor-widget-container\">\n\t\t\t\t\t\t\t\t\t<p>APC add. HM\/HZ II 0.2%<\/p>\t\t\t\t\t\t\t\t<\/div>\n\t\t\t\t<\/div>\n\t\t\t\t<div class=\"elementor-element elementor-element-a84e870 elementor-invisible elementor-widget elementor-widget-heading\" data-id=\"a84e870\" data-element_type=\"widget\" data-e-type=\"widget\" data-settings=\"{&quot;_animation&quot;:&quot;fadeIn&quot;,&quot;_animation_delay&quot;:200}\" data-widget_type=\"heading.default\">\n\t\t\t\t<div class=\"elementor-widget-container\">\n\t\t\t\t\t<h2 class=\"elementor-heading-title elementor-size-default\">The advantages of APC add. HM\/HZ I 0.2% for poultry<\/h2>\t\t\t\t<\/div>\n\t\t\t\t<\/div>\n\t\t\t\t<div class=\"elementor-element elementor-element-65e5488 elementor-widget elementor-widget-text-editor\" data-id=\"65e5488\" data-element_type=\"widget\" data-e-type=\"widget\" data-widget_type=\"text-editor.default\">\n\t\t\t\t<div class=\"elementor-widget-container\">\n\t\t\t\t\t\t\t\t\t<p>Overview:<\/p><ul style=\"list-style-position: inside; text-align: center; padding-left: 0;\"><li><strong>Improved and healthier intestinal lining:<\/strong>\u00a0Promotes stable digestion and reduces susceptibility to illness.<\/li><li><strong>Optimized nutrient absorption:<\/strong>\u00a0Increases the efficiency of amino acid and mineral utilization.<\/li><li><strong>Reduction in the use of soy:<\/strong>\u00a0Reduced need for soy due to improved nutrient utilization.<\/li><li><strong>Comprehensive metabolic relief:<\/strong>\u00a0It relieves the liver and digestive tract of the animals.<\/li><li><strong>Improved eggshell quality:<\/strong>\u00a0Particularly beneficial for laying hens and breeding stock.<\/li><\/ul>\t\t\t\t\t\t\t\t<\/div>\n\t\t\t\t<\/div>\n\t\t\t\t\t<\/div>\n\t\t<\/div>\n\t\t\t\t\t<\/div>\n\t\t<\/section>\n\t\t\t\t<section class=\"elementor-section elementor-top-section elementor-element elementor-element-27916a0 elementor-section-boxed elementor-section-height-default elementor-section-height-default\" data-id=\"27916a0\" data-element_type=\"section\" data-e-type=\"section\" data-settings=\"{&quot;background_background&quot;:&quot;classic&quot;}\">\n\t\t\t\t\t\t<div class=\"elementor-container elementor-column-gap-default\">\n\t\t\t\t\t<div class=\"elementor-column elementor-col-100 elementor-top-column elementor-element elementor-element-5b65316\" data-id=\"5b65316\" data-element_type=\"column\" data-e-type=\"column\">\n\t\t\t<div class=\"elementor-widget-wrap elementor-element-populated\">\n\t\t\t\t\t\t<div class=\"elementor-element elementor-element-b594519 elementor-invisible elementor-widget elementor-widget-text-editor\" data-id=\"b594519\" data-element_type=\"widget\" data-e-type=\"widget\" data-settings=\"{&quot;_animation&quot;:&quot;fadeIn&quot;}\" data-widget_type=\"text-editor.default\">\n\t\t\t\t<div class=\"elementor-widget-container\">\n\t\t\t\t\t\t\t\t\t<p>APC add. HM\/HZ II 0.2%<\/p>\t\t\t\t\t\t\t\t<\/div>\n\t\t\t\t<\/div>\n\t\t\t\t<div class=\"elementor-element elementor-element-6a28310 elementor-invisible elementor-widget elementor-widget-heading\" data-id=\"6a28310\" data-element_type=\"widget\" data-e-type=\"widget\" data-settings=\"{&quot;_animation&quot;:&quot;fadeIn&quot;,&quot;_animation_delay&quot;:200}\" data-widget_type=\"heading.default\">\n\t\t\t\t<div class=\"elementor-widget-container\">\n\t\t\t\t\t<h2 class=\"elementor-heading-title elementor-size-default\">Further information on the feed concept for poultry:<\/h2>\t\t\t\t<\/div>\n\t\t\t\t<\/div>\n\t\t\t\t<div class=\"elementor-element elementor-element-87644cb elementor-widget__width-initial elementor-invisible elementor-widget elementor-widget-text-editor\" data-id=\"87644cb\" data-element_type=\"widget\" data-e-type=\"widget\" data-settings=\"{&quot;_animation&quot;:&quot;fadeIn&quot;,&quot;_animation_delay&quot;:400}\" data-widget_type=\"text-editor.default\">\n\t\t\t\t<div class=\"elementor-widget-container\">\n\t\t\t\t\t\t\t\t\t<p><strong>Our service for you<br \/><\/strong>We offer individual advice on optimal use and create tailor-made formulations for our customers that can be flexibly adapted as needed.<\/p><p><strong>Application<\/strong><\/p><p>APC add. HM\/HZ II 0.2% is applied at a dosage of 2 kg per 1,000 kg of finished feed. It can be easily integrated into the existing feed ration to sustainably improve the health and performance of the animals.<\/p><p><strong>Packaging<\/strong><\/p><p>The product is available in 30 kg sacks or big bags to allow for flexible and efficient storage and use.<\/p><p><strong>durability<\/strong><\/p><p>The shelf life is at least 6 months in the original sealed packaging, thus ensuring long-term use without loss of quality.<\/p><p><strong>Manufacturer<\/strong><\/p><p>APC Austria, headquartered in Ludersdorf, Austria, has specialized in the development and distribution of natural feed additives since 1994. The company stands for innovative solutions in animal nutrition and places great emphasis on environmental friendliness and sustainability.<\/p>\t\t\t\t\t\t\t\t<\/div>\n\t\t\t\t<\/div>\n\t\t\t\t\t<\/div>\n\t\t<\/div>\n\t\t\t\t\t<\/div>\n\t\t<\/section>\n\t\t\t\t<section class=\"elementor-section elementor-top-section elementor-element elementor-element-c0bab5d elementor-section-boxed elementor-section-height-default elementor-section-height-default\" data-id=\"c0bab5d\" data-element_type=\"section\" data-e-type=\"section\">\n\t\t\t\t\t\t<div class=\"elementor-container elementor-column-gap-default\">\n\t\t\t\t\t<div class=\"elementor-column elementor-col-100 elementor-top-column elementor-element elementor-element-44c1bbd elementor-invisible\" data-id=\"44c1bbd\" data-element_type=\"column\" data-e-type=\"column\" data-settings=\"{&quot;background_background&quot;:&quot;classic&quot;,&quot;animation&quot;:&quot;fadeIn&quot;}\">\n\t\t\t<div class=\"elementor-widget-wrap elementor-element-populated\">\n\t\t\t\t\t<div class=\"elementor-background-overlay\"><\/div>\n\t\t\t\t\t\t<div class=\"elementor-element elementor-element-cdc50d0 elementor-widget__width-initial elementor-widget-mobile__width-initial elementor-widget-tablet__width-initial elementor-invisible elementor-widget elementor-widget-heading\" data-id=\"cdc50d0\" data-element_type=\"widget\" data-e-type=\"widget\" data-settings=\"{&quot;_animation&quot;:&quot;fadeIn&quot;,&quot;_animation_delay&quot;:200}\" data-widget_type=\"heading.default\">\n\t\t\t\t<div class=\"elementor-widget-container\">\n\t\t\t\t\t<h2 class=\"elementor-heading-title elementor-size-default\">Are you looking to find the right feeding concept now? <\/h2>\t\t\t\t<\/div>\n\t\t\t\t<\/div>\n\t\t\t\t<div class=\"elementor-element elementor-element-2f3599d elementor-invisible elementor-widget elementor-widget-text-editor\" data-id=\"2f3599d\" data-element_type=\"widget\" data-e-type=\"widget\" data-settings=\"{&quot;_animation&quot;:&quot;fadeIn&quot;,&quot;_animation_delay&quot;:400}\" data-widget_type=\"text-editor.default\">\n\t\t\t\t<div class=\"elementor-widget-container\">\n\t\t\t\t\t\t\t\t\t<p>Our natural feed additives demonstrably improve the vitality of your chicks, measurably reduce feed costs, and strengthen the sustainability of your production. Receive a personalized recommendation \u2013 practical, efficient, and tailored to your operation. Contact us now for expert advice with immediate added value.<\/p>\t\t\t\t\t\t\t\t<\/div>\n\t\t\t\t<\/div>\n\t\t\t\t<div class=\"elementor-element elementor-element-7dc1193 elementor-widget__width-auto elementor-invisible elementor-widget elementor-widget-button\" data-id=\"7dc1193\" data-element_type=\"widget\" data-e-type=\"widget\" data-settings=\"{&quot;_animation&quot;:&quot;fadeIn&quot;,&quot;_animation_delay&quot;:600}\" data-widget_type=\"button.default\">\n\t\t\t\t<div class=\"elementor-widget-container\">\n\t\t\t\t\t\t\t\t\t<div class=\"elementor-button-wrapper\">\n\t\t\t\t\t<a class=\"elementor-button elementor-button-link elementor-size-sm\" href=\"https:\/\/apc-austria.com\/en\/contact\/\">\n\t\t\t\t\t\t<span class=\"elementor-button-content-wrapper\">\n\t\t\t\t\t\t\t\t\t<span class=\"elementor-button-text\">Contact us<\/span>\n\t\t\t\t\t<\/span>\n\t\t\t\t\t<\/a>\n\t\t\t\t<\/div>\n\t\t\t\t\t\t\t\t<\/div>\n\t\t\t\t<\/div>\n\t\t\t\t<div class=\"elementor-element elementor-element-10e5c08 elementor-widget__width-auto elementor-invisible elementor-widget elementor-widget-button\" data-id=\"10e5c08\" data-element_type=\"widget\" data-e-type=\"widget\" data-settings=\"{&quot;_animation&quot;:&quot;fadeIn&quot;,&quot;_animation_delay&quot;:700}\" data-widget_type=\"button.default\">\n\t\t\t\t<div class=\"elementor-widget-container\">\n\t\t\t\t\t\t\t\t\t<div class=\"elementor-button-wrapper\">\n\t\t\t\t\t<a class=\"elementor-button elementor-button-link elementor-size-sm\" href=\"mailto:apc@apc-austria.com\">\n\t\t\t\t\t\t<span class=\"elementor-button-content-wrapper\">\n\t\t\t\t\t\t\t\t\t<span class=\"elementor-button-text\">Inquire directly<\/span>\n\t\t\t\t\t<\/span>\n\t\t\t\t\t<\/a>\n\t\t\t\t<\/div>\n\t\t\t\t\t\t\t\t<\/div>\n\t\t\t\t<\/div>\n\t\t\t\t\t<\/div>\n\t\t<\/div>\n\t\t\t\t\t<\/div>\n\t\t<\/section>\n\t\t\t\t<\/div>","protected":false},"excerpt":{"rendered":"<p>APC-FUTTERKONZEPTE F\u00dcR 02 &#8211; H\u00fchner APC add. HM\/HZ II 0,2% Nat\u00fcrlicher Futterzusatz f\u00fcr Gefl\u00fcgel APC add. HM\/HZ II 0,2% ist ein innovativer, nat\u00fcrlicher Futterzusatz, der speziell f\u00fcr die Bed\u00fcrfnisse von Gefl\u00fcgel entwickelt wurde. Das Produkt basiert auf sorgf\u00e4ltig ausgew\u00e4hlten Tonmineralien, die durch ihre synergetische Wirkung die Gesundheit der Tiere nachhaltig f\u00f6rdern. Durch die spezielle Wirkung [&hellip;]<\/p>\n","protected":false},"author":2,"featured_media":0,"parent":0,"menu_order":0,"comment_status":"closed","ping_status":"closed","template":"","meta":{"footnotes":""},"class_list":["post-453","page","type-page","status-publish","hentry"],"yoast_head":"<!-- This site is optimized with the Yoast SEO plugin v27.1.1 - https:\/\/yoast.com\/product\/yoast-seo-wordpress\/ -->\n<title>HM\/HZ II 0,2 % \u2013 Nat\u00fcrlicher Futterzusatz f\u00fcr H\u00fchner<\/title>\n<meta name=\"description\" content=\"APC add. HM\/HZ II 0,2 % \u2013 innovativer, nat\u00fcrlicher Futterzusatz f\u00fcr H\u00fchner, optimiert N\u00e4hrstoffaufnahme &amp; senkt Emissionen.\" \/>\n<meta name=\"robots\" content=\"index, follow, max-snippet:-1, max-image-preview:large, max-video-preview:-1\" \/>\n<link rel=\"canonical\" href=\"https:\/\/apc-austria.com\/en\/chickens\/\" \/>\n<meta property=\"og:locale\" content=\"en_GB\" \/>\n<meta property=\"og:type\" content=\"article\" \/>\n<meta property=\"og:title\" content=\"HM\/HZ II 0,2 % \u2013 Nat\u00fcrlicher Futterzusatz f\u00fcr H\u00fchner\" \/>\n<meta property=\"og:description\" content=\"APC add. HM\/HZ II 0,2 % \u2013 innovativer, nat\u00fcrlicher Futterzusatz f\u00fcr H\u00fchner, optimiert N\u00e4hrstoffaufnahme &amp; senkt Emissionen.\" \/>\n<meta property=\"og:url\" content=\"https:\/\/apc-austria.com\/en\/chickens\/\" \/>\n<meta property=\"og:site_name\" content=\"apc-austria\" \/>\n<meta property=\"article:modified_time\" content=\"2025-11-14T08:43:56+00:00\" \/>\n<script type=\"application\/ld+json\" class=\"yoast-schema-graph\">{\"@context\":\"https:\/\/schema.org\",\"@graph\":[{\"@type\":\"WebPage\",\"@id\":\"https:\/\/apc-austria.com\/huehner\/\",\"url\":\"https:\/\/apc-austria.com\/huehner\/\",\"name\":\"HM\/HZ II 0,2 % \u2013 Nat\u00fcrlicher Futterzusatz f\u00fcr H\u00fchner\",\"isPartOf\":{\"@id\":\"https:\/\/apc-austria.com\/#website\"},\"datePublished\":\"2025-06-01T19:51:16+00:00\",\"dateModified\":\"2025-11-14T08:43:56+00:00\",\"description\":\"APC add. HM\/HZ II 0,2 % \u2013 innovativer, nat\u00fcrlicher Futterzusatz f\u00fcr H\u00fchner, optimiert N\u00e4hrstoffaufnahme & senkt Emissionen.\",\"breadcrumb\":{\"@id\":\"https:\/\/apc-austria.com\/huehner\/#breadcrumb\"},\"inLanguage\":\"en-GB\",\"potentialAction\":[{\"@type\":\"ReadAction\",\"target\":[\"https:\/\/apc-austria.com\/huehner\/\"]}]},{\"@type\":\"BreadcrumbList\",\"@id\":\"https:\/\/apc-austria.com\/huehner\/#breadcrumb\",\"itemListElement\":[{\"@type\":\"ListItem\",\"position\":1,\"name\":\"Home\",\"item\":\"https:\/\/apc-austria.com\/\"},{\"@type\":\"ListItem\",\"position\":2,\"name\":\"huehner\"}]},{\"@type\":\"WebSite\",\"@id\":\"https:\/\/apc-austria.com\/#website\",\"url\":\"https:\/\/apc-austria.com\/\",\"name\":\"apc-austria\",\"description\":\"\",\"publisher\":{\"@id\":\"https:\/\/apc-austria.com\/#organization\"},\"potentialAction\":[{\"@type\":\"SearchAction\",\"target\":{\"@type\":\"EntryPoint\",\"urlTemplate\":\"https:\/\/apc-austria.com\/?s={search_term_string}\"},\"query-input\":{\"@type\":\"PropertyValueSpecification\",\"valueRequired\":true,\"valueName\":\"search_term_string\"}}],\"inLanguage\":\"en-GB\"},{\"@type\":\"Organization\",\"@id\":\"https:\/\/apc-austria.com\/#organization\",\"name\":\"apc-austria\",\"url\":\"https:\/\/apc-austria.com\/\",\"logo\":{\"@type\":\"ImageObject\",\"inLanguage\":\"en-GB\",\"@id\":\"https:\/\/apc-austria.com\/#\/schema\/logo\/image\/\",\"url\":\"https:\/\/apc-austria.com\/wp-content\/uploads\/2024\/08\/header_schwein.png\",\"contentUrl\":\"https:\/\/apc-austria.com\/wp-content\/uploads\/2024\/08\/header_schwein.png\",\"width\":139,\"height\":66,\"caption\":\"apc-austria\"},\"image\":{\"@id\":\"https:\/\/apc-austria.com\/#\/schema\/logo\/image\/\"}}]}<\/script>\n<!-- \/ Yoast SEO plugin. -->","yoast_head_json":{"title":"HM\/HZ II 0.2 % \u2013 Natural feed additive for chickens","description":"APC add. HM\/HZ II 0.2 % \u2013 innovative, natural feed additive for chickens, optimizes nutrient absorption &amp; reduces emissions.","robots":{"index":"index","follow":"follow","max-snippet":"max-snippet:-1","max-image-preview":"max-image-preview:large","max-video-preview":"max-video-preview:-1"},"canonical":"https:\/\/apc-austria.com\/en\/chickens\/","og_locale":"en_GB","og_type":"article","og_title":"HM\/HZ II 0,2 % \u2013 Nat\u00fcrlicher Futterzusatz f\u00fcr H\u00fchner","og_description":"APC add. HM\/HZ II 0,2 % \u2013 innovativer, nat\u00fcrlicher Futterzusatz f\u00fcr H\u00fchner, optimiert N\u00e4hrstoffaufnahme & senkt Emissionen.","og_url":"https:\/\/apc-austria.com\/en\/chickens\/","og_site_name":"apc-austria","article_modified_time":"2025-11-14T08:43:56+00:00","schema":{"@context":"https:\/\/schema.org","@graph":[{"@type":"WebPage","@id":"https:\/\/apc-austria.com\/huehner\/","url":"https:\/\/apc-austria.com\/huehner\/","name":"HM\/HZ II 0.2 % \u2013 Natural feed additive for chickens","isPartOf":{"@id":"https:\/\/apc-austria.com\/#website"},"datePublished":"2025-06-01T19:51:16+00:00","dateModified":"2025-11-14T08:43:56+00:00","description":"APC add. HM\/HZ II 0.2 % \u2013 innovative, natural feed additive for chickens, optimizes nutrient absorption &amp; reduces emissions.","breadcrumb":{"@id":"https:\/\/apc-austria.com\/huehner\/#breadcrumb"},"inLanguage":"en-GB","potentialAction":[{"@type":"ReadAction","target":["https:\/\/apc-austria.com\/huehner\/"]}]},{"@type":"BreadcrumbList","@id":"https:\/\/apc-austria.com\/huehner\/#breadcrumb","itemListElement":[{"@type":"ListItem","position":1,"name":"Home","item":"https:\/\/apc-austria.com\/"},{"@type":"ListItem","position":2,"name":"huehner"}]},{"@type":"WebSite","@id":"https:\/\/apc-austria.com\/#website","url":"https:\/\/apc-austria.com\/","name":"apc-austria","description":"","publisher":{"@id":"https:\/\/apc-austria.com\/#organization"},"potentialAction":[{"@type":"SearchAction","target":{"@type":"EntryPoint","urlTemplate":"https:\/\/apc-austria.com\/?s={search_term_string}"},"query-input":{"@type":"PropertyValueSpecification","valueRequired":true,"valueName":"search_term_string"}}],"inLanguage":"en-GB"},{"@type":"Organization","@id":"https:\/\/apc-austria.com\/#organization","name":"apc-austria","url":"https:\/\/apc-austria.com\/","logo":{"@type":"ImageObject","inLanguage":"en-GB","@id":"https:\/\/apc-austria.com\/#\/schema\/logo\/image\/","url":"https:\/\/apc-austria.com\/wp-content\/uploads\/2024\/08\/header_schwein.png","contentUrl":"https:\/\/apc-austria.com\/wp-content\/uploads\/2024\/08\/header_schwein.png","width":139,"height":66,"caption":"apc-austria"},"image":{"@id":"https:\/\/apc-austria.com\/#\/schema\/logo\/image\/"}}]}},"_links":{"self":[{"href":"https:\/\/apc-austria.com\/en\/wp-json\/wp\/v2\/pages\/453","targetHints":{"allow":["GET"]}}],"collection":[{"href":"https:\/\/apc-austria.com\/en\/wp-json\/wp\/v2\/pages"}],"about":[{"href":"https:\/\/apc-austria.com\/en\/wp-json\/wp\/v2\/types\/page"}],"author":[{"embeddable":true,"href":"https:\/\/apc-austria.com\/en\/wp-json\/wp\/v2\/users\/2"}],"replies":[{"embeddable":true,"href":"https:\/\/apc-austria.com\/en\/wp-json\/wp\/v2\/comments?post=453"}],"version-history":[{"count":38,"href":"https:\/\/apc-austria.com\/en\/wp-json\/wp\/v2\/pages\/453\/revisions"}],"predecessor-version":[{"id":1347,"href":"https:\/\/apc-austria.com\/en\/wp-json\/wp\/v2\/pages\/453\/revisions\/1347"}],"wp:attachment":[{"href":"https:\/\/apc-austria.com\/en\/wp-json\/wp\/v2\/media?parent=453"}],"curies":[{"name":"wp","href":"https:\/\/api.w.org\/{rel}","templated":true}]}}