{"id":498,"date":"2025-06-12T19:21:48","date_gmt":"2025-06-12T19:21:48","guid":{"rendered":"http:\/\/neu-2025.apc-austria.com\/?page_id=498"},"modified":"2025-11-14T09:00:25","modified_gmt":"2025-11-14T09:00:25","slug":"apc-rz-lac-feed-additive-for-dairy-cows","status":"publish","type":"page","link":"https:\/\/apc-austria.com\/en\/apc-rz-lac-futterzusatz-fuer-milchkuehe\/","title":{"rendered":"dairy cows"},"content":{"rendered":"<div data-elementor-type=\"wp-page\" data-elementor-id=\"498\" class=\"elementor elementor-498\">\n\t\t\t\t\t\t<section class=\"elementor-section elementor-top-section elementor-element elementor-element-6802b15 elementor-section-height-min-height elementor-section-boxed elementor-section-height-default elementor-section-items-middle\" data-id=\"6802b15\" data-element_type=\"section\" data-e-type=\"section\" data-settings=\"{&quot;background_background&quot;:&quot;classic&quot;}\">\n\t\t\t\t\t\t\t<div class=\"elementor-background-overlay\"><\/div>\n\t\t\t\t\t\t\t<div class=\"elementor-container elementor-column-gap-default\">\n\t\t\t\t\t<div class=\"elementor-column elementor-col-100 elementor-top-column elementor-element elementor-element-c16e172\" data-id=\"c16e172\" data-element_type=\"column\" data-e-type=\"column\">\n\t\t\t<div class=\"elementor-widget-wrap elementor-element-populated\">\n\t\t\t\t\t\t<div class=\"elementor-element elementor-element-cd257ac elementor-invisible elementor-widget elementor-widget-text-editor\" data-id=\"cd257ac\" data-element_type=\"widget\" data-e-type=\"widget\" data-settings=\"{&quot;_animation&quot;:&quot;fadeIn&quot;}\" data-widget_type=\"text-editor.default\">\n\t\t\t\t<div class=\"elementor-widget-container\">\n\t\t\t\t\t\t\t\t\t<p>APC FEED CONCEPTS FOR<\/p>\t\t\t\t\t\t\t\t<\/div>\n\t\t\t\t<\/div>\n\t\t\t\t<div class=\"elementor-element elementor-element-a3687d5 produkt-titel elementor-invisible elementor-widget elementor-widget-heading\" data-id=\"a3687d5\" data-element_type=\"widget\" data-e-type=\"widget\" data-settings=\"{&quot;_animation&quot;:&quot;fadeIn&quot;}\" data-widget_type=\"heading.default\">\n\t\t\t\t<div class=\"elementor-widget-container\">\n\t\t\t\t\t<p class=\"elementor-heading-title elementor-size-default\">02 - Dairy cows<\/p>\t\t\t\t<\/div>\n\t\t\t\t<\/div>\n\t\t\t\t\t<\/div>\n\t\t<\/div>\n\t\t\t\t\t<\/div>\n\t\t<\/section>\n\t\t\t\t<section class=\"elementor-section elementor-top-section elementor-element elementor-element-e02a77d elementor-section-boxed elementor-section-height-default elementor-section-height-default\" data-id=\"e02a77d\" data-element_type=\"section\" data-e-type=\"section\" data-settings=\"{&quot;background_background&quot;:&quot;classic&quot;}\">\n\t\t\t\t\t\t<div class=\"elementor-container elementor-column-gap-default\">\n\t\t\t\t\t<div class=\"elementor-column elementor-col-100 elementor-top-column elementor-element elementor-element-4629d21\" data-id=\"4629d21\" data-element_type=\"column\" data-e-type=\"column\">\n\t\t\t<div class=\"elementor-widget-wrap elementor-element-populated\">\n\t\t\t\t\t\t<div class=\"elementor-element elementor-element-cf03b4d elementor-invisible elementor-widget elementor-widget-text-editor\" data-id=\"cf03b4d\" data-element_type=\"widget\" data-e-type=\"widget\" data-settings=\"{&quot;_animation&quot;:&quot;fadeIn&quot;}\" data-widget_type=\"text-editor.default\">\n\t\t\t\t<div class=\"elementor-widget-container\">\n\t\t\t\t\t\t\t\t\t<p>APC RZ LAC 80<\/p>\t\t\t\t\t\t\t\t<\/div>\n\t\t\t\t<\/div>\n\t\t\t\t<div class=\"elementor-element elementor-element-db4ecaa elementor-invisible elementor-widget elementor-widget-heading\" data-id=\"db4ecaa\" data-element_type=\"widget\" data-e-type=\"widget\" data-settings=\"{&quot;_animation&quot;:&quot;fadeIn&quot;,&quot;_animation_delay&quot;:200}\" data-widget_type=\"heading.default\">\n\t\t\t\t<div class=\"elementor-widget-container\">\n\t\t\t\t\t<h1 class=\"elementor-heading-title elementor-size-default\">Greater stability for high-performance cows during sensitive phases<\/h1>\t\t\t\t<\/div>\n\t\t\t\t<\/div>\n\t\t\t\t<div class=\"elementor-element elementor-element-386b1e5 elementor-invisible elementor-widget elementor-widget-text-editor\" data-id=\"386b1e5\" data-element_type=\"widget\" data-e-type=\"widget\" data-settings=\"{&quot;_animation&quot;:&quot;fadeIn&quot;,&quot;_animation_delay&quot;:400}\" data-widget_type=\"text-editor.default\">\n\t\t\t\t<div class=\"elementor-widget-container\">\n\t\t\t\t\t\t\t\t\t<p>Dairy cows around calving time are in a particularly demanding physiological situation. Their energy requirements increase dramatically, while at the same time their metabolism, digestion, and immune system are under considerable strain. Animal health and the start of milk production are crucial during this transition period. The natural feed supplement <strong>RZ LAC 80<\/strong> APC Austria developed it specifically for this phase: It supports the cow <strong>from calving<\/strong> until the end of the high-performance phase. The aim is to specifically stabilize digestion by improving the mucous membranes of the rumen and small intestine.<br \/>By providing cows with a balanced supply of vitamins, trace elements and Mepron (rumen-stabilized methionine) during this critical phase, metabolic disorders, feed refusal and performance losses can be significantly reduced.<\/p>\t\t\t\t\t\t\t\t<\/div>\n\t\t\t\t<\/div>\n\t\t\t\t\t<\/div>\n\t\t<\/div>\n\t\t\t\t\t<\/div>\n\t\t<\/section>\n\t\t\t\t<section class=\"elementor-section elementor-top-section elementor-element elementor-element-8babd0e elementor-section-boxed elementor-section-height-default elementor-section-height-default\" data-id=\"8babd0e\" data-element_type=\"section\" data-e-type=\"section\" data-settings=\"{&quot;background_background&quot;:&quot;classic&quot;}\">\n\t\t\t\t\t\t\t<div class=\"elementor-background-overlay\"><\/div>\n\t\t\t\t\t\t\t<div class=\"elementor-container elementor-column-gap-default\">\n\t\t\t\t\t<div class=\"elementor-column elementor-col-50 elementor-top-column elementor-element elementor-element-b500b1f\" data-id=\"b500b1f\" data-element_type=\"column\" data-e-type=\"column\" data-settings=\"{&quot;background_background&quot;:&quot;classic&quot;}\">\n\t\t\t<div class=\"elementor-widget-wrap elementor-element-populated\">\n\t\t\t\t\t\t<div class=\"elementor-element elementor-element-7baf068 elementor-widget elementor-widget-spacer\" data-id=\"7baf068\" data-element_type=\"widget\" data-e-type=\"widget\" data-widget_type=\"spacer.default\">\n\t\t\t\t<div class=\"elementor-widget-container\">\n\t\t\t\t\t\t\t<div class=\"elementor-spacer\">\n\t\t\t<div class=\"elementor-spacer-inner\"><\/div>\n\t\t<\/div>\n\t\t\t\t\t\t<\/div>\n\t\t\t\t<\/div>\n\t\t\t\t\t<\/div>\n\t\t<\/div>\n\t\t\t\t<div class=\"elementor-column elementor-col-50 elementor-top-column elementor-element elementor-element-53439f3\" data-id=\"53439f3\" data-element_type=\"column\" data-e-type=\"column\">\n\t\t\t<div class=\"elementor-widget-wrap elementor-element-populated\">\n\t\t\t\t\t\t<div class=\"elementor-element elementor-element-a9ea7d0 elementor-invisible elementor-widget elementor-widget-text-editor\" data-id=\"a9ea7d0\" data-element_type=\"widget\" data-e-type=\"widget\" data-settings=\"{&quot;_animation&quot;:&quot;fadeIn&quot;}\" data-widget_type=\"text-editor.default\">\n\t\t\t\t<div class=\"elementor-widget-container\">\n\t\t\t\t\t\t\t\t\t<p>Sustainability &amp; Research:<\/p>\t\t\t\t\t\t\t\t<\/div>\n\t\t\t\t<\/div>\n\t\t\t\t<div class=\"elementor-element elementor-element-8a50bee elementor-invisible elementor-widget elementor-widget-heading\" data-id=\"8a50bee\" data-element_type=\"widget\" data-e-type=\"widget\" data-settings=\"{&quot;_animation&quot;:&quot;fadeIn&quot;,&quot;_animation_delay&quot;:200}\" data-widget_type=\"heading.default\">\n\t\t\t\t<div class=\"elementor-widget-container\">\n\t\t\t\t\t<h2 class=\"elementor-heading-title elementor-size-default\">Stable metabolism through a finely tuned ration<\/h2>\t\t\t\t<\/div>\n\t\t\t\t<\/div>\n\t\t\t\t<div class=\"elementor-element elementor-element-f81813b elementor-invisible elementor-widget elementor-widget-text-editor\" data-id=\"f81813b\" data-element_type=\"widget\" data-e-type=\"widget\" data-settings=\"{&quot;_animation&quot;:&quot;fadeIn&quot;,&quot;_animation_delay&quot;:400}\" data-widget_type=\"text-editor.default\">\n\t\t\t\t<div class=\"elementor-widget-container\">\n\t\t\t\t\t\t\t\t\t<p><strong>RZ LAC 80<\/strong> This formula combines physically activated clay minerals with carefully selected herbs, essential oils, vitamins, and high-quality trace elements, including chelates and Mepron (rumen-stabilized methionine). It improves the intestinal mucosal structure, supports the function of the rumen flora, and facilitates nutrient absorption in the small intestine. Additionally, the liver function is stabilized by beneficial plant compounds \u2013 a crucial contribution to overall health.<\/p><p>Thanks to the good supply of the most important nutrients, the supplement has a holistic effect on digestion, metabolism and the immune system, ensuring a longer-lasting high-performance phase, promoting health and increasing fertility, which greatly shortens the service period.<\/p>\t\t\t\t\t\t\t\t<\/div>\n\t\t\t\t<\/div>\n\t\t\t\t\t<\/div>\n\t\t<\/div>\n\t\t\t\t\t<\/div>\n\t\t<\/section>\n\t\t\t\t<section class=\"elementor-section elementor-top-section elementor-element elementor-element-5dcb44a elementor-section-boxed elementor-section-height-default elementor-section-height-default\" data-id=\"5dcb44a\" data-element_type=\"section\" data-e-type=\"section\" data-settings=\"{&quot;background_background&quot;:&quot;classic&quot;}\">\n\t\t\t\t\t\t<div class=\"elementor-container elementor-column-gap-default\">\n\t\t\t\t\t<div class=\"elementor-column elementor-col-100 elementor-top-column elementor-element elementor-element-3e76952\" data-id=\"3e76952\" data-element_type=\"column\" data-e-type=\"column\">\n\t\t\t<div class=\"elementor-widget-wrap elementor-element-populated\">\n\t\t\t\t\t\t<div class=\"elementor-element elementor-element-86a6b1c elementor-invisible elementor-widget elementor-widget-text-editor\" data-id=\"86a6b1c\" data-element_type=\"widget\" data-e-type=\"widget\" data-settings=\"{&quot;_animation&quot;:&quot;fadeIn&quot;}\" data-widget_type=\"text-editor.default\">\n\t\t\t\t<div class=\"elementor-widget-container\">\n\t\t\t\t\t\t\t\t\t<p>APC RZ LAC 80<\/p>\t\t\t\t\t\t\t\t<\/div>\n\t\t\t\t<\/div>\n\t\t\t\t<div class=\"elementor-element elementor-element-9b8d744 elementor-invisible elementor-widget elementor-widget-heading\" data-id=\"9b8d744\" data-element_type=\"widget\" data-e-type=\"widget\" data-settings=\"{&quot;_animation&quot;:&quot;fadeIn&quot;,&quot;_animation_delay&quot;:200}\" data-widget_type=\"heading.default\">\n\t\t\t\t<div class=\"elementor-widget-container\">\n\t\t\t\t\t<h2 class=\"elementor-heading-title elementor-size-default\">Compelling benefits for animals, farmers and the environment<\/h2>\t\t\t\t<\/div>\n\t\t\t\t<\/div>\n\t\t\t\t<div class=\"elementor-element elementor-element-8beff72 elementor-widget__width-initial elementor-invisible elementor-widget elementor-widget-text-editor\" data-id=\"8beff72\" data-element_type=\"widget\" data-e-type=\"widget\" data-settings=\"{&quot;_animation&quot;:&quot;fadeIn&quot;,&quot;_animation_delay&quot;:400}\" data-widget_type=\"text-editor.default\">\n\t\t\t\t<div class=\"elementor-widget-container\">\n\t\t\t\t\t\t\t\t\t<ul style=\"list-style-position: inside; text-align: center; padding-left: 0;\"><li>Higher dry matter intake better meets nutrient requirements.<\/li><li>Improved absorption of energy and proteins leads to a reduction in the energy deficit.<\/li><li>Fewer metabolic disorders \u2013 increased fertility \u2013 shortened service period.<\/li><li>More consistent milk production despite stress or ration changes<\/li><li>Extremely strong reduction in postpartum health problems (mastitis, paresis, almost to O%)<\/li><\/ul>\t\t\t\t\t\t\t\t<\/div>\n\t\t\t\t<\/div>\n\t\t\t\t\t<\/div>\n\t\t<\/div>\n\t\t\t\t\t<\/div>\n\t\t<\/section>\n\t\t\t\t<section class=\"elementor-section elementor-top-section elementor-element elementor-element-664178b elementor-section-boxed elementor-section-height-default elementor-section-height-default\" data-id=\"664178b\" data-element_type=\"section\" data-e-type=\"section\" data-settings=\"{&quot;background_background&quot;:&quot;classic&quot;}\">\n\t\t\t\t\t\t<div class=\"elementor-container elementor-column-gap-default\">\n\t\t\t\t\t<div class=\"elementor-column elementor-col-100 elementor-top-column elementor-element elementor-element-0bef7db\" data-id=\"0bef7db\" data-element_type=\"column\" data-e-type=\"column\">\n\t\t\t<div class=\"elementor-widget-wrap elementor-element-populated\">\n\t\t\t\t\t\t<div class=\"elementor-element elementor-element-db10556 elementor-invisible elementor-widget elementor-widget-text-editor\" data-id=\"db10556\" data-element_type=\"widget\" data-e-type=\"widget\" data-settings=\"{&quot;_animation&quot;:&quot;fadeIn&quot;}\" data-widget_type=\"text-editor.default\">\n\t\t\t\t<div class=\"elementor-widget-container\">\n\t\t\t\t\t\t\t\t\t<p>APC RZ LAC 80<\/p>\t\t\t\t\t\t\t\t<\/div>\n\t\t\t\t<\/div>\n\t\t\t\t<div class=\"elementor-element elementor-element-c1a2fe2 elementor-invisible elementor-widget elementor-widget-heading\" data-id=\"c1a2fe2\" data-element_type=\"widget\" data-e-type=\"widget\" data-settings=\"{&quot;_animation&quot;:&quot;fadeIn&quot;,&quot;_animation_delay&quot;:200}\" data-widget_type=\"heading.default\">\n\t\t\t\t<div class=\"elementor-widget-container\">\n\t\t\t\t\t<h2 class=\"elementor-heading-title elementor-size-default\">More information about APC RZ LAC 80<\/h2>\t\t\t\t<\/div>\n\t\t\t\t<\/div>\n\t\t\t\t<div class=\"elementor-element elementor-element-374b685 elementor-widget__width-initial elementor-invisible elementor-widget elementor-widget-text-editor\" data-id=\"374b685\" data-element_type=\"widget\" data-e-type=\"widget\" data-settings=\"{&quot;_animation&quot;:&quot;fadeIn&quot;,&quot;_animation_delay&quot;:400}\" data-widget_type=\"text-editor.default\">\n\t\t\t\t<div class=\"elementor-widget-container\">\n\t\t\t\t\t\t\t\t\t<p><strong>Application recommendation\u00a0<\/strong><\/p><p><strong>RZ LAC 80<\/strong> It is administered daily via the feed ration. The recommended period of use ranges from <strong>from calving until 120-140 days afterwards<\/strong>. The dosage is <strong>80 g per cow during lactation per day<\/strong>. The application can be easily integrated into all common feeding systems.<\/p><p><strong>Packaging &amp; Shelf Life<\/strong><\/p><p>RZ LAC 80 is in the 30<strong>-kg bag<\/strong> available. Shelf life is <strong>at least 6 months<\/strong> Store in a dry, cool, and hygienic environment. The low-dust structure ensures easy dosing and processing during operation.<\/p>\t\t\t\t\t\t\t\t<\/div>\n\t\t\t\t<\/div>\n\t\t\t\t\t<\/div>\n\t\t<\/div>\n\t\t\t\t\t<\/div>\n\t\t<\/section>\n\t\t\t\t<section class=\"elementor-section elementor-top-section elementor-element elementor-element-7f4271a elementor-section-boxed elementor-section-height-default elementor-section-height-default\" data-id=\"7f4271a\" data-element_type=\"section\" data-e-type=\"section\">\n\t\t\t\t\t\t<div class=\"elementor-container elementor-column-gap-default\">\n\t\t\t\t\t<div class=\"elementor-column elementor-col-100 elementor-top-column elementor-element elementor-element-45ed4d4 elementor-invisible\" data-id=\"45ed4d4\" data-element_type=\"column\" data-e-type=\"column\" data-settings=\"{&quot;background_background&quot;:&quot;classic&quot;,&quot;animation&quot;:&quot;fadeIn&quot;}\">\n\t\t\t<div class=\"elementor-widget-wrap elementor-element-populated\">\n\t\t\t\t\t<div class=\"elementor-background-overlay\"><\/div>\n\t\t\t\t\t\t<div class=\"elementor-element elementor-element-dd38e1c elementor-widget__width-initial elementor-widget-mobile__width-initial elementor-invisible elementor-widget elementor-widget-heading\" data-id=\"dd38e1c\" data-element_type=\"widget\" data-e-type=\"widget\" data-settings=\"{&quot;_animation&quot;:&quot;fadeIn&quot;,&quot;_animation_delay&quot;:200}\" data-widget_type=\"heading.default\">\n\t\t\t\t<div class=\"elementor-widget-container\">\n\t\t\t\t\t<h2 class=\"elementor-heading-title elementor-size-default\">Personal consultation by APC Austria<\/h2>\t\t\t\t<\/div>\n\t\t\t\t<\/div>\n\t\t\t\t<div class=\"elementor-element elementor-element-e34af6f elementor-invisible elementor-widget elementor-widget-text-editor\" data-id=\"e34af6f\" data-element_type=\"widget\" data-e-type=\"widget\" data-settings=\"{&quot;_animation&quot;:&quot;fadeIn&quot;,&quot;_animation_delay&quot;:400}\" data-widget_type=\"text-editor.default\">\n\t\t\t\t<div class=\"elementor-widget-container\">\n\t\t\t\t\t\t\t\t\t<p>Developed since 1994 <strong>APC Austria<\/strong> Practical, scientifically sound feeding solutions for cattle farming. RZ LAC 80 is a proven product for stable lactation and high-performing cows. We would be happy to advise you individually on its optimal application.<\/p>\t\t\t\t\t\t\t\t<\/div>\n\t\t\t\t<\/div>\n\t\t\t\t<div class=\"elementor-element elementor-element-542f0ed elementor-widget__width-auto elementor-invisible elementor-widget elementor-widget-button\" data-id=\"542f0ed\" data-element_type=\"widget\" data-e-type=\"widget\" data-settings=\"{&quot;_animation&quot;:&quot;fadeIn&quot;,&quot;_animation_delay&quot;:600}\" data-widget_type=\"button.default\">\n\t\t\t\t<div class=\"elementor-widget-container\">\n\t\t\t\t\t\t\t\t\t<div class=\"elementor-button-wrapper\">\n\t\t\t\t\t<a class=\"elementor-button elementor-button-link elementor-size-sm\" href=\"https:\/\/apc-austria.com\/en\/contact\/\">\n\t\t\t\t\t\t<span class=\"elementor-button-content-wrapper\">\n\t\t\t\t\t\t\t\t\t<span class=\"elementor-button-text\">Contact us<\/span>\n\t\t\t\t\t<\/span>\n\t\t\t\t\t<\/a>\n\t\t\t\t<\/div>\n\t\t\t\t\t\t\t\t<\/div>\n\t\t\t\t<\/div>\n\t\t\t\t<div class=\"elementor-element elementor-element-7213738 elementor-widget__width-auto elementor-invisible elementor-widget elementor-widget-button\" data-id=\"7213738\" data-element_type=\"widget\" data-e-type=\"widget\" data-settings=\"{&quot;_animation&quot;:&quot;fadeIn&quot;,&quot;_animation_delay&quot;:700}\" data-widget_type=\"button.default\">\n\t\t\t\t<div class=\"elementor-widget-container\">\n\t\t\t\t\t\t\t\t\t<div class=\"elementor-button-wrapper\">\n\t\t\t\t\t<a class=\"elementor-button elementor-button-link elementor-size-sm\" href=\"mailto:apc@apc-austria.com\">\n\t\t\t\t\t\t<span class=\"elementor-button-content-wrapper\">\n\t\t\t\t\t\t\t\t\t<span class=\"elementor-button-text\">Inquire directly<\/span>\n\t\t\t\t\t<\/span>\n\t\t\t\t\t<\/a>\n\t\t\t\t<\/div>\n\t\t\t\t\t\t\t\t<\/div>\n\t\t\t\t<\/div>\n\t\t\t\t\t<\/div>\n\t\t<\/div>\n\t\t\t\t\t<\/div>\n\t\t<\/section>\n\t\t\t\t<\/div>","protected":false},"excerpt":{"rendered":"<p>APC-FUTTERKONZEPTE F\u00dcR 02 &#8211; Milchk\u00fche APC RZ LAC 80 Mehr Stabilit\u00e4t f\u00fcr Hochleistungsk\u00fche in sensiblen Phasen Milchk\u00fche rund um den Kalbezeitpunkt befinden sich in einer besonders anspruchsvollen physiologischen Situation. Der Energiebedarf steigt massiv, w\u00e4hrend gleichzeitig Stoffwechsel, Verdauung und Immunsystem stark beansprucht werden. In dieser \u00dcbergangszeit entscheiden sich Tiergesundheit und Leistungsstart. Der nat\u00fcrliche Futterzusatz RZ LAC [&hellip;]<\/p>\n","protected":false},"author":2,"featured_media":0,"parent":0,"menu_order":0,"comment_status":"closed","ping_status":"closed","template":"","meta":{"footnotes":""},"class_list":["post-498","page","type-page","status-publish","hentry"],"yoast_head":"<!-- This site is optimized with the Yoast SEO plugin v27.1.1 - https:\/\/yoast.com\/product\/yoast-seo-wordpress\/ -->\n<title>APC RZ LAC \u2013 Futterzusatz f\u00fcr gesunde Milchk\u00fche<\/title>\n<meta name=\"description\" content=\"RZ LAC von APC stabilisiert Stoffwechsel &amp; Verdauung bei Milchk\u00fchen. F\u00fcr bessere Leistung &amp; Tiergesundheit. Jetzt beraten lassen.\" \/>\n<meta name=\"robots\" content=\"index, follow, max-snippet:-1, max-image-preview:large, max-video-preview:-1\" \/>\n<link rel=\"canonical\" href=\"https:\/\/apc-austria.com\/en\/apc-rz-lac-feed-additive-for-dairy-cows\/\" \/>\n<meta property=\"og:locale\" content=\"en_GB\" \/>\n<meta property=\"og:type\" content=\"article\" \/>\n<meta property=\"og:title\" content=\"APC RZ LAC \u2013 Futterzusatz f\u00fcr gesunde Milchk\u00fche\" \/>\n<meta property=\"og:description\" content=\"RZ LAC von APC stabilisiert Stoffwechsel &amp; Verdauung bei Milchk\u00fchen. F\u00fcr bessere Leistung &amp; Tiergesundheit. Jetzt beraten lassen.\" \/>\n<meta property=\"og:url\" content=\"https:\/\/apc-austria.com\/en\/apc-rz-lac-feed-additive-for-dairy-cows\/\" \/>\n<meta property=\"og:site_name\" content=\"apc-austria\" \/>\n<meta property=\"article:modified_time\" content=\"2025-11-14T09:00:25+00:00\" \/>\n<script type=\"application\/ld+json\" class=\"yoast-schema-graph\">{\"@context\":\"https:\/\/schema.org\",\"@graph\":[{\"@type\":\"WebPage\",\"@id\":\"https:\/\/apc-austria.com\/apc-rz-lac-futterzusatz-fuer-milchkuehe\/\",\"url\":\"https:\/\/apc-austria.com\/apc-rz-lac-futterzusatz-fuer-milchkuehe\/\",\"name\":\"APC RZ LAC \u2013 Futterzusatz f\u00fcr gesunde Milchk\u00fche\",\"isPartOf\":{\"@id\":\"https:\/\/apc-austria.com\/#website\"},\"datePublished\":\"2025-06-12T19:21:48+00:00\",\"dateModified\":\"2025-11-14T09:00:25+00:00\",\"description\":\"RZ LAC von APC stabilisiert Stoffwechsel & Verdauung bei Milchk\u00fchen. F\u00fcr bessere Leistung & Tiergesundheit. Jetzt beraten lassen.\",\"breadcrumb\":{\"@id\":\"https:\/\/apc-austria.com\/apc-rz-lac-futterzusatz-fuer-milchkuehe\/#breadcrumb\"},\"inLanguage\":\"en-GB\",\"potentialAction\":[{\"@type\":\"ReadAction\",\"target\":[\"https:\/\/apc-austria.com\/apc-rz-lac-futterzusatz-fuer-milchkuehe\/\"]}]},{\"@type\":\"BreadcrumbList\",\"@id\":\"https:\/\/apc-austria.com\/apc-rz-lac-futterzusatz-fuer-milchkuehe\/#breadcrumb\",\"itemListElement\":[{\"@type\":\"ListItem\",\"position\":1,\"name\":\"Home\",\"item\":\"https:\/\/apc-austria.com\/\"},{\"@type\":\"ListItem\",\"position\":2,\"name\":\"Milchk\u00fche\"}]},{\"@type\":\"WebSite\",\"@id\":\"https:\/\/apc-austria.com\/#website\",\"url\":\"https:\/\/apc-austria.com\/\",\"name\":\"apc-austria\",\"description\":\"\",\"publisher\":{\"@id\":\"https:\/\/apc-austria.com\/#organization\"},\"potentialAction\":[{\"@type\":\"SearchAction\",\"target\":{\"@type\":\"EntryPoint\",\"urlTemplate\":\"https:\/\/apc-austria.com\/?s={search_term_string}\"},\"query-input\":{\"@type\":\"PropertyValueSpecification\",\"valueRequired\":true,\"valueName\":\"search_term_string\"}}],\"inLanguage\":\"en-GB\"},{\"@type\":\"Organization\",\"@id\":\"https:\/\/apc-austria.com\/#organization\",\"name\":\"apc-austria\",\"url\":\"https:\/\/apc-austria.com\/\",\"logo\":{\"@type\":\"ImageObject\",\"inLanguage\":\"en-GB\",\"@id\":\"https:\/\/apc-austria.com\/#\/schema\/logo\/image\/\",\"url\":\"https:\/\/apc-austria.com\/wp-content\/uploads\/2024\/08\/header_schwein.png\",\"contentUrl\":\"https:\/\/apc-austria.com\/wp-content\/uploads\/2024\/08\/header_schwein.png\",\"width\":139,\"height\":66,\"caption\":\"apc-austria\"},\"image\":{\"@id\":\"https:\/\/apc-austria.com\/#\/schema\/logo\/image\/\"}}]}<\/script>\n<!-- \/ Yoast SEO plugin. -->","yoast_head_json":{"title":"APC RZ LAC \u2013 Feed additive for healthy dairy cows","description":"RZ LAC from APC stabilizes metabolism and digestion in dairy cows. For improved performance and animal health. Get advice now.","robots":{"index":"index","follow":"follow","max-snippet":"max-snippet:-1","max-image-preview":"max-image-preview:large","max-video-preview":"max-video-preview:-1"},"canonical":"https:\/\/apc-austria.com\/en\/apc-rz-lac-feed-additive-for-dairy-cows\/","og_locale":"en_GB","og_type":"article","og_title":"APC RZ LAC \u2013 Futterzusatz f\u00fcr gesunde Milchk\u00fche","og_description":"RZ LAC von APC stabilisiert Stoffwechsel & Verdauung bei Milchk\u00fchen. F\u00fcr bessere Leistung & Tiergesundheit. Jetzt beraten lassen.","og_url":"https:\/\/apc-austria.com\/en\/apc-rz-lac-feed-additive-for-dairy-cows\/","og_site_name":"apc-austria","article_modified_time":"2025-11-14T09:00:25+00:00","schema":{"@context":"https:\/\/schema.org","@graph":[{"@type":"WebPage","@id":"https:\/\/apc-austria.com\/apc-rz-lac-futterzusatz-fuer-milchkuehe\/","url":"https:\/\/apc-austria.com\/apc-rz-lac-futterzusatz-fuer-milchkuehe\/","name":"APC RZ LAC \u2013 Feed additive for healthy dairy cows","isPartOf":{"@id":"https:\/\/apc-austria.com\/#website"},"datePublished":"2025-06-12T19:21:48+00:00","dateModified":"2025-11-14T09:00:25+00:00","description":"RZ LAC from APC stabilizes metabolism and digestion in dairy cows. For improved performance and animal health. Get advice now.","breadcrumb":{"@id":"https:\/\/apc-austria.com\/apc-rz-lac-futterzusatz-fuer-milchkuehe\/#breadcrumb"},"inLanguage":"en-GB","potentialAction":[{"@type":"ReadAction","target":["https:\/\/apc-austria.com\/apc-rz-lac-futterzusatz-fuer-milchkuehe\/"]}]},{"@type":"BreadcrumbList","@id":"https:\/\/apc-austria.com\/apc-rz-lac-futterzusatz-fuer-milchkuehe\/#breadcrumb","itemListElement":[{"@type":"ListItem","position":1,"name":"Home","item":"https:\/\/apc-austria.com\/"},{"@type":"ListItem","position":2,"name":"Milchk\u00fche"}]},{"@type":"WebSite","@id":"https:\/\/apc-austria.com\/#website","url":"https:\/\/apc-austria.com\/","name":"apc-austria","description":"","publisher":{"@id":"https:\/\/apc-austria.com\/#organization"},"potentialAction":[{"@type":"SearchAction","target":{"@type":"EntryPoint","urlTemplate":"https:\/\/apc-austria.com\/?s={search_term_string}"},"query-input":{"@type":"PropertyValueSpecification","valueRequired":true,"valueName":"search_term_string"}}],"inLanguage":"en-GB"},{"@type":"Organization","@id":"https:\/\/apc-austria.com\/#organization","name":"apc-austria","url":"https:\/\/apc-austria.com\/","logo":{"@type":"ImageObject","inLanguage":"en-GB","@id":"https:\/\/apc-austria.com\/#\/schema\/logo\/image\/","url":"https:\/\/apc-austria.com\/wp-content\/uploads\/2024\/08\/header_schwein.png","contentUrl":"https:\/\/apc-austria.com\/wp-content\/uploads\/2024\/08\/header_schwein.png","width":139,"height":66,"caption":"apc-austria"},"image":{"@id":"https:\/\/apc-austria.com\/#\/schema\/logo\/image\/"}}]}},"_links":{"self":[{"href":"https:\/\/apc-austria.com\/en\/wp-json\/wp\/v2\/pages\/498","targetHints":{"allow":["GET"]}}],"collection":[{"href":"https:\/\/apc-austria.com\/en\/wp-json\/wp\/v2\/pages"}],"about":[{"href":"https:\/\/apc-austria.com\/en\/wp-json\/wp\/v2\/types\/page"}],"author":[{"embeddable":true,"href":"https:\/\/apc-austria.com\/en\/wp-json\/wp\/v2\/users\/2"}],"replies":[{"embeddable":true,"href":"https:\/\/apc-austria.com\/en\/wp-json\/wp\/v2\/comments?post=498"}],"version-history":[{"count":40,"href":"https:\/\/apc-austria.com\/en\/wp-json\/wp\/v2\/pages\/498\/revisions"}],"predecessor-version":[{"id":1372,"href":"https:\/\/apc-austria.com\/en\/wp-json\/wp\/v2\/pages\/498\/revisions\/1372"}],"wp:attachment":[{"href":"https:\/\/apc-austria.com\/en\/wp-json\/wp\/v2\/media?parent=498"}],"curies":[{"name":"wp","href":"https:\/\/api.w.org\/{rel}","templated":true}]}}