{"id":504,"date":"2025-06-12T19:37:10","date_gmt":"2025-06-12T19:37:10","guid":{"rendered":"http:\/\/neu-2025.apc-austria.com\/?page_id=504"},"modified":"2025-11-14T08:48:27","modified_gmt":"2025-11-14T08:48:27","slug":"apc-add-fa-feed-additive-for-piglet-rearing","status":"publish","type":"page","link":"https:\/\/apc-austria.com\/en\/apc-add-fa-futterzusatz-fuer-ferkelaufzucht\/","title":{"rendered":"piglet"},"content":{"rendered":"<div data-elementor-type=\"wp-page\" data-elementor-id=\"504\" class=\"elementor elementor-504\">\n\t\t\t\t\t\t<section class=\"elementor-section elementor-top-section elementor-element elementor-element-ac4afbc elementor-section-height-min-height elementor-section-boxed elementor-section-height-default elementor-section-items-middle\" data-id=\"ac4afbc\" data-element_type=\"section\" data-e-type=\"section\" data-settings=\"{&quot;background_background&quot;:&quot;classic&quot;}\">\n\t\t\t\t\t\t\t<div class=\"elementor-background-overlay\"><\/div>\n\t\t\t\t\t\t\t<div class=\"elementor-container elementor-column-gap-default\">\n\t\t\t\t\t<div class=\"elementor-column elementor-col-100 elementor-top-column elementor-element elementor-element-e02c3ad\" data-id=\"e02c3ad\" data-element_type=\"column\" data-e-type=\"column\">\n\t\t\t<div class=\"elementor-widget-wrap elementor-element-populated\">\n\t\t\t\t\t\t<div class=\"elementor-element elementor-element-00849a9 elementor-invisible elementor-widget elementor-widget-text-editor\" data-id=\"00849a9\" data-element_type=\"widget\" data-e-type=\"widget\" data-settings=\"{&quot;_animation&quot;:&quot;fadeIn&quot;}\" data-widget_type=\"text-editor.default\">\n\t\t\t\t<div class=\"elementor-widget-container\">\n\t\t\t\t\t\t\t\t\t<p>APC FEED CONCEPTS FOR<\/p>\t\t\t\t\t\t\t\t<\/div>\n\t\t\t\t<\/div>\n\t\t\t\t<div class=\"elementor-element elementor-element-d33a686 produkt-titel elementor-invisible elementor-widget elementor-widget-heading\" data-id=\"d33a686\" data-element_type=\"widget\" data-e-type=\"widget\" data-settings=\"{&quot;_animation&quot;:&quot;fadeIn&quot;}\" data-widget_type=\"heading.default\">\n\t\t\t\t<div class=\"elementor-widget-container\">\n\t\t\t\t\t<p class=\"elementor-heading-title elementor-size-default\">01 - Piglets<\/p>\t\t\t\t<\/div>\n\t\t\t\t<\/div>\n\t\t\t\t\t<\/div>\n\t\t<\/div>\n\t\t\t\t\t<\/div>\n\t\t<\/section>\n\t\t\t\t<section class=\"elementor-section elementor-top-section elementor-element elementor-element-c70a598 elementor-section-boxed elementor-section-height-default elementor-section-height-default\" data-id=\"c70a598\" data-element_type=\"section\" data-e-type=\"section\" data-settings=\"{&quot;background_background&quot;:&quot;classic&quot;}\">\n\t\t\t\t\t\t<div class=\"elementor-container elementor-column-gap-default\">\n\t\t\t\t\t<div class=\"elementor-column elementor-col-100 elementor-top-column elementor-element elementor-element-4a1a64b\" data-id=\"4a1a64b\" data-element_type=\"column\" data-e-type=\"column\">\n\t\t\t<div class=\"elementor-widget-wrap elementor-element-populated\">\n\t\t\t\t\t\t<div class=\"elementor-element elementor-element-5df0b1a elementor-invisible elementor-widget elementor-widget-text-editor\" data-id=\"5df0b1a\" data-element_type=\"widget\" data-e-type=\"widget\" data-settings=\"{&quot;_animation&quot;:&quot;fadeIn&quot;}\" data-widget_type=\"text-editor.default\">\n\t\t\t\t<div class=\"elementor-widget-container\">\n\t\t\t\t\t\t\t\t\t<p>APC add. FA 0.2%<\/p>\t\t\t\t\t\t\t\t<\/div>\n\t\t\t\t<\/div>\n\t\t\t\t<div class=\"elementor-element elementor-element-518cd88 elementor-invisible elementor-widget elementor-widget-heading\" data-id=\"518cd88\" data-element_type=\"widget\" data-e-type=\"widget\" data-settings=\"{&quot;_animation&quot;:&quot;fadeIn&quot;,&quot;_animation_delay&quot;:200}\" data-widget_type=\"heading.default\">\n\t\t\t\t<div class=\"elementor-widget-container\">\n\t\t\t\t\t<h1 class=\"elementor-heading-title elementor-size-default\">Healthy development from day one<\/h1>\t\t\t\t<\/div>\n\t\t\t\t<\/div>\n\t\t\t\t<div class=\"elementor-element elementor-element-d693b9b elementor-invisible elementor-widget elementor-widget-text-editor\" data-id=\"d693b9b\" data-element_type=\"widget\" data-e-type=\"widget\" data-settings=\"{&quot;_animation&quot;:&quot;fadeIn&quot;,&quot;_animation_delay&quot;:400}\" data-widget_type=\"text-editor.default\">\n\t\t\t\t<div class=\"elementor-widget-container\">\n\t\t\t\t\t\t\t\t\t<p>A prestarter feed supports the young animals&#039; digestive development from day one. It can also be mixed into peat-based soil. Prestarters, starters, and weaning feeds all contribute to developing the digestive system, preventing performance losses, and promoting the even development of the entire group. We are happy to assist you with formulating your feed.<\/p><p>The weaning period is one of the most demanding stages in piglet rearing. The transition from mother&#039;s milk to solid feed not only represents a profound change in the digestive system, but also places an enormous strain on the still-developing immune system. Many piglets react during this time with diarrhea, loss of appetite, restlessness, or growth retardation. This is precisely where our approach comes in. <strong>APC add. FA 0.2%<\/strong> To: The natural feed supplement was specially developed for this sensitive phase.<\/p>\t\t\t\t\t\t\t\t<\/div>\n\t\t\t\t<\/div>\n\t\t\t\t\t<\/div>\n\t\t<\/div>\n\t\t\t\t\t<\/div>\n\t\t<\/section>\n\t\t\t\t<section class=\"elementor-section elementor-top-section elementor-element elementor-element-e9718ec elementor-section-boxed elementor-section-height-default elementor-section-height-default\" data-id=\"e9718ec\" data-element_type=\"section\" data-e-type=\"section\" data-settings=\"{&quot;background_background&quot;:&quot;classic&quot;}\">\n\t\t\t\t\t\t\t<div class=\"elementor-background-overlay\"><\/div>\n\t\t\t\t\t\t\t<div class=\"elementor-container elementor-column-gap-default\">\n\t\t\t\t\t<div class=\"elementor-column elementor-col-50 elementor-top-column elementor-element elementor-element-44a4c9e\" data-id=\"44a4c9e\" data-element_type=\"column\" data-e-type=\"column\" data-settings=\"{&quot;background_background&quot;:&quot;classic&quot;}\">\n\t\t\t<div class=\"elementor-widget-wrap elementor-element-populated\">\n\t\t\t\t\t\t<div class=\"elementor-element elementor-element-e5db109 elementor-widget elementor-widget-spacer\" data-id=\"e5db109\" data-element_type=\"widget\" data-e-type=\"widget\" data-widget_type=\"spacer.default\">\n\t\t\t\t<div class=\"elementor-widget-container\">\n\t\t\t\t\t\t\t<div class=\"elementor-spacer\">\n\t\t\t<div class=\"elementor-spacer-inner\"><\/div>\n\t\t<\/div>\n\t\t\t\t\t\t<\/div>\n\t\t\t\t<\/div>\n\t\t\t\t\t<\/div>\n\t\t<\/div>\n\t\t\t\t<div class=\"elementor-column elementor-col-50 elementor-top-column elementor-element elementor-element-5de6eff\" data-id=\"5de6eff\" data-element_type=\"column\" data-e-type=\"column\">\n\t\t\t<div class=\"elementor-widget-wrap elementor-element-populated\">\n\t\t\t\t\t\t<div class=\"elementor-element elementor-element-43ea01f elementor-invisible elementor-widget elementor-widget-text-editor\" data-id=\"43ea01f\" data-element_type=\"widget\" data-e-type=\"widget\" data-settings=\"{&quot;_animation&quot;:&quot;fadeIn&quot;}\" data-widget_type=\"text-editor.default\">\n\t\t\t\t<div class=\"elementor-widget-container\">\n\t\t\t\t\t\t\t\t\t<p>Sustainability &amp; Research:<\/p>\t\t\t\t\t\t\t\t<\/div>\n\t\t\t\t<\/div>\n\t\t\t\t<div class=\"elementor-element elementor-element-c72f63b elementor-invisible elementor-widget elementor-widget-heading\" data-id=\"c72f63b\" data-element_type=\"widget\" data-e-type=\"widget\" data-settings=\"{&quot;_animation&quot;:&quot;fadeIn&quot;,&quot;_animation_delay&quot;:200}\" data-widget_type=\"heading.default\">\n\t\t\t\t<div class=\"elementor-widget-container\">\n\t\t\t\t\t<h2 class=\"elementor-heading-title elementor-size-default\">Functional formula with targeted action in the gut<\/h2>\t\t\t\t<\/div>\n\t\t\t\t<\/div>\n\t\t\t\t<div class=\"elementor-element elementor-element-7c7669f elementor-invisible elementor-widget elementor-widget-text-editor\" data-id=\"7c7669f\" data-element_type=\"widget\" data-e-type=\"widget\" data-settings=\"{&quot;_animation&quot;:&quot;fadeIn&quot;,&quot;_animation_delay&quot;:400}\" data-widget_type=\"text-editor.default\">\n\t\t\t\t<div class=\"elementor-widget-container\">\n\t\t\t\t\t\t\t\t\t<p>The combination of active ingredients \u2013 physically activated clay minerals, finely ground herbs, essential oils, and trace elements \u2013 takes effect in the small intestine. The physical treatment of the feed additive improves the surface of the intestinal mucosa, resulting in improved nutrient absorption and a reduction in intestinal barrier disorders.\u00a0<\/p><p>APC add. FA 0.2 % contributes to improved self-immunity, thereby minimizing infections and increasing resistance to pathogenic germs \u2013 a clear benefit for economic efficiency.<\/p>\t\t\t\t\t\t\t\t<\/div>\n\t\t\t\t<\/div>\n\t\t\t\t\t<\/div>\n\t\t<\/div>\n\t\t\t\t\t<\/div>\n\t\t<\/section>\n\t\t\t\t<section class=\"elementor-section elementor-top-section elementor-element elementor-element-7a0b72d elementor-section-boxed elementor-section-height-default elementor-section-height-default\" data-id=\"7a0b72d\" data-element_type=\"section\" data-e-type=\"section\" data-settings=\"{&quot;background_background&quot;:&quot;classic&quot;}\">\n\t\t\t\t\t\t<div class=\"elementor-container elementor-column-gap-default\">\n\t\t\t\t\t<div class=\"elementor-column elementor-col-100 elementor-top-column elementor-element elementor-element-d54fa18\" data-id=\"d54fa18\" data-element_type=\"column\" data-e-type=\"column\">\n\t\t\t<div class=\"elementor-widget-wrap elementor-element-populated\">\n\t\t\t\t\t\t<div class=\"elementor-element elementor-element-db96cae elementor-invisible elementor-widget elementor-widget-text-editor\" data-id=\"db96cae\" data-element_type=\"widget\" data-e-type=\"widget\" data-settings=\"{&quot;_animation&quot;:&quot;fadeIn&quot;}\" data-widget_type=\"text-editor.default\">\n\t\t\t\t<div class=\"elementor-widget-container\">\n\t\t\t\t\t\t\t\t\t<p>APC add. FA 0.2%<\/p>\t\t\t\t\t\t\t\t<\/div>\n\t\t\t\t<\/div>\n\t\t\t\t<div class=\"elementor-element elementor-element-f0b083f elementor-invisible elementor-widget elementor-widget-heading\" data-id=\"f0b083f\" data-element_type=\"widget\" data-e-type=\"widget\" data-settings=\"{&quot;_animation&quot;:&quot;fadeIn&quot;,&quot;_animation_delay&quot;:200}\" data-widget_type=\"heading.default\">\n\t\t\t\t<div class=\"elementor-widget-container\">\n\t\t\t\t\t<h2 class=\"elementor-heading-title elementor-size-default\">The advantages of APCb add. FA for piglets<\/h2>\t\t\t\t<\/div>\n\t\t\t\t<\/div>\n\t\t\t\t<div class=\"elementor-element elementor-element-f1fb43b elementor-widget__width-initial elementor-invisible elementor-widget elementor-widget-text-editor\" data-id=\"f1fb43b\" data-element_type=\"widget\" data-e-type=\"widget\" data-settings=\"{&quot;_animation&quot;:&quot;fadeIn&quot;,&quot;_animation_delay&quot;:400}\" data-widget_type=\"text-editor.default\">\n\t\t\t\t<div class=\"elementor-widget-container\">\n\t\t\t\t\t\t\t\t\t<ul style=\"list-style-position: inside; text-align: center; padding-left: 0;\"><li>More stable digestion during the sensitive weaning phase<\/li><li>Fewer diarrheas, lower losses and more stable development<\/li><li>Higher daily weight gains &amp; better feed conversion<\/li><li>Reduced medication use \u2013 positive for animals and the farm<\/li><li>Significantly improved absorption of amino acids and minerals<\/li><li>Up to 50% reduction of ammonia and harmful gases in barn air<\/li><\/ul>\t\t\t\t\t\t\t\t<\/div>\n\t\t\t\t<\/div>\n\t\t\t\t\t<\/div>\n\t\t<\/div>\n\t\t\t\t\t<\/div>\n\t\t<\/section>\n\t\t\t\t<section class=\"elementor-section elementor-top-section elementor-element elementor-element-cc00282 elementor-section-boxed elementor-section-height-default elementor-section-height-default\" data-id=\"cc00282\" data-element_type=\"section\" data-e-type=\"section\" data-settings=\"{&quot;background_background&quot;:&quot;classic&quot;}\">\n\t\t\t\t\t\t<div class=\"elementor-container elementor-column-gap-default\">\n\t\t\t\t\t<div class=\"elementor-column elementor-col-100 elementor-top-column elementor-element elementor-element-4047174\" data-id=\"4047174\" data-element_type=\"column\" data-e-type=\"column\">\n\t\t\t<div class=\"elementor-widget-wrap elementor-element-populated\">\n\t\t\t\t\t\t<div class=\"elementor-element elementor-element-555405b elementor-invisible elementor-widget elementor-widget-text-editor\" data-id=\"555405b\" data-element_type=\"widget\" data-e-type=\"widget\" data-settings=\"{&quot;_animation&quot;:&quot;fadeIn&quot;}\" data-widget_type=\"text-editor.default\">\n\t\t\t\t<div class=\"elementor-widget-container\">\n\t\t\t\t\t\t\t\t\t<p>APC add. FA 0.2%<\/p>\t\t\t\t\t\t\t\t<\/div>\n\t\t\t\t<\/div>\n\t\t\t\t<div class=\"elementor-element elementor-element-433b1ca elementor-invisible elementor-widget elementor-widget-heading\" data-id=\"433b1ca\" data-element_type=\"widget\" data-e-type=\"widget\" data-settings=\"{&quot;_animation&quot;:&quot;fadeIn&quot;,&quot;_animation_delay&quot;:200}\" data-widget_type=\"heading.default\">\n\t\t\t\t<div class=\"elementor-widget-container\">\n\t\t\t\t\t<h2 class=\"elementor-heading-title elementor-size-default\">Further information about the feed additive for piglets:<\/h2>\t\t\t\t<\/div>\n\t\t\t\t<\/div>\n\t\t\t\t<div class=\"elementor-element elementor-element-f1f787c elementor-widget__width-initial elementor-invisible elementor-widget elementor-widget-text-editor\" data-id=\"f1f787c\" data-element_type=\"widget\" data-e-type=\"widget\" data-settings=\"{&quot;_animation&quot;:&quot;fadeIn&quot;,&quot;_animation_delay&quot;:400}\" data-widget_type=\"text-editor.default\">\n\t\t\t\t<div class=\"elementor-widget-container\">\n\t\t\t\t\t\t\t\t\t<h3>Application recommendation<\/h3><p>\u00a0The recommended dosage of APC ADD FA 0.2% is 2 kg per 1,000 kg of finished feed. <strong>for raising piglets up to 30 kg<\/strong>. A special pre-starter should be used during the first two weeks after birth. Thanks to its design, the product is suitable for both manual and automatic feeding systems.<\/p><p>We or our sales partners are happy to assist you with advice and recipe optimization of the finished feed with APC FA 0.2%.<\/p><h3>Packaging &amp; Shelf Life<\/h3><p>APC add. FA 0.2 % is in<strong> 30 kg bag <\/strong>or<strong> Big Bag<\/strong> Available. When stored in a dry, cool place and in its original, unopened packaging, the shelf life is at least<strong> 6 months<\/strong>.<\/p>\t\t\t\t\t\t\t\t<\/div>\n\t\t\t\t<\/div>\n\t\t\t\t\t<\/div>\n\t\t<\/div>\n\t\t\t\t\t<\/div>\n\t\t<\/section>\n\t\t\t\t<section class=\"elementor-section elementor-top-section elementor-element elementor-element-185aaf3 elementor-section-boxed elementor-section-height-default elementor-section-height-default\" data-id=\"185aaf3\" data-element_type=\"section\" data-e-type=\"section\">\n\t\t\t\t\t\t<div class=\"elementor-container elementor-column-gap-default\">\n\t\t\t\t\t<div class=\"elementor-column elementor-col-100 elementor-top-column elementor-element elementor-element-38bb9a6 elementor-invisible\" data-id=\"38bb9a6\" data-element_type=\"column\" data-e-type=\"column\" data-settings=\"{&quot;background_background&quot;:&quot;classic&quot;,&quot;animation&quot;:&quot;fadeIn&quot;}\">\n\t\t\t<div class=\"elementor-widget-wrap elementor-element-populated\">\n\t\t\t\t\t<div class=\"elementor-background-overlay\"><\/div>\n\t\t\t\t\t\t<div class=\"elementor-element elementor-element-2b0fb5f elementor-widget__width-initial elementor-widget-mobile__width-initial elementor-invisible elementor-widget elementor-widget-heading\" data-id=\"2b0fb5f\" data-element_type=\"widget\" data-e-type=\"widget\" data-settings=\"{&quot;_animation&quot;:&quot;fadeIn&quot;,&quot;_animation_delay&quot;:200}\" data-widget_type=\"heading.default\">\n\t\t\t\t<div class=\"elementor-widget-container\">\n\t\t\t\t\t<h2 class=\"elementor-heading-title elementor-size-default\">Practical advice from APC Austria.<\/h2>\t\t\t\t<\/div>\n\t\t\t\t<\/div>\n\t\t\t\t<div class=\"elementor-element elementor-element-81deba8 elementor-invisible elementor-widget elementor-widget-text-editor\" data-id=\"81deba8\" data-element_type=\"widget\" data-e-type=\"widget\" data-settings=\"{&quot;_animation&quot;:&quot;fadeIn&quot;,&quot;_animation_delay&quot;:400}\" data-widget_type=\"text-editor.default\">\n\t\t\t\t<div class=\"elementor-widget-container\">\n\t\t\t\t\t\t\t\t\t<p>Developed since 1994 <strong>APC Austria<\/strong> In Ludersdorf, we offer natural feeding concepts for pigs, cattle, and poultry. APC add. FA 0.2% is field-tested, scientifically developed, and successfully used on many farms. We would be happy to create a customized formula and feeding plan for your operation.<\/p>\t\t\t\t\t\t\t\t<\/div>\n\t\t\t\t<\/div>\n\t\t\t\t<div class=\"elementor-element elementor-element-dce86ae elementor-widget__width-auto elementor-invisible elementor-widget elementor-widget-button\" data-id=\"dce86ae\" data-element_type=\"widget\" data-e-type=\"widget\" data-settings=\"{&quot;_animation&quot;:&quot;fadeIn&quot;,&quot;_animation_delay&quot;:600}\" data-widget_type=\"button.default\">\n\t\t\t\t<div class=\"elementor-widget-container\">\n\t\t\t\t\t\t\t\t\t<div class=\"elementor-button-wrapper\">\n\t\t\t\t\t<a class=\"elementor-button elementor-button-link elementor-size-sm\" href=\"https:\/\/apc-austria.com\/en\/contact\/\">\n\t\t\t\t\t\t<span class=\"elementor-button-content-wrapper\">\n\t\t\t\t\t\t\t\t\t<span class=\"elementor-button-text\">Contact us<\/span>\n\t\t\t\t\t<\/span>\n\t\t\t\t\t<\/a>\n\t\t\t\t<\/div>\n\t\t\t\t\t\t\t\t<\/div>\n\t\t\t\t<\/div>\n\t\t\t\t<div class=\"elementor-element elementor-element-ffa26f4 elementor-widget__width-auto elementor-invisible elementor-widget elementor-widget-button\" data-id=\"ffa26f4\" data-element_type=\"widget\" data-e-type=\"widget\" data-settings=\"{&quot;_animation&quot;:&quot;fadeIn&quot;,&quot;_animation_delay&quot;:700}\" data-widget_type=\"button.default\">\n\t\t\t\t<div class=\"elementor-widget-container\">\n\t\t\t\t\t\t\t\t\t<div class=\"elementor-button-wrapper\">\n\t\t\t\t\t<a class=\"elementor-button elementor-button-link elementor-size-sm\" href=\"mailto:apc@apc-austria.com\">\n\t\t\t\t\t\t<span class=\"elementor-button-content-wrapper\">\n\t\t\t\t\t\t\t\t\t<span class=\"elementor-button-text\">Inquire directly<\/span>\n\t\t\t\t\t<\/span>\n\t\t\t\t\t<\/a>\n\t\t\t\t<\/div>\n\t\t\t\t\t\t\t\t<\/div>\n\t\t\t\t<\/div>\n\t\t\t\t\t<\/div>\n\t\t<\/div>\n\t\t\t\t\t<\/div>\n\t\t<\/section>\n\t\t\t\t<\/div>","protected":false},"excerpt":{"rendered":"<p>APC-FUTTERKONZEPTE F\u00dcR 01 &#8211; Ferkel APC add. FA 0,2% Gesunde Entwicklung vom ersten Tag an Mit einem Prestarter werden die jungen Tiere vom ersten Tag an bei der Entwicklung der Verdauung unterst\u00fctzt. Dieser kann auch in die Torf Erde gemischt werden. Prestarter, Starter als auch Absetzfutter tragen dazu dabei, die Verdauung auszubilden, Leistungseinbu\u00dfen vorzubeugen und [&hellip;]<\/p>\n","protected":false},"author":2,"featured_media":0,"parent":0,"menu_order":0,"comment_status":"closed","ping_status":"closed","template":"","meta":{"footnotes":""},"class_list":["post-504","page","type-page","status-publish","hentry"],"yoast_head":"<!-- This site is optimized with the Yoast SEO plugin v27.1.1 - https:\/\/yoast.com\/product\/yoast-seo-wordpress\/ -->\n<title>APC add. FA 0,2% \u2013 Futterzusatz f\u00fcr Ferkelaufzucht<\/title>\n<meta name=\"description\" content=\"APC add. FA 0,2% unterst\u00fctzt Ferkel in der sensiblen Absetzphase mit verbesserter Verdauung, stabilerem Wachstum und st\u00e4rkeren Abwehrkr\u00e4ften.\" \/>\n<meta name=\"robots\" content=\"index, follow, max-snippet:-1, max-image-preview:large, max-video-preview:-1\" \/>\n<link rel=\"canonical\" href=\"https:\/\/apc-austria.com\/en\/apc-add-fa-feed-additive-for-piglet-rearing\/\" \/>\n<meta property=\"og:locale\" content=\"en_GB\" \/>\n<meta property=\"og:type\" content=\"article\" \/>\n<meta property=\"og:title\" content=\"APC add. FA 0,2% \u2013 Futterzusatz f\u00fcr Ferkelaufzucht\" \/>\n<meta property=\"og:description\" content=\"APC add. FA 0,2% unterst\u00fctzt Ferkel in der sensiblen Absetzphase mit verbesserter Verdauung, stabilerem Wachstum und st\u00e4rkeren Abwehrkr\u00e4ften.\" \/>\n<meta property=\"og:url\" content=\"https:\/\/apc-austria.com\/en\/apc-add-fa-feed-additive-for-piglet-rearing\/\" \/>\n<meta property=\"og:site_name\" content=\"apc-austria\" \/>\n<meta property=\"article:modified_time\" content=\"2025-11-14T08:48:27+00:00\" \/>\n<script type=\"application\/ld+json\" class=\"yoast-schema-graph\">{\"@context\":\"https:\/\/schema.org\",\"@graph\":[{\"@type\":\"WebPage\",\"@id\":\"https:\/\/apc-austria.com\/apc-add-fa-futterzusatz-fuer-ferkelaufzucht\/\",\"url\":\"https:\/\/apc-austria.com\/apc-add-fa-futterzusatz-fuer-ferkelaufzucht\/\",\"name\":\"APC add. FA 0,2% \u2013 Futterzusatz f\u00fcr Ferkelaufzucht\",\"isPartOf\":{\"@id\":\"https:\/\/apc-austria.com\/#website\"},\"datePublished\":\"2025-06-12T19:37:10+00:00\",\"dateModified\":\"2025-11-14T08:48:27+00:00\",\"description\":\"APC add. FA 0,2% unterst\u00fctzt Ferkel in der sensiblen Absetzphase mit verbesserter Verdauung, stabilerem Wachstum und st\u00e4rkeren Abwehrkr\u00e4ften.\",\"breadcrumb\":{\"@id\":\"https:\/\/apc-austria.com\/apc-add-fa-futterzusatz-fuer-ferkelaufzucht\/#breadcrumb\"},\"inLanguage\":\"en-GB\",\"potentialAction\":[{\"@type\":\"ReadAction\",\"target\":[\"https:\/\/apc-austria.com\/apc-add-fa-futterzusatz-fuer-ferkelaufzucht\/\"]}]},{\"@type\":\"BreadcrumbList\",\"@id\":\"https:\/\/apc-austria.com\/apc-add-fa-futterzusatz-fuer-ferkelaufzucht\/#breadcrumb\",\"itemListElement\":[{\"@type\":\"ListItem\",\"position\":1,\"name\":\"Home\",\"item\":\"https:\/\/apc-austria.com\/\"},{\"@type\":\"ListItem\",\"position\":2,\"name\":\"Ferkel\"}]},{\"@type\":\"WebSite\",\"@id\":\"https:\/\/apc-austria.com\/#website\",\"url\":\"https:\/\/apc-austria.com\/\",\"name\":\"apc-austria\",\"description\":\"\",\"publisher\":{\"@id\":\"https:\/\/apc-austria.com\/#organization\"},\"potentialAction\":[{\"@type\":\"SearchAction\",\"target\":{\"@type\":\"EntryPoint\",\"urlTemplate\":\"https:\/\/apc-austria.com\/?s={search_term_string}\"},\"query-input\":{\"@type\":\"PropertyValueSpecification\",\"valueRequired\":true,\"valueName\":\"search_term_string\"}}],\"inLanguage\":\"en-GB\"},{\"@type\":\"Organization\",\"@id\":\"https:\/\/apc-austria.com\/#organization\",\"name\":\"apc-austria\",\"url\":\"https:\/\/apc-austria.com\/\",\"logo\":{\"@type\":\"ImageObject\",\"inLanguage\":\"en-GB\",\"@id\":\"https:\/\/apc-austria.com\/#\/schema\/logo\/image\/\",\"url\":\"https:\/\/apc-austria.com\/wp-content\/uploads\/2024\/08\/header_schwein.png\",\"contentUrl\":\"https:\/\/apc-austria.com\/wp-content\/uploads\/2024\/08\/header_schwein.png\",\"width\":139,\"height\":66,\"caption\":\"apc-austria\"},\"image\":{\"@id\":\"https:\/\/apc-austria.com\/#\/schema\/logo\/image\/\"}}]}<\/script>\n<!-- \/ Yoast SEO plugin. -->","yoast_head_json":{"title":"APC add. FA 0.2% \u2013 Feed additive for piglet rearing","description":"APC add. FA 0.2% supports piglets in the sensitive weaning phase with improved digestion, more stable growth and stronger immune systems.","robots":{"index":"index","follow":"follow","max-snippet":"max-snippet:-1","max-image-preview":"max-image-preview:large","max-video-preview":"max-video-preview:-1"},"canonical":"https:\/\/apc-austria.com\/en\/apc-add-fa-feed-additive-for-piglet-rearing\/","og_locale":"en_GB","og_type":"article","og_title":"APC add. FA 0,2% \u2013 Futterzusatz f\u00fcr Ferkelaufzucht","og_description":"APC add. FA 0,2% unterst\u00fctzt Ferkel in der sensiblen Absetzphase mit verbesserter Verdauung, stabilerem Wachstum und st\u00e4rkeren Abwehrkr\u00e4ften.","og_url":"https:\/\/apc-austria.com\/en\/apc-add-fa-feed-additive-for-piglet-rearing\/","og_site_name":"apc-austria","article_modified_time":"2025-11-14T08:48:27+00:00","schema":{"@context":"https:\/\/schema.org","@graph":[{"@type":"WebPage","@id":"https:\/\/apc-austria.com\/apc-add-fa-futterzusatz-fuer-ferkelaufzucht\/","url":"https:\/\/apc-austria.com\/apc-add-fa-futterzusatz-fuer-ferkelaufzucht\/","name":"APC add. FA 0.2% \u2013 Feed additive for piglet rearing","isPartOf":{"@id":"https:\/\/apc-austria.com\/#website"},"datePublished":"2025-06-12T19:37:10+00:00","dateModified":"2025-11-14T08:48:27+00:00","description":"APC add. FA 0.2% supports piglets in the sensitive weaning phase with improved digestion, more stable growth and stronger immune systems.","breadcrumb":{"@id":"https:\/\/apc-austria.com\/apc-add-fa-futterzusatz-fuer-ferkelaufzucht\/#breadcrumb"},"inLanguage":"en-GB","potentialAction":[{"@type":"ReadAction","target":["https:\/\/apc-austria.com\/apc-add-fa-futterzusatz-fuer-ferkelaufzucht\/"]}]},{"@type":"BreadcrumbList","@id":"https:\/\/apc-austria.com\/apc-add-fa-futterzusatz-fuer-ferkelaufzucht\/#breadcrumb","itemListElement":[{"@type":"ListItem","position":1,"name":"Home","item":"https:\/\/apc-austria.com\/"},{"@type":"ListItem","position":2,"name":"Ferkel"}]},{"@type":"WebSite","@id":"https:\/\/apc-austria.com\/#website","url":"https:\/\/apc-austria.com\/","name":"apc-austria","description":"","publisher":{"@id":"https:\/\/apc-austria.com\/#organization"},"potentialAction":[{"@type":"SearchAction","target":{"@type":"EntryPoint","urlTemplate":"https:\/\/apc-austria.com\/?s={search_term_string}"},"query-input":{"@type":"PropertyValueSpecification","valueRequired":true,"valueName":"search_term_string"}}],"inLanguage":"en-GB"},{"@type":"Organization","@id":"https:\/\/apc-austria.com\/#organization","name":"apc-austria","url":"https:\/\/apc-austria.com\/","logo":{"@type":"ImageObject","inLanguage":"en-GB","@id":"https:\/\/apc-austria.com\/#\/schema\/logo\/image\/","url":"https:\/\/apc-austria.com\/wp-content\/uploads\/2024\/08\/header_schwein.png","contentUrl":"https:\/\/apc-austria.com\/wp-content\/uploads\/2024\/08\/header_schwein.png","width":139,"height":66,"caption":"apc-austria"},"image":{"@id":"https:\/\/apc-austria.com\/#\/schema\/logo\/image\/"}}]}},"_links":{"self":[{"href":"https:\/\/apc-austria.com\/en\/wp-json\/wp\/v2\/pages\/504","targetHints":{"allow":["GET"]}}],"collection":[{"href":"https:\/\/apc-austria.com\/en\/wp-json\/wp\/v2\/pages"}],"about":[{"href":"https:\/\/apc-austria.com\/en\/wp-json\/wp\/v2\/types\/page"}],"author":[{"embeddable":true,"href":"https:\/\/apc-austria.com\/en\/wp-json\/wp\/v2\/users\/2"}],"replies":[{"embeddable":true,"href":"https:\/\/apc-austria.com\/en\/wp-json\/wp\/v2\/comments?post=504"}],"version-history":[{"count":40,"href":"https:\/\/apc-austria.com\/en\/wp-json\/wp\/v2\/pages\/504\/revisions"}],"predecessor-version":[{"id":1353,"href":"https:\/\/apc-austria.com\/en\/wp-json\/wp\/v2\/pages\/504\/revisions\/1353"}],"wp:attachment":[{"href":"https:\/\/apc-austria.com\/en\/wp-json\/wp\/v2\/media?parent=504"}],"curies":[{"name":"wp","href":"https:\/\/api.w.org\/{rel}","templated":true}]}}