{"id":698,"date":"2025-09-02T07:31:07","date_gmt":"2025-09-02T07:31:07","guid":{"rendered":"http:\/\/neu-2025.apc-austria.com\/?page_id=698"},"modified":"2025-11-14T09:17:38","modified_gmt":"2025-11-14T09:17:38","slug":"imprint","status":"publish","type":"page","link":"https:\/\/apc-austria.com\/en\/impressum\/","title":{"rendered":"imprint"},"content":{"rendered":"<div data-elementor-type=\"wp-page\" data-elementor-id=\"698\" class=\"elementor elementor-698\">\n\t\t\t\t\t\t<section class=\"elementor-section elementor-top-section elementor-element elementor-element-02917e7 elementor-section-height-min-height elementor-section-boxed elementor-section-height-default elementor-section-items-middle\" data-id=\"02917e7\" data-element_type=\"section\" data-e-type=\"section\" data-settings=\"{&quot;background_background&quot;:&quot;classic&quot;}\">\n\t\t\t\t\t\t\t<div class=\"elementor-background-overlay\"><\/div>\n\t\t\t\t\t\t\t<div class=\"elementor-container elementor-column-gap-default\">\n\t\t\t\t\t<div class=\"elementor-column elementor-col-100 elementor-top-column elementor-element elementor-element-6bd4689\" data-id=\"6bd4689\" data-element_type=\"column\" data-e-type=\"column\">\n\t\t\t<div class=\"elementor-widget-wrap elementor-element-populated\">\n\t\t\t\t\t\t<div class=\"elementor-element elementor-element-c7acdd5 elementor-invisible elementor-widget elementor-widget-heading\" data-id=\"c7acdd5\" data-element_type=\"widget\" data-e-type=\"widget\" data-settings=\"{&quot;_animation&quot;:&quot;fadeIn&quot;}\" data-widget_type=\"heading.default\">\n\t\t\t\t<div class=\"elementor-widget-container\">\n\t\t\t\t\t<h2 class=\"elementor-heading-title elementor-size-default\">Legal notice of APC Austria<\/h2>\t\t\t\t<\/div>\n\t\t\t\t<\/div>\n\t\t\t\t\t<\/div>\n\t\t<\/div>\n\t\t\t\t\t<\/div>\n\t\t<\/section>\n\t\t\t\t<section class=\"elementor-section elementor-top-section elementor-element elementor-element-ba9df9c elementor-reverse-mobile elementor-section-boxed elementor-section-height-default elementor-section-height-default\" data-id=\"ba9df9c\" data-element_type=\"section\" data-e-type=\"section\">\n\t\t\t\t\t\t\t<div class=\"elementor-background-overlay\"><\/div>\n\t\t\t\t\t\t\t<div class=\"elementor-container elementor-column-gap-default\">\n\t\t\t\t\t<div class=\"elementor-column elementor-col-100 elementor-top-column elementor-element elementor-element-71d93ca\" data-id=\"71d93ca\" data-element_type=\"column\" data-e-type=\"column\">\n\t\t\t<div class=\"elementor-widget-wrap elementor-element-populated\">\n\t\t\t\t\t\t<div class=\"elementor-element elementor-element-832bac9 elementor-widget elementor-widget-heading\" data-id=\"832bac9\" data-element_type=\"widget\" data-e-type=\"widget\" data-widget_type=\"heading.default\">\n\t\t\t\t<div class=\"elementor-widget-container\">\n\t\t\t\t\t<h2 class=\"elementor-heading-title elementor-size-default\">Agrar Produktion Consulting GesmbH<\/h2>\t\t\t\t<\/div>\n\t\t\t\t<\/div>\n\t\t\t\t<div class=\"elementor-element elementor-element-621bc12 elementor-widget elementor-widget-text-editor\" data-id=\"621bc12\" data-element_type=\"widget\" data-e-type=\"widget\" data-widget_type=\"text-editor.default\">\n\t\t\t\t<div class=\"elementor-widget-container\">\n\t\t\t\t\t\t\t\t\t<p>Ludersdorf 183, A-8200 Gleisdorf<br \/>0043 (0) 3112\/ 75 20<br \/>apc@apc-austria.com<\/p><p><strong>Business purpose<\/strong><br \/>Production and sale of feed additives.<\/p><p><strong>VAT number<\/strong><br \/>ATU38081703<\/p><p><strong>Company registration number<\/strong><br \/>FN 114741m<\/p><p><strong>Commercial Register Court<\/strong><br \/>Regional Court for Civil Matters Graz<\/p><p><strong>Supervisory authority:<\/strong> <br \/>BH Gleisdorf<\/p><p><strong>Responsible chamber:<\/strong> <br \/>Styrian Chamber of Commerce<\/p><p><strong>Trade Regulations:<\/strong><br \/><a href=\"http:\/\/www.ris.bka.gv.at\">www.ris.bka.gv.at<\/a><\/p><p>Image rights:<br \/><a href=\"https:\/\/stock.adobe.com\/at\/\">Images from Adobe Stock<\/a><\/p><p><strong>Disclaimer<\/strong><\/p><p><strong>Dispute resolution<\/strong><\/p><p>We are neither willing nor obligated to participate in dispute resolution proceedings before a consumer arbitration board.<\/p><p><strong>Liability for content<\/strong><\/p><p>As a service provider, we are responsible for our own content on these pages in accordance with general law (ECG). However, according to Sections 13 to 17 of the ECG, we are not obligated as a service provider to monitor transmitted or stored third-party information or to investigate circumstances that indicate illegal activity.<\/p><p>Obligations to remove or block the use of information under general law remain unaffected. However, liability in this respect is only possible from the point at which we become aware of a specific legal infringement. Upon becoming aware of such legal infringements, we will remove the content in question immediately.<\/p><p><strong>Liability for links<\/strong><\/p><p>Our website contains links to external websites of third parties, over whose content we have no influence. Therefore, we cannot be held responsible for this external content.<br \/>We assume no liability. The respective provider or operator of the linked pages is always responsible for their content. The linked pages were checked for possible legal violations at the time the links were created. No illegal content was found at that time.<\/p><p>However, continuously monitoring the content of linked pages is unreasonable without concrete evidence of a legal violation. Upon becoming aware of any legal violations, we will remove such links immediately.<\/p><p><strong>copyright<\/strong><\/p><p>The content and works created by the website operators on these pages are subject to copyright. Reproduction, processing, distribution, and any form of exploitation beyond the limits of copyright law require the written consent of the respective author or creator. Downloads and copies of this page are permitted only for private, non-commercial use.<\/p><p>Where content on this site has not been created by the operator, the copyrights of third parties are respected. Should you nevertheless become aware of a copyright infringement, please notify us accordingly. Upon notification of any legal violations, we will remove such content immediately.<\/p><p>Source: <a href=\"http:\/\/erecht24.de\">erecht24.de<\/a><\/p>\t\t\t\t\t\t\t\t<\/div>\n\t\t\t\t<\/div>\n\t\t\t\t\t<\/div>\n\t\t<\/div>\n\t\t\t\t\t<\/div>\n\t\t<\/section>\n\t\t\t\t<\/div>","protected":false},"excerpt":{"rendered":"<p>Impressum von APC Austria Agrar Produktion Consulting GesmbH Ludersdorf 183, A-8200 Gleisdorf0043 (0) 3112\/ 75 20apc@apc-austria.com UnternehmensgegenstandErzeugung und Verkauf von Futtermittelzus\u00e4tzen. UID-NummerATU38081703 FirmenbuchnummerFN 114741m FirmenbuchgerichtLandesgericht f\u00fcr ZRS Graz Aufsichtsbeh\u00f6rde: BH Gleisdorf Zust\u00e4ndige Kammer: WKO Steiermark Gewerbeordnung:www.ris.bka.gv.at Bildrechte:Bilder von Adobe Stock Haftungsausschluss (Disclaimer) Streitschlichtung Wir sind nicht bereit oder verpflichtet, an Streitbeilegungsverfahren vor einer Verbraucherschlichtungsstelle teilzunehmen. [&hellip;]<\/p>\n","protected":false},"author":2,"featured_media":0,"parent":0,"menu_order":0,"comment_status":"closed","ping_status":"closed","template":"","meta":{"footnotes":""},"class_list":["post-698","page","type-page","status-publish","hentry"],"yoast_head":"<!-- This site is optimized with the Yoast SEO plugin v27.1.1 - https:\/\/yoast.com\/product\/yoast-seo-wordpress\/ -->\n<title>Impressum von APC Austria \u2013 Unternehmen &amp; Kontakt<\/title>\n<meta name=\"description\" content=\"Impressum mit Firmenangaben, Adresse und Kontaktdaten von APC Austria \u2013 Transparenz &amp; gesetzliche Informationen.\" \/>\n<meta name=\"robots\" content=\"index, follow, max-snippet:-1, max-image-preview:large, max-video-preview:-1\" \/>\n<link rel=\"canonical\" href=\"https:\/\/apc-austria.com\/en\/imprint\/\" \/>\n<meta property=\"og:locale\" content=\"en_GB\" \/>\n<meta property=\"og:type\" content=\"article\" \/>\n<meta property=\"og:title\" content=\"Impressum von APC Austria \u2013 Unternehmen &amp; Kontakt\" \/>\n<meta property=\"og:description\" content=\"Impressum mit Firmenangaben, Adresse und Kontaktdaten von APC Austria \u2013 Transparenz &amp; gesetzliche Informationen.\" \/>\n<meta property=\"og:url\" content=\"https:\/\/apc-austria.com\/en\/imprint\/\" \/>\n<meta property=\"og:site_name\" content=\"apc-austria\" \/>\n<meta property=\"article:modified_time\" content=\"2025-11-14T09:17:38+00:00\" \/>\n<script type=\"application\/ld+json\" class=\"yoast-schema-graph\">{\"@context\":\"https:\/\/schema.org\",\"@graph\":[{\"@type\":\"WebPage\",\"@id\":\"https:\/\/apc-austria.com\/impressum\/\",\"url\":\"https:\/\/apc-austria.com\/impressum\/\",\"name\":\"Impressum von APC Austria \u2013 Unternehmen & Kontakt\",\"isPartOf\":{\"@id\":\"https:\/\/apc-austria.com\/#website\"},\"datePublished\":\"2025-09-02T07:31:07+00:00\",\"dateModified\":\"2025-11-14T09:17:38+00:00\",\"description\":\"Impressum mit Firmenangaben, Adresse und Kontaktdaten von APC Austria \u2013 Transparenz & gesetzliche Informationen.\",\"breadcrumb\":{\"@id\":\"https:\/\/apc-austria.com\/impressum\/#breadcrumb\"},\"inLanguage\":\"en-GB\",\"potentialAction\":[{\"@type\":\"ReadAction\",\"target\":[\"https:\/\/apc-austria.com\/impressum\/\"]}]},{\"@type\":\"BreadcrumbList\",\"@id\":\"https:\/\/apc-austria.com\/impressum\/#breadcrumb\",\"itemListElement\":[{\"@type\":\"ListItem\",\"position\":1,\"name\":\"Home\",\"item\":\"https:\/\/apc-austria.com\/\"},{\"@type\":\"ListItem\",\"position\":2,\"name\":\"Impressum\"}]},{\"@type\":\"WebSite\",\"@id\":\"https:\/\/apc-austria.com\/#website\",\"url\":\"https:\/\/apc-austria.com\/\",\"name\":\"apc-austria\",\"description\":\"\",\"publisher\":{\"@id\":\"https:\/\/apc-austria.com\/#organization\"},\"potentialAction\":[{\"@type\":\"SearchAction\",\"target\":{\"@type\":\"EntryPoint\",\"urlTemplate\":\"https:\/\/apc-austria.com\/?s={search_term_string}\"},\"query-input\":{\"@type\":\"PropertyValueSpecification\",\"valueRequired\":true,\"valueName\":\"search_term_string\"}}],\"inLanguage\":\"en-GB\"},{\"@type\":\"Organization\",\"@id\":\"https:\/\/apc-austria.com\/#organization\",\"name\":\"apc-austria\",\"url\":\"https:\/\/apc-austria.com\/\",\"logo\":{\"@type\":\"ImageObject\",\"inLanguage\":\"en-GB\",\"@id\":\"https:\/\/apc-austria.com\/#\/schema\/logo\/image\/\",\"url\":\"https:\/\/apc-austria.com\/wp-content\/uploads\/2024\/08\/header_schwein.png\",\"contentUrl\":\"https:\/\/apc-austria.com\/wp-content\/uploads\/2024\/08\/header_schwein.png\",\"width\":139,\"height\":66,\"caption\":\"apc-austria\"},\"image\":{\"@id\":\"https:\/\/apc-austria.com\/#\/schema\/logo\/image\/\"}}]}<\/script>\n<!-- \/ Yoast SEO plugin. -->","yoast_head_json":{"title":"Legal notice of APC Austria \u2013 Company &amp; Contact","description":"Legal notice with company details, address and contact details of APC Austria \u2013 Transparency &amp; legal information.","robots":{"index":"index","follow":"follow","max-snippet":"max-snippet:-1","max-image-preview":"max-image-preview:large","max-video-preview":"max-video-preview:-1"},"canonical":"https:\/\/apc-austria.com\/en\/imprint\/","og_locale":"en_GB","og_type":"article","og_title":"Impressum von APC Austria \u2013 Unternehmen & Kontakt","og_description":"Impressum mit Firmenangaben, Adresse und Kontaktdaten von APC Austria \u2013 Transparenz & gesetzliche Informationen.","og_url":"https:\/\/apc-austria.com\/en\/imprint\/","og_site_name":"apc-austria","article_modified_time":"2025-11-14T09:17:38+00:00","schema":{"@context":"https:\/\/schema.org","@graph":[{"@type":"WebPage","@id":"https:\/\/apc-austria.com\/impressum\/","url":"https:\/\/apc-austria.com\/impressum\/","name":"Legal notice of APC Austria \u2013 Company &amp; Contact","isPartOf":{"@id":"https:\/\/apc-austria.com\/#website"},"datePublished":"2025-09-02T07:31:07+00:00","dateModified":"2025-11-14T09:17:38+00:00","description":"Legal notice with company details, address and contact details of APC Austria \u2013 Transparency &amp; legal information.","breadcrumb":{"@id":"https:\/\/apc-austria.com\/impressum\/#breadcrumb"},"inLanguage":"en-GB","potentialAction":[{"@type":"ReadAction","target":["https:\/\/apc-austria.com\/impressum\/"]}]},{"@type":"BreadcrumbList","@id":"https:\/\/apc-austria.com\/impressum\/#breadcrumb","itemListElement":[{"@type":"ListItem","position":1,"name":"Home","item":"https:\/\/apc-austria.com\/"},{"@type":"ListItem","position":2,"name":"Impressum"}]},{"@type":"WebSite","@id":"https:\/\/apc-austria.com\/#website","url":"https:\/\/apc-austria.com\/","name":"apc-austria","description":"","publisher":{"@id":"https:\/\/apc-austria.com\/#organization"},"potentialAction":[{"@type":"SearchAction","target":{"@type":"EntryPoint","urlTemplate":"https:\/\/apc-austria.com\/?s={search_term_string}"},"query-input":{"@type":"PropertyValueSpecification","valueRequired":true,"valueName":"search_term_string"}}],"inLanguage":"en-GB"},{"@type":"Organization","@id":"https:\/\/apc-austria.com\/#organization","name":"apc-austria","url":"https:\/\/apc-austria.com\/","logo":{"@type":"ImageObject","inLanguage":"en-GB","@id":"https:\/\/apc-austria.com\/#\/schema\/logo\/image\/","url":"https:\/\/apc-austria.com\/wp-content\/uploads\/2024\/08\/header_schwein.png","contentUrl":"https:\/\/apc-austria.com\/wp-content\/uploads\/2024\/08\/header_schwein.png","width":139,"height":66,"caption":"apc-austria"},"image":{"@id":"https:\/\/apc-austria.com\/#\/schema\/logo\/image\/"}}]}},"_links":{"self":[{"href":"https:\/\/apc-austria.com\/en\/wp-json\/wp\/v2\/pages\/698","targetHints":{"allow":["GET"]}}],"collection":[{"href":"https:\/\/apc-austria.com\/en\/wp-json\/wp\/v2\/pages"}],"about":[{"href":"https:\/\/apc-austria.com\/en\/wp-json\/wp\/v2\/types\/page"}],"author":[{"embeddable":true,"href":"https:\/\/apc-austria.com\/en\/wp-json\/wp\/v2\/users\/2"}],"replies":[{"embeddable":true,"href":"https:\/\/apc-austria.com\/en\/wp-json\/wp\/v2\/comments?post=698"}],"version-history":[{"count":17,"href":"https:\/\/apc-austria.com\/en\/wp-json\/wp\/v2\/pages\/698\/revisions"}],"predecessor-version":[{"id":1391,"href":"https:\/\/apc-austria.com\/en\/wp-json\/wp\/v2\/pages\/698\/revisions\/1391"}],"wp:attachment":[{"href":"https:\/\/apc-austria.com\/en\/wp-json\/wp\/v2\/media?parent=698"}],"curies":[{"name":"wp","href":"https:\/\/api.w.org\/{rel}","templated":true}]}}