{"id":527,"date":"2025-06-12T20:27:40","date_gmt":"2025-06-12T20:27:40","guid":{"rendered":"http:\/\/neu-2025.apc-austria.com\/?page_id=527"},"modified":"2025-11-14T08:53:12","modified_gmt":"2025-11-14T08:53:12","slug":"additif-alimentaire-pour-porcs","status":"publish","type":"page","link":"https:\/\/apc-austria.com\/fr\/futterzusatz-schweine\/","title":{"rendered":"Additif alimentaire pour porcs"},"content":{"rendered":"<div data-elementor-type=\"wp-page\" data-elementor-id=\"527\" class=\"elementor elementor-527\">\n\t\t\t\t\t\t<section class=\"elementor-section elementor-top-section elementor-element elementor-element-af507e6 elementor-section-height-min-height elementor-section-boxed elementor-section-height-default elementor-section-items-middle\" data-id=\"af507e6\" data-element_type=\"section\" data-e-type=\"section\" data-settings=\"{&quot;background_background&quot;:&quot;classic&quot;}\">\n\t\t\t\t\t\t\t<div class=\"elementor-background-overlay\"><\/div>\n\t\t\t\t\t\t\t<div class=\"elementor-container elementor-column-gap-default\">\n\t\t\t\t\t<div class=\"elementor-column elementor-col-100 elementor-top-column elementor-element elementor-element-d3f3a9e\" data-id=\"d3f3a9e\" data-element_type=\"column\" data-e-type=\"column\">\n\t\t\t<div class=\"elementor-widget-wrap elementor-element-populated\">\n\t\t\t\t\t\t<div class=\"elementor-element elementor-element-52b8ce5 elementor-invisible elementor-widget elementor-widget-text-editor\" data-id=\"52b8ce5\" data-element_type=\"widget\" data-e-type=\"widget\" data-settings=\"{&quot;_animation&quot;:&quot;fadeIn&quot;}\" data-widget_type=\"text-editor.default\">\n\t\t\t\t<div class=\"elementor-widget-container\">\n\t\t\t\t\t\t\t\t\t<p>Concepts d&#039;alimentation APC pour<\/p>\t\t\t\t\t\t\t\t<\/div>\n\t\t\t\t<\/div>\n\t\t\t\t<div class=\"elementor-element elementor-element-2d5d175 produkt-titel elementor-invisible elementor-widget elementor-widget-heading\" data-id=\"2d5d175\" data-element_type=\"widget\" data-e-type=\"widget\" data-settings=\"{&quot;_animation&quot;:&quot;fadeIn&quot;}\" data-widget_type=\"heading.default\">\n\t\t\t\t<div class=\"elementor-widget-container\">\n\t\t\t\t\t<p class=\"elementor-heading-title elementor-size-default\">04 - Cochons<\/p>\t\t\t\t<\/div>\n\t\t\t\t<\/div>\n\t\t\t\t\t<\/div>\n\t\t<\/div>\n\t\t\t\t\t<\/div>\n\t\t<\/section>\n\t\t\t\t<section class=\"elementor-section elementor-top-section elementor-element elementor-element-e75d71f elementor-section-boxed elementor-section-height-default elementor-section-height-default\" data-id=\"e75d71f\" data-element_type=\"section\" data-e-type=\"section\" data-settings=\"{&quot;background_background&quot;:&quot;classic&quot;}\">\n\t\t\t\t\t\t<div class=\"elementor-container elementor-column-gap-default\">\n\t\t\t\t\t<div class=\"elementor-column elementor-col-100 elementor-top-column elementor-element elementor-element-4f1d6b3\" data-id=\"4f1d6b3\" data-element_type=\"column\" data-e-type=\"column\">\n\t\t\t<div class=\"elementor-widget-wrap elementor-element-populated\">\n\t\t\t\t\t\t<div class=\"elementor-element elementor-element-2656071 elementor-invisible elementor-widget elementor-widget-text-editor\" data-id=\"2656071\" data-element_type=\"widget\" data-e-type=\"widget\" data-settings=\"{&quot;_animation&quot;:&quot;fadeIn&quot;}\" data-widget_type=\"text-editor.default\">\n\t\t\t\t<div class=\"elementor-widget-container\">\n\t\t\t\t\t\t\t\t\t<p>APC ajoute SPC 0,2%<\/p>\t\t\t\t\t\t\t\t<\/div>\n\t\t\t\t<\/div>\n\t\t\t\t<div class=\"elementor-element elementor-element-59db6c6 elementor-invisible elementor-widget elementor-widget-heading\" data-id=\"59db6c6\" data-element_type=\"widget\" data-e-type=\"widget\" data-settings=\"{&quot;_animation&quot;:&quot;fadeIn&quot;,&quot;_animation_delay&quot;:200}\" data-widget_type=\"heading.default\">\n\t\t\t\t<div class=\"elementor-widget-container\">\n\t\t\t\t\t<h1 class=\"elementor-heading-title elementor-size-default\">Un module compl\u00e9mentaire pour chaque phase \u2013 flexible et efficace<\/h1>\t\t\t\t<\/div>\n\t\t\t\t<\/div>\n\t\t\t\t<div class=\"elementor-element elementor-element-d4142f5 elementor-invisible elementor-widget elementor-widget-text-editor\" data-id=\"d4142f5\" data-element_type=\"widget\" data-e-type=\"widget\" data-settings=\"{&quot;_animation&quot;:&quot;fadeIn&quot;,&quot;_animation_delay&quot;:400}\" data-widget_type=\"text-editor.default\">\n\t\t\t\t<div class=\"elementor-widget-container\">\n\t\t\t\t\t\t\t\t\t<p>En \u00e9levage porcin, les besoins varient selon le stade de vie des animaux. Du porcelet sevr\u00e9 \u00e0 la jeune truie puis au porc \u00e0 l&#039;engraissement, la digestion, le syst\u00e8me immunitaire et le m\u00e9tabolisme sont soumis \u00e0 des contraintes diff\u00e9rentes. Les changements d&#039;alimentation, les d\u00e9placements de troupeaux ou les p\u00e9riodes de forte activit\u00e9 repr\u00e9sentent autant de d\u00e9fis pour l&#039;organisme. <strong>APC ajoute SPC 0,2%<\/strong> est un additif alimentaire universel pour tous les groupes de porcs, qui contribue naturellement \u00e0 stabiliser la digestion, \u00e0 am\u00e9liorer la consommation d&#039;aliments et \u00e0 soutenir le m\u00e9tabolisme.<br \/>Cette application est possible aussi bien dans les syst\u00e8mes conventionnels que dans les syst\u00e8mes ax\u00e9s sur le bien-\u00eatre animal et offre \u00e0 l&#039;agriculteur un outil pratique pour assurer la ration journali\u00e8re.<\/p>\t\t\t\t\t\t\t\t<\/div>\n\t\t\t\t<\/div>\n\t\t\t\t\t<\/div>\n\t\t<\/div>\n\t\t\t\t\t<\/div>\n\t\t<\/section>\n\t\t\t\t<section class=\"elementor-section elementor-top-section elementor-element elementor-element-c0cfc10 elementor-section-boxed elementor-section-height-default elementor-section-height-default\" data-id=\"c0cfc10\" data-element_type=\"section\" data-e-type=\"section\" data-settings=\"{&quot;background_background&quot;:&quot;classic&quot;}\">\n\t\t\t\t\t\t\t<div class=\"elementor-background-overlay\"><\/div>\n\t\t\t\t\t\t\t<div class=\"elementor-container elementor-column-gap-default\">\n\t\t\t\t\t<div class=\"elementor-column elementor-col-50 elementor-top-column elementor-element elementor-element-8a1d8bb\" data-id=\"8a1d8bb\" data-element_type=\"column\" data-e-type=\"column\" data-settings=\"{&quot;background_background&quot;:&quot;classic&quot;}\">\n\t\t\t<div class=\"elementor-widget-wrap elementor-element-populated\">\n\t\t\t\t\t\t<div class=\"elementor-element elementor-element-b26a4df elementor-widget elementor-widget-spacer\" data-id=\"b26a4df\" data-element_type=\"widget\" data-e-type=\"widget\" data-widget_type=\"spacer.default\">\n\t\t\t\t<div class=\"elementor-widget-container\">\n\t\t\t\t\t\t\t<div class=\"elementor-spacer\">\n\t\t\t<div class=\"elementor-spacer-inner\"><\/div>\n\t\t<\/div>\n\t\t\t\t\t\t<\/div>\n\t\t\t\t<\/div>\n\t\t\t\t\t<\/div>\n\t\t<\/div>\n\t\t\t\t<div class=\"elementor-column elementor-col-50 elementor-top-column elementor-element elementor-element-d19af1d\" data-id=\"d19af1d\" data-element_type=\"column\" data-e-type=\"column\">\n\t\t\t<div class=\"elementor-widget-wrap elementor-element-populated\">\n\t\t\t\t\t\t<div class=\"elementor-element elementor-element-9a76a1f elementor-invisible elementor-widget elementor-widget-text-editor\" data-id=\"9a76a1f\" data-element_type=\"widget\" data-e-type=\"widget\" data-settings=\"{&quot;_animation&quot;:&quot;fadeIn&quot;}\" data-widget_type=\"text-editor.default\">\n\t\t\t\t<div class=\"elementor-widget-container\">\n\t\t\t\t\t\t\t\t\t<p>Durabilit\u00e9 et recherche :<\/p>\t\t\t\t\t\t\t\t<\/div>\n\t\t\t\t<\/div>\n\t\t\t\t<div class=\"elementor-element elementor-element-6dd09a4 elementor-invisible elementor-widget elementor-widget-heading\" data-id=\"6dd09a4\" data-element_type=\"widget\" data-e-type=\"widget\" data-settings=\"{&quot;_animation&quot;:&quot;fadeIn&quot;,&quot;_animation_delay&quot;:200}\" data-widget_type=\"heading.default\">\n\t\t\t\t<div class=\"elementor-widget-container\">\n\t\t\t\t\t<h2 class=\"elementor-heading-title elementor-size-default\">Formule naturelle aux effets vari\u00e9s<\/h2>\t\t\t\t<\/div>\n\t\t\t\t<\/div>\n\t\t\t\t<div class=\"elementor-element elementor-element-5c050d5 elementor-invisible elementor-widget elementor-widget-text-editor\" data-id=\"5c050d5\" data-element_type=\"widget\" data-e-type=\"widget\" data-settings=\"{&quot;_animation&quot;:&quot;fadeIn&quot;,&quot;_animation_delay&quot;:400}\" data-widget_type=\"text-editor.default\">\n\t\t\t\t<div class=\"elementor-widget-container\">\n\t\t\t\t\t\t\t\t\t<p><strong>APC ajoute SPC 0,2%<\/strong> Cette formule associe des min\u00e9raux argileux activ\u00e9s physiquement, des herbes finement broy\u00e9es, des huiles essentielles et des oligo-\u00e9l\u00e9ments s\u00e9lectionn\u00e9s dans des proportions \u00e9quilibr\u00e9es. Le traitement physique des principes actifs am\u00e9liore la surface de l&#039;intestin gr\u00eale, optimisant ainsi l&#039;absorption des nutriments. La formule est adapt\u00e9e \u00e0 l&#039;\u00e2ge des animaux.<\/p><p>De plus, ce produit peut contribuer \u00e0 am\u00e9liorer la qualit\u00e9 du fumier et \u00e0 r\u00e9duire les \u00e9missions, ce qui \u00e0 long terme pr\u00e9serve l&#039;environnement et contribue \u00e0 une meilleure sant\u00e9 des travailleurs de l&#039;\u00e9table.<\/p>\t\t\t\t\t\t\t\t<\/div>\n\t\t\t\t<\/div>\n\t\t\t\t\t<\/div>\n\t\t<\/div>\n\t\t\t\t\t<\/div>\n\t\t<\/section>\n\t\t\t\t<section class=\"elementor-section elementor-top-section elementor-element elementor-element-ef1bb06 elementor-section-boxed elementor-section-height-default elementor-section-height-default\" data-id=\"ef1bb06\" data-element_type=\"section\" data-e-type=\"section\" data-settings=\"{&quot;background_background&quot;:&quot;classic&quot;}\">\n\t\t\t\t\t\t<div class=\"elementor-container elementor-column-gap-default\">\n\t\t\t\t\t<div class=\"elementor-column elementor-col-100 elementor-top-column elementor-element elementor-element-7f3fee2\" data-id=\"7f3fee2\" data-element_type=\"column\" data-e-type=\"column\">\n\t\t\t<div class=\"elementor-widget-wrap elementor-element-populated\">\n\t\t\t\t\t\t<div class=\"elementor-element elementor-element-56c4038 elementor-invisible elementor-widget elementor-widget-text-editor\" data-id=\"56c4038\" data-element_type=\"widget\" data-e-type=\"widget\" data-settings=\"{&quot;_animation&quot;:&quot;fadeIn&quot;}\" data-widget_type=\"text-editor.default\">\n\t\t\t\t<div class=\"elementor-widget-container\">\n\t\t\t\t\t\t\t\t\t<p>APC ajoute SPC 0,2%<\/p>\t\t\t\t\t\t\t\t<\/div>\n\t\t\t\t<\/div>\n\t\t\t\t<div class=\"elementor-element elementor-element-a1bba11 elementor-invisible elementor-widget elementor-widget-heading\" data-id=\"a1bba11\" data-element_type=\"widget\" data-e-type=\"widget\" data-settings=\"{&quot;_animation&quot;:&quot;fadeIn&quot;,&quot;_animation_delay&quot;:200}\" data-widget_type=\"heading.default\">\n\t\t\t\t<div class=\"elementor-widget-container\">\n\t\t\t\t\t<h2 class=\"elementor-heading-title elementor-size-default\">Les avantages pour l&#039;engraissement des porcs, les agriculteurs et l&#039;environnement<\/h2>\t\t\t\t<\/div>\n\t\t\t\t<\/div>\n\t\t\t\t<div class=\"elementor-element elementor-element-f406220 elementor-widget__width-initial elementor-invisible elementor-widget elementor-widget-text-editor\" data-id=\"f406220\" data-element_type=\"widget\" data-e-type=\"widget\" data-settings=\"{&quot;_animation&quot;:&quot;fadeIn&quot;,&quot;_animation_delay&quot;:400}\" data-widget_type=\"text-editor.default\">\n\t\t\t\t<div class=\"elementor-widget-container\">\n\t\t\t\t\t\t\t\t\t<ul style=\"list-style-position: inside; text-align: center; padding-left: 0;\"><li>Gain de poids quotidien plus \u00e9lev\u00e9 et meilleure conversion alimentaire\u00a0<\/li><li>Moins de diarrh\u00e9e, une sant\u00e9 animale plus stable<\/li><li>R\u00e9duction de l&#039;utilisation des m\u00e9dicaments<\/li><li>R\u00e9duction jusqu&#039;\u00e0 50 % de l&#039;ammoniac et des gaz nocifs dans l&#039;air des \u00e9tables =&gt; moins de maladies respiratoires<\/li><li>R\u00e9duction de l&#039;excr\u00e9tion d&#039;azote et am\u00e9lioration de la qualit\u00e9 du fumier<\/li><\/ul>\t\t\t\t\t\t\t\t<\/div>\n\t\t\t\t<\/div>\n\t\t\t\t\t<\/div>\n\t\t<\/div>\n\t\t\t\t\t<\/div>\n\t\t<\/section>\n\t\t\t\t<section class=\"elementor-section elementor-top-section elementor-element elementor-element-ff443b3 elementor-section-boxed elementor-section-height-default elementor-section-height-default\" data-id=\"ff443b3\" data-element_type=\"section\" data-e-type=\"section\" data-settings=\"{&quot;background_background&quot;:&quot;classic&quot;}\">\n\t\t\t\t\t\t<div class=\"elementor-container elementor-column-gap-default\">\n\t\t\t\t\t<div class=\"elementor-column elementor-col-100 elementor-top-column elementor-element elementor-element-ab6a878\" data-id=\"ab6a878\" data-element_type=\"column\" data-e-type=\"column\">\n\t\t\t<div class=\"elementor-widget-wrap elementor-element-populated\">\n\t\t\t\t\t\t<div class=\"elementor-element elementor-element-1f8ac69 elementor-invisible elementor-widget elementor-widget-text-editor\" data-id=\"1f8ac69\" data-element_type=\"widget\" data-e-type=\"widget\" data-settings=\"{&quot;_animation&quot;:&quot;fadeIn&quot;}\" data-widget_type=\"text-editor.default\">\n\t\t\t\t<div class=\"elementor-widget-container\">\n\t\t\t\t\t\t\t\t\t<p>APC ajoute SPC 0,2%<\/p>\t\t\t\t\t\t\t\t<\/div>\n\t\t\t\t<\/div>\n\t\t\t\t<div class=\"elementor-element elementor-element-2885313 elementor-invisible elementor-widget elementor-widget-heading\" data-id=\"2885313\" data-element_type=\"widget\" data-e-type=\"widget\" data-settings=\"{&quot;_animation&quot;:&quot;fadeIn&quot;,&quot;_animation_delay&quot;:200}\" data-widget_type=\"heading.default\">\n\t\t\t\t<div class=\"elementor-widget-container\">\n\t\t\t\t\t<h2 class=\"elementor-heading-title elementor-size-default\">Informations compl\u00e9mentaires concernant l&#039;additif alimentaire pour porcelets\u00a0:<\/h2>\t\t\t\t<\/div>\n\t\t\t\t<\/div>\n\t\t\t\t<div class=\"elementor-element elementor-element-5cadf8d elementor-widget__width-initial elementor-invisible elementor-widget elementor-widget-text-editor\" data-id=\"5cadf8d\" data-element_type=\"widget\" data-e-type=\"widget\" data-settings=\"{&quot;_animation&quot;:&quot;fadeIn&quot;,&quot;_animation_delay&quot;:400}\" data-widget_type=\"text-editor.default\">\n\t\t\t\t<div class=\"elementor-widget-container\">\n\t\t\t\t\t\t\t\t\t<h3>Recommandation de candidature<\/h3><p><strong>APC ajoute SPC 0,2%<\/strong> est \u00e0 une dose de <strong>0,2 % (2 kg pour 1000 kg)<\/strong> Administrable. Utilisation continue possible. Convient aux syst\u00e8mes d&#039;alimentation en poudre et en liquide.<\/p><h3>Emballage et dur\u00e9e de conservation<\/h3><p>Disponible chez <strong>Sac de 30 kg<\/strong>. La dur\u00e9e de conservation est d&#039;au moins <strong>6 mois<\/strong> \u00c0 condition que l&#039;emballage soit scell\u00e9 dans son \u00e9tat d&#039;origine et que le produit soit conserv\u00e9 dans un endroit sec et frais.<\/p>\t\t\t\t\t\t\t\t<\/div>\n\t\t\t\t<\/div>\n\t\t\t\t\t<\/div>\n\t\t<\/div>\n\t\t\t\t\t<\/div>\n\t\t<\/section>\n\t\t\t\t<section class=\"elementor-section elementor-top-section elementor-element elementor-element-8042ec3 elementor-section-boxed elementor-section-height-default elementor-section-height-default\" data-id=\"8042ec3\" data-element_type=\"section\" data-e-type=\"section\">\n\t\t\t\t\t\t<div class=\"elementor-container elementor-column-gap-default\">\n\t\t\t\t\t<div class=\"elementor-column elementor-col-100 elementor-top-column elementor-element elementor-element-da79173 elementor-invisible\" data-id=\"da79173\" data-element_type=\"column\" data-e-type=\"column\" data-settings=\"{&quot;background_background&quot;:&quot;classic&quot;,&quot;animation&quot;:&quot;fadeIn&quot;}\">\n\t\t\t<div class=\"elementor-widget-wrap elementor-element-populated\">\n\t\t\t\t\t<div class=\"elementor-background-overlay\"><\/div>\n\t\t\t\t\t\t<div class=\"elementor-element elementor-element-2442fcf elementor-widget__width-initial elementor-widget-mobile__width-initial elementor-invisible elementor-widget elementor-widget-heading\" data-id=\"2442fcf\" data-element_type=\"widget\" data-e-type=\"widget\" data-settings=\"{&quot;_animation&quot;:&quot;fadeIn&quot;,&quot;_animation_delay&quot;:200}\" data-widget_type=\"heading.default\">\n\t\t\t\t<div class=\"elementor-widget-container\">\n\t\t\t\t\t<h2 class=\"elementor-heading-title elementor-size-default\">Votre consultation par APC Autriche<\/h2>\t\t\t\t<\/div>\n\t\t\t\t<\/div>\n\t\t\t\t<div class=\"elementor-element elementor-element-8b6d84e elementor-invisible elementor-widget elementor-widget-text-editor\" data-id=\"8b6d84e\" data-element_type=\"widget\" data-e-type=\"widget\" data-settings=\"{&quot;_animation&quot;:&quot;fadeIn&quot;,&quot;_animation_delay&quot;:400}\" data-widget_type=\"text-editor.default\">\n\t\t\t\t<div class=\"elementor-widget-container\">\n\t\t\t\t\t\t\t\t\t<p><strong>APC Autriche<\/strong> Depuis 1994, l&#039;entreprise d\u00e9veloppe des solutions d&#039;alimentation pratiques et naturelles pour l&#039;\u00e9levage porcin \u00e0 L\u00fcdersdorf. L&#039;aliment APC add. SPC 0.2% est polyvalent, \u00e9conomique et un composant stable des concepts d&#039;alimentation modernes.<\/p>\t\t\t\t\t\t\t\t<\/div>\n\t\t\t\t<\/div>\n\t\t\t\t<div class=\"elementor-element elementor-element-23af4d1 elementor-widget__width-auto elementor-invisible elementor-widget elementor-widget-button\" data-id=\"23af4d1\" data-element_type=\"widget\" data-e-type=\"widget\" data-settings=\"{&quot;_animation&quot;:&quot;fadeIn&quot;,&quot;_animation_delay&quot;:600}\" data-widget_type=\"button.default\">\n\t\t\t\t<div class=\"elementor-widget-container\">\n\t\t\t\t\t\t\t\t\t<div class=\"elementor-button-wrapper\">\n\t\t\t\t\t<a class=\"elementor-button elementor-button-link elementor-size-sm\" href=\"https:\/\/apc-austria.com\/fr\/contact\/\">\n\t\t\t\t\t\t<span class=\"elementor-button-content-wrapper\">\n\t\t\t\t\t\t\t\t\t<span class=\"elementor-button-text\">Contactez-nous<\/span>\n\t\t\t\t\t<\/span>\n\t\t\t\t\t<\/a>\n\t\t\t\t<\/div>\n\t\t\t\t\t\t\t\t<\/div>\n\t\t\t\t<\/div>\n\t\t\t\t<div class=\"elementor-element elementor-element-b48c603 elementor-widget__width-auto elementor-invisible elementor-widget elementor-widget-button\" data-id=\"b48c603\" data-element_type=\"widget\" data-e-type=\"widget\" data-settings=\"{&quot;_animation&quot;:&quot;fadeIn&quot;,&quot;_animation_delay&quot;:700}\" data-widget_type=\"button.default\">\n\t\t\t\t<div class=\"elementor-widget-container\">\n\t\t\t\t\t\t\t\t\t<div class=\"elementor-button-wrapper\">\n\t\t\t\t\t<a class=\"elementor-button elementor-button-link elementor-size-sm\" href=\"mailto:apc@apc-austria.com\">\n\t\t\t\t\t\t<span class=\"elementor-button-content-wrapper\">\n\t\t\t\t\t\t\t\t\t<span class=\"elementor-button-text\">Renseignez-vous directement<\/span>\n\t\t\t\t\t<\/span>\n\t\t\t\t\t<\/a>\n\t\t\t\t<\/div>\n\t\t\t\t\t\t\t\t<\/div>\n\t\t\t\t<\/div>\n\t\t\t\t\t<\/div>\n\t\t<\/div>\n\t\t\t\t\t<\/div>\n\t\t<\/section>\n\t\t\t\t<\/div>","protected":false},"excerpt":{"rendered":"<p>APC-FUTTERKONZEPTE F\u00dcR 04 &#8211; Schweine APC add. SPC 0,2% Ein Zusatz f\u00fcr jede Phase \u2013 flexibel und wirksam In der Schweinehaltung ver\u00e4ndern sich die Anforderungen je nach Lebensphase der Tiere. Vom Absetzferkel \u00fcber Jungsauen bis zum Mastschwein gibt es unterschiedliche Belastungen f\u00fcr Verdauung, Immunsystem und Stoffwechsel. Futterwechsel, Gruppenumstallungen oder Phasen erh\u00f6hter Leistung stellen den Organismus [&hellip;]<\/p>\n","protected":false},"author":2,"featured_media":0,"parent":0,"menu_order":0,"comment_status":"closed","ping_status":"closed","template":"","meta":{"footnotes":""},"class_list":["post-527","page","type-page","status-publish","hentry"],"yoast_head":"<!-- This site is optimized with the Yoast SEO plugin v27.1.1 - https:\/\/yoast.com\/product\/yoast-seo-wordpress\/ -->\n<title>Futterzusatz f\u00fcr alle Schweinegruppen | APC Austria<\/title>\n<meta name=\"description\" content=\"APC add. SPC stabilisiert die Verdauung in allen Schweinegruppen. Nat\u00fcrlich, flexibel &amp; wirtschaftlich \u2013 jetzt mehr erfahren.\" \/>\n<meta name=\"robots\" content=\"index, follow, max-snippet:-1, max-image-preview:large, max-video-preview:-1\" \/>\n<link rel=\"canonical\" href=\"https:\/\/apc-austria.com\/fr\/additif-alimentaire-pour-porcs\/\" \/>\n<meta property=\"og:locale\" content=\"fr_FR\" \/>\n<meta property=\"og:type\" content=\"article\" \/>\n<meta property=\"og:title\" content=\"Futterzusatz f\u00fcr alle Schweinegruppen | APC Austria\" \/>\n<meta property=\"og:description\" content=\"APC add. SPC stabilisiert die Verdauung in allen Schweinegruppen. Nat\u00fcrlich, flexibel &amp; wirtschaftlich \u2013 jetzt mehr erfahren.\" \/>\n<meta property=\"og:url\" content=\"https:\/\/apc-austria.com\/fr\/additif-alimentaire-pour-porcs\/\" \/>\n<meta property=\"og:site_name\" content=\"apc-austria\" \/>\n<meta property=\"article:modified_time\" content=\"2025-11-14T08:53:12+00:00\" \/>\n<script type=\"application\/ld+json\" class=\"yoast-schema-graph\">{\"@context\":\"https:\/\/schema.org\",\"@graph\":[{\"@type\":\"WebPage\",\"@id\":\"https:\/\/apc-austria.com\/futterzusatz-schweine\/\",\"url\":\"https:\/\/apc-austria.com\/futterzusatz-schweine\/\",\"name\":\"Futterzusatz f\u00fcr alle Schweinegruppen | APC Austria\",\"isPartOf\":{\"@id\":\"https:\/\/apc-austria.com\/#website\"},\"datePublished\":\"2025-06-12T20:27:40+00:00\",\"dateModified\":\"2025-11-14T08:53:12+00:00\",\"description\":\"APC add. SPC stabilisiert die Verdauung in allen Schweinegruppen. Nat\u00fcrlich, flexibel & wirtschaftlich \u2013 jetzt mehr erfahren.\",\"breadcrumb\":{\"@id\":\"https:\/\/apc-austria.com\/futterzusatz-schweine\/#breadcrumb\"},\"inLanguage\":\"fr-FR\",\"potentialAction\":[{\"@type\":\"ReadAction\",\"target\":[\"https:\/\/apc-austria.com\/futterzusatz-schweine\/\"]}]},{\"@type\":\"BreadcrumbList\",\"@id\":\"https:\/\/apc-austria.com\/futterzusatz-schweine\/#breadcrumb\",\"itemListElement\":[{\"@type\":\"ListItem\",\"position\":1,\"name\":\"Home\",\"item\":\"https:\/\/apc-austria.com\/\"},{\"@type\":\"ListItem\",\"position\":2,\"name\":\"Futterzusatz Schweine\"}]},{\"@type\":\"WebSite\",\"@id\":\"https:\/\/apc-austria.com\/#website\",\"url\":\"https:\/\/apc-austria.com\/\",\"name\":\"apc-austria\",\"description\":\"\",\"publisher\":{\"@id\":\"https:\/\/apc-austria.com\/#organization\"},\"potentialAction\":[{\"@type\":\"SearchAction\",\"target\":{\"@type\":\"EntryPoint\",\"urlTemplate\":\"https:\/\/apc-austria.com\/?s={search_term_string}\"},\"query-input\":{\"@type\":\"PropertyValueSpecification\",\"valueRequired\":true,\"valueName\":\"search_term_string\"}}],\"inLanguage\":\"fr-FR\"},{\"@type\":\"Organization\",\"@id\":\"https:\/\/apc-austria.com\/#organization\",\"name\":\"apc-austria\",\"url\":\"https:\/\/apc-austria.com\/\",\"logo\":{\"@type\":\"ImageObject\",\"inLanguage\":\"fr-FR\",\"@id\":\"https:\/\/apc-austria.com\/#\/schema\/logo\/image\/\",\"url\":\"https:\/\/apc-austria.com\/wp-content\/uploads\/2024\/08\/header_schwein.png\",\"contentUrl\":\"https:\/\/apc-austria.com\/wp-content\/uploads\/2024\/08\/header_schwein.png\",\"width\":139,\"height\":66,\"caption\":\"apc-austria\"},\"image\":{\"@id\":\"https:\/\/apc-austria.com\/#\/schema\/logo\/image\/\"}}]}<\/script>\n<!-- \/ Yoast SEO plugin. -->","yoast_head_json":{"title":"Additif alimentaire pour tous les groupes de porcs | APC Autriche","description":"L&#039;APC et le SPC stabilisent la digestion chez tous les groupes de porcs. Naturels, flexibles et \u00e9conomiques \u2013 renseignez-vous d\u00e8s maintenant.","robots":{"index":"index","follow":"follow","max-snippet":"max-snippet:-1","max-image-preview":"max-image-preview:large","max-video-preview":"max-video-preview:-1"},"canonical":"https:\/\/apc-austria.com\/fr\/additif-alimentaire-pour-porcs\/","og_locale":"fr_FR","og_type":"article","og_title":"Futterzusatz f\u00fcr alle Schweinegruppen | APC Austria","og_description":"APC add. SPC stabilisiert die Verdauung in allen Schweinegruppen. Nat\u00fcrlich, flexibel & wirtschaftlich \u2013 jetzt mehr erfahren.","og_url":"https:\/\/apc-austria.com\/fr\/additif-alimentaire-pour-porcs\/","og_site_name":"apc-austria","article_modified_time":"2025-11-14T08:53:12+00:00","schema":{"@context":"https:\/\/schema.org","@graph":[{"@type":"WebPage","@id":"https:\/\/apc-austria.com\/futterzusatz-schweine\/","url":"https:\/\/apc-austria.com\/futterzusatz-schweine\/","name":"Additif alimentaire pour tous les groupes de porcs | APC Autriche","isPartOf":{"@id":"https:\/\/apc-austria.com\/#website"},"datePublished":"2025-06-12T20:27:40+00:00","dateModified":"2025-11-14T08:53:12+00:00","description":"L&#039;APC et le SPC stabilisent la digestion chez tous les groupes de porcs. Naturels, flexibles et \u00e9conomiques \u2013 renseignez-vous d\u00e8s maintenant.","breadcrumb":{"@id":"https:\/\/apc-austria.com\/futterzusatz-schweine\/#breadcrumb"},"inLanguage":"fr-FR","potentialAction":[{"@type":"ReadAction","target":["https:\/\/apc-austria.com\/futterzusatz-schweine\/"]}]},{"@type":"BreadcrumbList","@id":"https:\/\/apc-austria.com\/futterzusatz-schweine\/#breadcrumb","itemListElement":[{"@type":"ListItem","position":1,"name":"Home","item":"https:\/\/apc-austria.com\/"},{"@type":"ListItem","position":2,"name":"Futterzusatz Schweine"}]},{"@type":"WebSite","@id":"https:\/\/apc-austria.com\/#website","url":"https:\/\/apc-austria.com\/","name":"apc-autriche","description":"","publisher":{"@id":"https:\/\/apc-austria.com\/#organization"},"potentialAction":[{"@type":"SearchAction","target":{"@type":"EntryPoint","urlTemplate":"https:\/\/apc-austria.com\/?s={search_term_string}"},"query-input":{"@type":"PropertyValueSpecification","valueRequired":true,"valueName":"search_term_string"}}],"inLanguage":"fr-FR"},{"@type":"Organization","@id":"https:\/\/apc-austria.com\/#organization","name":"apc-autriche","url":"https:\/\/apc-austria.com\/","logo":{"@type":"ImageObject","inLanguage":"fr-FR","@id":"https:\/\/apc-austria.com\/#\/schema\/logo\/image\/","url":"https:\/\/apc-austria.com\/wp-content\/uploads\/2024\/08\/header_schwein.png","contentUrl":"https:\/\/apc-austria.com\/wp-content\/uploads\/2024\/08\/header_schwein.png","width":139,"height":66,"caption":"apc-austria"},"image":{"@id":"https:\/\/apc-austria.com\/#\/schema\/logo\/image\/"}}]}},"_links":{"self":[{"href":"https:\/\/apc-austria.com\/fr\/wp-json\/wp\/v2\/pages\/527","targetHints":{"allow":["GET"]}}],"collection":[{"href":"https:\/\/apc-austria.com\/fr\/wp-json\/wp\/v2\/pages"}],"about":[{"href":"https:\/\/apc-austria.com\/fr\/wp-json\/wp\/v2\/types\/page"}],"author":[{"embeddable":true,"href":"https:\/\/apc-austria.com\/fr\/wp-json\/wp\/v2\/users\/2"}],"replies":[{"embeddable":true,"href":"https:\/\/apc-austria.com\/fr\/wp-json\/wp\/v2\/comments?post=527"}],"version-history":[{"count":37,"href":"https:\/\/apc-austria.com\/fr\/wp-json\/wp\/v2\/pages\/527\/revisions"}],"predecessor-version":[{"id":1362,"href":"https:\/\/apc-austria.com\/fr\/wp-json\/wp\/v2\/pages\/527\/revisions\/1362"}],"wp:attachment":[{"href":"https:\/\/apc-austria.com\/fr\/wp-json\/wp\/v2\/media?parent=527"}],"curies":[{"name":"wp","href":"https:\/\/api.w.org\/{rel}","templated":true}]}}