{"id":631,"date":"2025-08-06T07:59:27","date_gmt":"2025-08-06T07:59:27","guid":{"rendered":"http:\/\/neu-2025.apc-austria.com\/?page_id=631"},"modified":"2025-11-14T09:05:59","modified_gmt":"2025-11-14T09:05:59","slug":"nouvelles","status":"publish","type":"page","link":"https:\/\/apc-austria.com\/fr\/news\/","title":{"rendered":"Nouvelles"},"content":{"rendered":"<div data-elementor-type=\"wp-page\" data-elementor-id=\"631\" class=\"elementor elementor-631\">\n\t\t\t\t\t\t<section class=\"elementor-section elementor-top-section elementor-element elementor-element-3959906 elementor-section-height-min-height elementor-section-boxed elementor-section-height-default elementor-section-items-middle\" data-id=\"3959906\" data-element_type=\"section\" data-e-type=\"section\" data-settings=\"{&quot;background_background&quot;:&quot;classic&quot;}\">\n\t\t\t\t\t\t\t<div class=\"elementor-background-overlay\"><\/div>\n\t\t\t\t\t\t\t<div class=\"elementor-container elementor-column-gap-default\">\n\t\t\t\t\t<div class=\"elementor-column elementor-col-100 elementor-top-column elementor-element elementor-element-39202e4\" data-id=\"39202e4\" data-element_type=\"column\" data-e-type=\"column\">\n\t\t\t<div class=\"elementor-widget-wrap elementor-element-populated\">\n\t\t\t\t\t\t<div class=\"elementor-element elementor-element-af064f5 elementor-invisible elementor-widget elementor-widget-heading\" data-id=\"af064f5\" data-element_type=\"widget\" data-e-type=\"widget\" data-settings=\"{&quot;_animation&quot;:&quot;fadeIn&quot;}\" data-widget_type=\"heading.default\">\n\t\t\t\t<div class=\"elementor-widget-container\">\n\t\t\t\t\t<h2 class=\"elementor-heading-title elementor-size-default\">Rapports de cas et actualit\u00e9s concernant APC Autriche<\/h2>\t\t\t\t<\/div>\n\t\t\t\t<\/div>\n\t\t\t\t\t<\/div>\n\t\t<\/div>\n\t\t\t\t\t<\/div>\n\t\t<\/section>\n\t\t\t\t<section class=\"elementor-section elementor-top-section elementor-element elementor-element-9210eb9 elementor-reverse-mobile elementor-section-boxed elementor-section-height-default elementor-section-height-default\" data-id=\"9210eb9\" data-element_type=\"section\" data-e-type=\"section\">\n\t\t\t\t\t\t\t<div class=\"elementor-background-overlay\"><\/div>\n\t\t\t\t\t\t\t<div class=\"elementor-container elementor-column-gap-default\">\n\t\t\t\t\t<div class=\"elementor-column elementor-col-100 elementor-top-column elementor-element elementor-element-9d5dddf\" data-id=\"9d5dddf\" data-element_type=\"column\" data-e-type=\"column\">\n\t\t\t<div class=\"elementor-widget-wrap elementor-element-populated\">\n\t\t\t\t\t\t<div class=\"elementor-element elementor-element-927d7f3 elementor-invisible elementor-widget elementor-widget-heading\" data-id=\"927d7f3\" data-element_type=\"widget\" data-e-type=\"widget\" data-settings=\"{&quot;_animation&quot;:&quot;fadeIn&quot;,&quot;_animation_delay&quot;:200}\" data-widget_type=\"heading.default\">\n\t\t\t\t<div class=\"elementor-widget-container\">\n\t\t\t\t\t<h2 class=\"elementor-heading-title elementor-size-default\">Actualit\u00e9s en bref<\/h2>\t\t\t\t<\/div>\n\t\t\t\t<\/div>\n\t\t\t\t<div class=\"elementor-element elementor-element-e44e210 elementor-widget elementor-widget-text-editor\" data-id=\"e44e210\" data-element_type=\"widget\" data-e-type=\"widget\" data-widget_type=\"text-editor.default\">\n\t\t\t\t<div class=\"elementor-widget-container\">\n\t\t\t\t\t\t\t\t\t<p>Restez inform\u00e9(e) des actualit\u00e9s, projets et d\u00e9veloppements d&#039;APC Austria. Vous trouverez ici des informations actualis\u00e9es et des rapports pratiques sur les additifs alimentaires d&#039;APC Austria.<\/p>\t\t\t\t\t\t\t\t<\/div>\n\t\t\t\t<\/div>\n\t\t\t\t<div class=\"elementor-element elementor-element-1354a8c elementor-invisible elementor-widget elementor-widget-heading\" data-id=\"1354a8c\" data-element_type=\"widget\" data-e-type=\"widget\" data-settings=\"{&quot;_animation&quot;:&quot;fadeIn&quot;,&quot;_animation_delay&quot;:200}\" data-widget_type=\"heading.default\">\n\t\t\t\t<div class=\"elementor-widget-container\">\n\t\t\t\t\t<h2 class=\"elementor-heading-title elementor-size-default\">Rapports pratiques sur les porcs<\/h2>\t\t\t\t<\/div>\n\t\t\t\t<\/div>\n\t\t\t\t<div class=\"elementor-element elementor-element-f657c52 elementor-widget elementor-widget-text-editor\" data-id=\"f657c52\" data-element_type=\"widget\" data-e-type=\"widget\" data-widget_type=\"text-editor.default\">\n\t\t\t\t<div class=\"elementor-widget-container\">\n\t\t\t\t\t\t\t\t\t<p class=\"p1\"><a href=\"https:\/\/apc-austria.com\/wp-content\/uploads\/2025\/08\/Kurzbericht_Gumpenstein_Prof__Schuh-1.pdf\">Bref rapport de Gumpenstein, Professeur Schuh<\/a><\/p><p class=\"p1\"><a href=\"https:\/\/apc-austria.com\/wp-content\/uploads\/2025\/08\/Bericht_FH_Osnabrueck.pdf\">Rapport FH, Osnabr\u00fcck<\/a><\/p><p class=\"p1\"><a href=\"https:\/\/apc-austria.com\/wp-content\/uploads\/2025\/08\/HS_APC_Schweinemast.pdf\">Engraissement des porcs HS APC<\/a><\/p><p class=\"p1\"><a href=\"https:\/\/apc-austria.com\/wp-content\/uploads\/2025\/08\/Mit_APC_3_7_Mastplaetze_pro_ha_mehr_in_NRW.pdf\">Avec l&#039;APC, il y a 3,7 places d&#039;engraissement suppl\u00e9mentaires par hectare en Rh\u00e9nanie-du-Nord-Westphalie.<\/a><\/p><p class=\"p1\"><a href=\"https:\/\/apc-austria.com\/wp-content\/uploads\/2025\/08\/Mit_APC_weniger_N_u._P_Ausscheidungen_in_Deutschland.pdf\">L&#039;APC r\u00e9duit l&#039;excr\u00e9tion d&#039;azote et de phosphore en Allemagne<\/a><\/p><p class=\"p1\"><a href=\"https:\/\/apc-austria.com\/wp-content\/uploads\/2025\/08\/APC_Flyer_Duesse_k3.pdf\">Haus D\u00fcsse teste l&#039;aliment pour truies APC<\/a><\/p>\t\t\t\t\t\t\t\t<\/div>\n\t\t\t\t<\/div>\n\t\t\t\t<div class=\"elementor-element elementor-element-3060425 elementor-hidden-desktop elementor-hidden-tablet elementor-hidden-mobile elementor-invisible elementor-widget elementor-widget-heading\" data-id=\"3060425\" data-element_type=\"widget\" data-e-type=\"widget\" data-settings=\"{&quot;_animation&quot;:&quot;fadeIn&quot;,&quot;_animation_delay&quot;:200}\" data-widget_type=\"heading.default\">\n\t\t\t\t<div class=\"elementor-widget-container\">\n\t\t\t\t\t<h2 class=\"elementor-heading-title elementor-size-default\">Rapports pratiques sur la volaille<\/h2>\t\t\t\t<\/div>\n\t\t\t\t<\/div>\n\t\t\t\t<div class=\"elementor-element elementor-element-15de545 elementor-hidden-desktop elementor-hidden-tablet elementor-hidden-mobile elementor-widget elementor-widget-text-editor\" data-id=\"15de545\" data-element_type=\"widget\" data-e-type=\"widget\" data-widget_type=\"text-editor.default\">\n\t\t\t\t<div class=\"elementor-widget-container\">\n\t\t\t\t\t\t\t\t\t<p>Restez inform\u00e9(e) des actualit\u00e9s, projets et d\u00e9veloppements d&#039;APC Austria. Vous trouverez ici des informations actualis\u00e9es et des rapports pratiques sur les additifs alimentaires d&#039;APC Austria.<\/p>\t\t\t\t\t\t\t\t<\/div>\n\t\t\t\t<\/div>\n\t\t\t\t<div class=\"elementor-element elementor-element-2c76936 elementor-hidden-desktop elementor-hidden-tablet elementor-hidden-mobile elementor-invisible elementor-widget elementor-widget-heading\" data-id=\"2c76936\" data-element_type=\"widget\" data-e-type=\"widget\" data-settings=\"{&quot;_animation&quot;:&quot;fadeIn&quot;,&quot;_animation_delay&quot;:200}\" data-widget_type=\"heading.default\">\n\t\t\t\t<div class=\"elementor-widget-container\">\n\t\t\t\t\t<h2 class=\"elementor-heading-title elementor-size-default\">Rapports pratiques sur le b\u00e9tail<\/h2>\t\t\t\t<\/div>\n\t\t\t\t<\/div>\n\t\t\t\t<div class=\"elementor-element elementor-element-c1f006c elementor-hidden-desktop elementor-hidden-tablet elementor-hidden-mobile elementor-widget elementor-widget-text-editor\" data-id=\"c1f006c\" data-element_type=\"widget\" data-e-type=\"widget\" data-widget_type=\"text-editor.default\">\n\t\t\t\t<div class=\"elementor-widget-container\">\n\t\t\t\t\t\t\t\t\t<p>Restez inform\u00e9(e) des actualit\u00e9s, projets et d\u00e9veloppements d&#039;APC Austria. Vous trouverez ici des informations actualis\u00e9es et des rapports pratiques sur les additifs alimentaires d&#039;APC Austria.<\/p>\t\t\t\t\t\t\t\t<\/div>\n\t\t\t\t<\/div>\n\t\t\t\t\t<\/div>\n\t\t<\/div>\n\t\t\t\t\t<\/div>\n\t\t<\/section>\n\t\t\t\t<section class=\"elementor-section elementor-top-section elementor-element elementor-element-3de5841 elementor-section-boxed elementor-section-height-default elementor-section-height-default\" data-id=\"3de5841\" data-element_type=\"section\" data-e-type=\"section\">\n\t\t\t\t\t\t<div class=\"elementor-container elementor-column-gap-default\">\n\t\t\t\t\t<div class=\"elementor-column elementor-col-100 elementor-top-column elementor-element elementor-element-a875581 elementor-invisible\" data-id=\"a875581\" data-element_type=\"column\" data-e-type=\"column\" data-settings=\"{&quot;background_background&quot;:&quot;classic&quot;,&quot;animation&quot;:&quot;fadeIn&quot;}\">\n\t\t\t<div class=\"elementor-widget-wrap elementor-element-populated\">\n\t\t\t\t\t<div class=\"elementor-background-overlay\"><\/div>\n\t\t\t\t\t\t<div class=\"elementor-element elementor-element-a90225f elementor-invisible elementor-widget elementor-widget-text-editor\" data-id=\"a90225f\" data-element_type=\"widget\" data-e-type=\"widget\" data-settings=\"{&quot;_animation&quot;:&quot;fadeIn&quot;}\" data-widget_type=\"text-editor.default\">\n\t\t\t\t<div class=\"elementor-widget-container\">\n\t\t\t\t\t\t\t\t\t<p>Nos produits vous int\u00e9ressent ?<\/p>\t\t\t\t\t\t\t\t<\/div>\n\t\t\t\t<\/div>\n\t\t\t\t<div class=\"elementor-element elementor-element-bbcfd37 elementor-widget__width-initial elementor-widget-mobile__width-initial elementor-invisible elementor-widget elementor-widget-heading\" data-id=\"bbcfd37\" data-element_type=\"widget\" data-e-type=\"widget\" data-settings=\"{&quot;_animation&quot;:&quot;fadeIn&quot;,&quot;_animation_delay&quot;:200}\" data-widget_type=\"heading.default\">\n\t\t\t\t<div class=\"elementor-widget-container\">\n\t\t\t\t\t<h2 class=\"elementor-heading-title elementor-size-default\">APC Austria se concentre sur les solutions personnalis\u00e9es\u00a0: <\/h2>\t\t\t\t<\/div>\n\t\t\t\t<\/div>\n\t\t\t\t<div class=\"elementor-element elementor-element-86c55d2 elementor-invisible elementor-widget elementor-widget-text-editor\" data-id=\"86c55d2\" data-element_type=\"widget\" data-e-type=\"widget\" data-settings=\"{&quot;_animation&quot;:&quot;fadeIn&quot;,&quot;_animation_delay&quot;:400}\" data-widget_type=\"text-editor.default\">\n\t\t\t\t<div class=\"elementor-widget-container\">\n\t\t\t\t\t\t\t\t\t<p>Chez APC Austria, nous privil\u00e9gions les solutions sur mesure\u00a0: d\u00e9couvrez comment nos additifs alimentaires naturels peuvent am\u00e9liorer la sant\u00e9 de vos animaux, r\u00e9duire vos co\u00fbts d\u2019alimentation et accro\u00eetre la durabilit\u00e9 de votre production. Contactez-nous pour une consultation personnalis\u00e9e\u00a0!<\/p>\t\t\t\t\t\t\t\t<\/div>\n\t\t\t\t<\/div>\n\t\t\t\t<div class=\"elementor-element elementor-element-d34009d elementor-widget__width-auto elementor-invisible elementor-widget elementor-widget-button\" data-id=\"d34009d\" data-element_type=\"widget\" data-e-type=\"widget\" data-settings=\"{&quot;_animation&quot;:&quot;fadeIn&quot;,&quot;_animation_delay&quot;:600}\" data-widget_type=\"button.default\">\n\t\t\t\t<div class=\"elementor-widget-container\">\n\t\t\t\t\t\t\t\t\t<div class=\"elementor-button-wrapper\">\n\t\t\t\t\t<a class=\"elementor-button elementor-button-link elementor-size-sm\" href=\"https:\/\/apc-austria.com\/fr\/contact\/\">\n\t\t\t\t\t\t<span class=\"elementor-button-content-wrapper\">\n\t\t\t\t\t\t\t\t\t<span class=\"elementor-button-text\">Contactez-nous<\/span>\n\t\t\t\t\t<\/span>\n\t\t\t\t\t<\/a>\n\t\t\t\t<\/div>\n\t\t\t\t\t\t\t\t<\/div>\n\t\t\t\t<\/div>\n\t\t\t\t<div class=\"elementor-element elementor-element-71d4044 elementor-widget__width-auto elementor-invisible elementor-widget elementor-widget-button\" data-id=\"71d4044\" data-element_type=\"widget\" data-e-type=\"widget\" data-settings=\"{&quot;_animation&quot;:&quot;fadeIn&quot;,&quot;_animation_delay&quot;:700}\" data-widget_type=\"button.default\">\n\t\t\t\t<div class=\"elementor-widget-container\">\n\t\t\t\t\t\t\t\t\t<div class=\"elementor-button-wrapper\">\n\t\t\t\t\t<a class=\"elementor-button elementor-button-link elementor-size-sm\" href=\"mailto:apc@apc-austria.com\">\n\t\t\t\t\t\t<span class=\"elementor-button-content-wrapper\">\n\t\t\t\t\t\t\t\t\t<span class=\"elementor-button-text\">Renseignez-vous directement<\/span>\n\t\t\t\t\t<\/span>\n\t\t\t\t\t<\/a>\n\t\t\t\t<\/div>\n\t\t\t\t\t\t\t\t<\/div>\n\t\t\t\t<\/div>\n\t\t\t\t\t<\/div>\n\t\t<\/div>\n\t\t\t\t\t<\/div>\n\t\t<\/section>\n\t\t\t\t<\/div>","protected":false},"excerpt":{"rendered":"<p>Praxisberichte &amp; News rund um APC Austria Aktuelles im \u00dcberblick Bleiben Sie informiert \u00fcber Neuigkeiten, Projekte und Entwicklungen bei APC Austria. Hier finden Sie Aktuelles und Praxisberichte \u00fcber die Futterzus\u00e4tze von APC Austria. Praxisberichte Schweine Kurzbericht Gumpenstein, Professor Schuh Bericht FH, Osnabr\u00fcck HS APC Schweinemast Mit APC 3,7 Mastpl\u00e4tze pro ha mehr in NRW Mit [&hellip;]<\/p>\n","protected":false},"author":2,"featured_media":0,"parent":0,"menu_order":0,"comment_status":"closed","ping_status":"closed","template":"","meta":{"footnotes":""},"class_list":["post-631","page","type-page","status-publish","hentry"],"yoast_head":"<!-- This site is optimized with the Yoast SEO plugin v27.1.1 - https:\/\/yoast.com\/product\/yoast-seo-wordpress\/ -->\n<title>APC Austria: Aktuelle News &amp; Praxisberichte<\/title>\n<meta name=\"description\" content=\"Bleiben Sie informiert \u00fcber Neuigkeiten, Projekte und Entwicklungen bei APC Austria \u2013 praxisnahe Berichte zu nat\u00fcrlichen Futterzus\u00e4tzen.\" \/>\n<meta name=\"robots\" content=\"index, follow, max-snippet:-1, max-image-preview:large, max-video-preview:-1\" \/>\n<link rel=\"canonical\" href=\"https:\/\/apc-austria.com\/fr\/nouvelles\/\" \/>\n<meta property=\"og:locale\" content=\"fr_FR\" \/>\n<meta property=\"og:type\" content=\"article\" \/>\n<meta property=\"og:title\" content=\"APC Austria: Aktuelle News &amp; Praxisberichte\" \/>\n<meta property=\"og:description\" content=\"Bleiben Sie informiert \u00fcber Neuigkeiten, Projekte und Entwicklungen bei APC Austria \u2013 praxisnahe Berichte zu nat\u00fcrlichen Futterzus\u00e4tzen.\" \/>\n<meta property=\"og:url\" content=\"https:\/\/apc-austria.com\/fr\/nouvelles\/\" \/>\n<meta property=\"og:site_name\" content=\"apc-austria\" \/>\n<meta property=\"article:modified_time\" content=\"2025-11-14T09:05:59+00:00\" \/>\n<script type=\"application\/ld+json\" class=\"yoast-schema-graph\">{\"@context\":\"https:\/\/schema.org\",\"@graph\":[{\"@type\":\"WebPage\",\"@id\":\"https:\/\/apc-austria.com\/news\/\",\"url\":\"https:\/\/apc-austria.com\/news\/\",\"name\":\"APC Austria: Aktuelle News & Praxisberichte\",\"isPartOf\":{\"@id\":\"https:\/\/apc-austria.com\/#website\"},\"datePublished\":\"2025-08-06T07:59:27+00:00\",\"dateModified\":\"2025-11-14T09:05:59+00:00\",\"description\":\"Bleiben Sie informiert \u00fcber Neuigkeiten, Projekte und Entwicklungen bei APC Austria \u2013 praxisnahe Berichte zu nat\u00fcrlichen Futterzus\u00e4tzen.\",\"breadcrumb\":{\"@id\":\"https:\/\/apc-austria.com\/news\/#breadcrumb\"},\"inLanguage\":\"fr-FR\",\"potentialAction\":[{\"@type\":\"ReadAction\",\"target\":[\"https:\/\/apc-austria.com\/news\/\"]}]},{\"@type\":\"BreadcrumbList\",\"@id\":\"https:\/\/apc-austria.com\/news\/#breadcrumb\",\"itemListElement\":[{\"@type\":\"ListItem\",\"position\":1,\"name\":\"Home\",\"item\":\"https:\/\/apc-austria.com\/\"},{\"@type\":\"ListItem\",\"position\":2,\"name\":\"News\"}]},{\"@type\":\"WebSite\",\"@id\":\"https:\/\/apc-austria.com\/#website\",\"url\":\"https:\/\/apc-austria.com\/\",\"name\":\"apc-austria\",\"description\":\"\",\"publisher\":{\"@id\":\"https:\/\/apc-austria.com\/#organization\"},\"potentialAction\":[{\"@type\":\"SearchAction\",\"target\":{\"@type\":\"EntryPoint\",\"urlTemplate\":\"https:\/\/apc-austria.com\/?s={search_term_string}\"},\"query-input\":{\"@type\":\"PropertyValueSpecification\",\"valueRequired\":true,\"valueName\":\"search_term_string\"}}],\"inLanguage\":\"fr-FR\"},{\"@type\":\"Organization\",\"@id\":\"https:\/\/apc-austria.com\/#organization\",\"name\":\"apc-austria\",\"url\":\"https:\/\/apc-austria.com\/\",\"logo\":{\"@type\":\"ImageObject\",\"inLanguage\":\"fr-FR\",\"@id\":\"https:\/\/apc-austria.com\/#\/schema\/logo\/image\/\",\"url\":\"https:\/\/apc-austria.com\/wp-content\/uploads\/2024\/08\/header_schwein.png\",\"contentUrl\":\"https:\/\/apc-austria.com\/wp-content\/uploads\/2024\/08\/header_schwein.png\",\"width\":139,\"height\":66,\"caption\":\"apc-austria\"},\"image\":{\"@id\":\"https:\/\/apc-austria.com\/#\/schema\/logo\/image\/\"}}]}<\/script>\n<!-- \/ Yoast SEO plugin. -->","yoast_head_json":{"title":"APC Autriche : Derni\u00e8res actualit\u00e9s et \u00e9tudes de cas","description":"Restez inform\u00e9(e) des actualit\u00e9s, projets et d\u00e9veloppements d&#039;APC Austria \u2013 rapports pratiques sur les additifs alimentaires naturels.","robots":{"index":"index","follow":"follow","max-snippet":"max-snippet:-1","max-image-preview":"max-image-preview:large","max-video-preview":"max-video-preview:-1"},"canonical":"https:\/\/apc-austria.com\/fr\/nouvelles\/","og_locale":"fr_FR","og_type":"article","og_title":"APC Austria: Aktuelle News & Praxisberichte","og_description":"Bleiben Sie informiert \u00fcber Neuigkeiten, Projekte und Entwicklungen bei APC Austria \u2013 praxisnahe Berichte zu nat\u00fcrlichen Futterzus\u00e4tzen.","og_url":"https:\/\/apc-austria.com\/fr\/nouvelles\/","og_site_name":"apc-austria","article_modified_time":"2025-11-14T09:05:59+00:00","schema":{"@context":"https:\/\/schema.org","@graph":[{"@type":"WebPage","@id":"https:\/\/apc-austria.com\/news\/","url":"https:\/\/apc-austria.com\/news\/","name":"APC Autriche : Derni\u00e8res actualit\u00e9s et \u00e9tudes de cas","isPartOf":{"@id":"https:\/\/apc-austria.com\/#website"},"datePublished":"2025-08-06T07:59:27+00:00","dateModified":"2025-11-14T09:05:59+00:00","description":"Restez inform\u00e9(e) des actualit\u00e9s, projets et d\u00e9veloppements d&#039;APC Austria \u2013 rapports pratiques sur les additifs alimentaires naturels.","breadcrumb":{"@id":"https:\/\/apc-austria.com\/news\/#breadcrumb"},"inLanguage":"fr-FR","potentialAction":[{"@type":"ReadAction","target":["https:\/\/apc-austria.com\/news\/"]}]},{"@type":"BreadcrumbList","@id":"https:\/\/apc-austria.com\/news\/#breadcrumb","itemListElement":[{"@type":"ListItem","position":1,"name":"Home","item":"https:\/\/apc-austria.com\/"},{"@type":"ListItem","position":2,"name":"News"}]},{"@type":"WebSite","@id":"https:\/\/apc-austria.com\/#website","url":"https:\/\/apc-austria.com\/","name":"apc-autriche","description":"","publisher":{"@id":"https:\/\/apc-austria.com\/#organization"},"potentialAction":[{"@type":"SearchAction","target":{"@type":"EntryPoint","urlTemplate":"https:\/\/apc-austria.com\/?s={search_term_string}"},"query-input":{"@type":"PropertyValueSpecification","valueRequired":true,"valueName":"search_term_string"}}],"inLanguage":"fr-FR"},{"@type":"Organization","@id":"https:\/\/apc-austria.com\/#organization","name":"apc-autriche","url":"https:\/\/apc-austria.com\/","logo":{"@type":"ImageObject","inLanguage":"fr-FR","@id":"https:\/\/apc-austria.com\/#\/schema\/logo\/image\/","url":"https:\/\/apc-austria.com\/wp-content\/uploads\/2024\/08\/header_schwein.png","contentUrl":"https:\/\/apc-austria.com\/wp-content\/uploads\/2024\/08\/header_schwein.png","width":139,"height":66,"caption":"apc-austria"},"image":{"@id":"https:\/\/apc-austria.com\/#\/schema\/logo\/image\/"}}]}},"_links":{"self":[{"href":"https:\/\/apc-austria.com\/fr\/wp-json\/wp\/v2\/pages\/631","targetHints":{"allow":["GET"]}}],"collection":[{"href":"https:\/\/apc-austria.com\/fr\/wp-json\/wp\/v2\/pages"}],"about":[{"href":"https:\/\/apc-austria.com\/fr\/wp-json\/wp\/v2\/types\/page"}],"author":[{"embeddable":true,"href":"https:\/\/apc-austria.com\/fr\/wp-json\/wp\/v2\/users\/2"}],"replies":[{"embeddable":true,"href":"https:\/\/apc-austria.com\/fr\/wp-json\/wp\/v2\/comments?post=631"}],"version-history":[{"count":42,"href":"https:\/\/apc-austria.com\/fr\/wp-json\/wp\/v2\/pages\/631\/revisions"}],"predecessor-version":[{"id":1379,"href":"https:\/\/apc-austria.com\/fr\/wp-json\/wp\/v2\/pages\/631\/revisions\/1379"}],"wp:attachment":[{"href":"https:\/\/apc-austria.com\/fr\/wp-json\/wp\/v2\/media?parent=631"}],"curies":[{"name":"wp","href":"https:\/\/api.w.org\/{rel}","templated":true}]}}