{"id":698,"date":"2025-09-02T07:31:07","date_gmt":"2025-09-02T07:31:07","guid":{"rendered":"http:\/\/neu-2025.apc-austria.com\/?page_id=698"},"modified":"2025-11-14T09:17:38","modified_gmt":"2025-11-14T09:17:38","slug":"imprimer","status":"publish","type":"page","link":"https:\/\/apc-austria.com\/fr\/impressum\/","title":{"rendered":"imprimer"},"content":{"rendered":"<div data-elementor-type=\"wp-page\" data-elementor-id=\"698\" class=\"elementor elementor-698\">\n\t\t\t\t\t\t<section class=\"elementor-section elementor-top-section elementor-element elementor-element-02917e7 elementor-section-height-min-height elementor-section-boxed elementor-section-height-default elementor-section-items-middle\" data-id=\"02917e7\" data-element_type=\"section\" data-e-type=\"section\" data-settings=\"{&quot;background_background&quot;:&quot;classic&quot;}\">\n\t\t\t\t\t\t\t<div class=\"elementor-background-overlay\"><\/div>\n\t\t\t\t\t\t\t<div class=\"elementor-container elementor-column-gap-default\">\n\t\t\t\t\t<div class=\"elementor-column elementor-col-100 elementor-top-column elementor-element elementor-element-6bd4689\" data-id=\"6bd4689\" data-element_type=\"column\" data-e-type=\"column\">\n\t\t\t<div class=\"elementor-widget-wrap elementor-element-populated\">\n\t\t\t\t\t\t<div class=\"elementor-element elementor-element-c7acdd5 elementor-invisible elementor-widget elementor-widget-heading\" data-id=\"c7acdd5\" data-element_type=\"widget\" data-e-type=\"widget\" data-settings=\"{&quot;_animation&quot;:&quot;fadeIn&quot;}\" data-widget_type=\"heading.default\">\n\t\t\t\t<div class=\"elementor-widget-container\">\n\t\t\t\t\t<h2 class=\"elementor-heading-title elementor-size-default\">Mentions l\u00e9gales d&#039;APC Autriche<\/h2>\t\t\t\t<\/div>\n\t\t\t\t<\/div>\n\t\t\t\t\t<\/div>\n\t\t<\/div>\n\t\t\t\t\t<\/div>\n\t\t<\/section>\n\t\t\t\t<section class=\"elementor-section elementor-top-section elementor-element elementor-element-ba9df9c elementor-reverse-mobile elementor-section-boxed elementor-section-height-default elementor-section-height-default\" data-id=\"ba9df9c\" data-element_type=\"section\" data-e-type=\"section\">\n\t\t\t\t\t\t\t<div class=\"elementor-background-overlay\"><\/div>\n\t\t\t\t\t\t\t<div class=\"elementor-container elementor-column-gap-default\">\n\t\t\t\t\t<div class=\"elementor-column elementor-col-100 elementor-top-column elementor-element elementor-element-71d93ca\" data-id=\"71d93ca\" data-element_type=\"column\" data-e-type=\"column\">\n\t\t\t<div class=\"elementor-widget-wrap elementor-element-populated\">\n\t\t\t\t\t\t<div class=\"elementor-element elementor-element-832bac9 elementor-widget elementor-widget-heading\" data-id=\"832bac9\" data-element_type=\"widget\" data-e-type=\"widget\" data-widget_type=\"heading.default\">\n\t\t\t\t<div class=\"elementor-widget-container\">\n\t\t\t\t\t<h2 class=\"elementor-heading-title elementor-size-default\">Agrar Produktion Consulting GesmbH<\/h2>\t\t\t\t<\/div>\n\t\t\t\t<\/div>\n\t\t\t\t<div class=\"elementor-element elementor-element-621bc12 elementor-widget elementor-widget-text-editor\" data-id=\"621bc12\" data-element_type=\"widget\" data-e-type=\"widget\" data-widget_type=\"text-editor.default\">\n\t\t\t\t<div class=\"elementor-widget-container\">\n\t\t\t\t\t\t\t\t\t<p>Ludersdorf 183, A-8200 Gleisdorf<br \/>0043 (0) 3112\/ 75 20<br \/>apc@apc-austria.com<\/p><p><strong>Objectif commercial<\/strong><br \/>Production et vente d&#039;additifs alimentaires.<\/p><p><strong>Num\u00e9ro de TVA<\/strong><br \/>ATU38081703<\/p><p><strong>Num\u00e9ro d&#039;immatriculation de l&#039;entreprise<\/strong><br \/>FN 114741m<\/p><p><strong>Tribunal du registre du commerce<\/strong><br \/>Tribunal r\u00e9gional des affaires civiles de Graz<\/p><p><strong>Autorit\u00e9 de surveillance :<\/strong> <br \/>BH Gleisdorf<\/p><p><strong>Chambre responsable :<\/strong> <br \/>Chambre de commerce de Styrie<\/p><p><strong>R\u00e9glementations commerciales :<\/strong><br \/><a href=\"http:\/\/www.ris.bka.gv.at\">www.ris.bka.gv.at<\/a><\/p><p>Droits d&#039;image\u00a0:<br \/><a href=\"https:\/\/stock.adobe.com\/at\/\">Images provenant d&#039;Adobe Stock<\/a><\/p><p><strong>Clause de non-responsabilit\u00e9<\/strong><\/p><p><strong>R\u00e8glement des diff\u00e9rends<\/strong><\/p><p>Nous ne sommes ni dispos\u00e9s ni tenus de participer \u00e0 une proc\u00e9dure de r\u00e8glement des litiges devant un organisme d&#039;arbitrage des consommateurs.<\/p><p><strong>Responsabilit\u00e9 relative au contenu<\/strong><\/p><p>En tant que prestataire de services, nous sommes responsables de nos propres contenus sur ces pages conform\u00e9ment \u00e0 la loi g\u00e9n\u00e9rale (RGPD). Cependant, conform\u00e9ment aux articles 13 \u00e0 17 de la RGPD, nous ne sommes pas tenus, en tant que prestataire de services, de surveiller les informations transmises ou stock\u00e9es par des tiers ni de rechercher des faits ou circonstances r\u00e9v\u00e9lant une activit\u00e9 ill\u00e9gale.<\/p><p>Les obligations de retrait ou de blocage de l&#039;utilisation d&#039;informations en vertu du droit commun demeurent inchang\u00e9es. Toutefois, notre responsabilit\u00e9 \u00e0 cet \u00e9gard ne peut \u00eatre engag\u00e9e qu&#039;\u00e0 partir du moment o\u00f9 nous avons connaissance d&#039;une infraction sp\u00e9cifique. D\u00e8s que nous aurons connaissance d&#039;une telle infraction, nous retirerons imm\u00e9diatement le contenu concern\u00e9.<\/p><p><strong>Responsabilit\u00e9 relative aux liens<\/strong><\/p><p>Notre site web contient des liens vers des sites web externes appartenant \u00e0 des tiers, sur lesquels nous n&#039;avons aucun contr\u00f4le. Par cons\u00e9quent, nous ne pouvons \u00eatre tenus responsables de leur contenu.<br \/>Nous d\u00e9clinons toute responsabilit\u00e9. Le fournisseur ou l&#039;exploitant respectif des pages li\u00e9es est toujours responsable de leur contenu. Les pages li\u00e9es ont \u00e9t\u00e9 v\u00e9rifi\u00e9es quant \u00e0 d&#039;\u00e9ventuelles violations l\u00e9gales au moment de la cr\u00e9ation des liens. Aucun contenu ill\u00e9gal n&#039;a \u00e9t\u00e9 constat\u00e9 \u00e0 ce moment-l\u00e0.<\/p><p>Toutefois, une surveillance continue du contenu des pages li\u00e9es est d\u00e9raisonnable sans preuve concr\u00e8te d&#039;infraction. D\u00e8s que nous aurons connaissance d&#039;une infraction, nous supprimerons imm\u00e9diatement les liens concern\u00e9s.<\/p><p><strong>droits d&#039;auteur<\/strong><\/p><p>Le contenu et les \u0153uvres cr\u00e9\u00e9s par les exploitants de ce site web sont prot\u00e9g\u00e9s par le droit d&#039;auteur. Toute reproduction, modification, diffusion ou exploitation, sous quelque forme que ce soit, au-del\u00e0 des limites autoris\u00e9es par la loi sur le droit d&#039;auteur, n\u00e9cessite l&#039;autorisation \u00e9crite de l&#039;auteur ou du cr\u00e9ateur concern\u00e9. Le t\u00e9l\u00e9chargement et la copie de cette page sont autoris\u00e9s uniquement pour un usage priv\u00e9 et non commercial.<\/p><p>Lorsque le contenu de ce site n&#039;a pas \u00e9t\u00e9 cr\u00e9\u00e9 par l&#039;exploitant, les droits d&#039;auteur des tiers sont respect\u00e9s. Si toutefois vous constatez une violation de droits d&#039;auteur, veuillez nous en informer. D\u00e8s r\u00e9ception d&#039;une notification de violation de la loi, nous supprimerons imm\u00e9diatement le contenu concern\u00e9.<\/p><p>Source: <a href=\"http:\/\/erecht24.de\">erecht24.de<\/a><\/p>\t\t\t\t\t\t\t\t<\/div>\n\t\t\t\t<\/div>\n\t\t\t\t\t<\/div>\n\t\t<\/div>\n\t\t\t\t\t<\/div>\n\t\t<\/section>\n\t\t\t\t<\/div>","protected":false},"excerpt":{"rendered":"<p>Impressum von APC Austria Agrar Produktion Consulting GesmbH Ludersdorf 183, A-8200 Gleisdorf0043 (0) 3112\/ 75 20apc@apc-austria.com UnternehmensgegenstandErzeugung und Verkauf von Futtermittelzus\u00e4tzen. UID-NummerATU38081703 FirmenbuchnummerFN 114741m FirmenbuchgerichtLandesgericht f\u00fcr ZRS Graz Aufsichtsbeh\u00f6rde: BH Gleisdorf Zust\u00e4ndige Kammer: WKO Steiermark Gewerbeordnung:www.ris.bka.gv.at Bildrechte:Bilder von Adobe Stock Haftungsausschluss (Disclaimer) Streitschlichtung Wir sind nicht bereit oder verpflichtet, an Streitbeilegungsverfahren vor einer Verbraucherschlichtungsstelle teilzunehmen. [&hellip;]<\/p>\n","protected":false},"author":2,"featured_media":0,"parent":0,"menu_order":0,"comment_status":"closed","ping_status":"closed","template":"","meta":{"footnotes":""},"class_list":["post-698","page","type-page","status-publish","hentry"],"yoast_head":"<!-- This site is optimized with the Yoast SEO plugin v27.1.1 - https:\/\/yoast.com\/product\/yoast-seo-wordpress\/ -->\n<title>Impressum von APC Austria \u2013 Unternehmen &amp; Kontakt<\/title>\n<meta name=\"description\" content=\"Impressum mit Firmenangaben, Adresse und Kontaktdaten von APC Austria \u2013 Transparenz &amp; gesetzliche Informationen.\" \/>\n<meta name=\"robots\" content=\"index, follow, max-snippet:-1, max-image-preview:large, max-video-preview:-1\" \/>\n<link rel=\"canonical\" href=\"https:\/\/apc-austria.com\/fr\/imprimer\/\" \/>\n<meta property=\"og:locale\" content=\"fr_FR\" \/>\n<meta property=\"og:type\" content=\"article\" \/>\n<meta property=\"og:title\" content=\"Impressum von APC Austria \u2013 Unternehmen &amp; Kontakt\" \/>\n<meta property=\"og:description\" content=\"Impressum mit Firmenangaben, Adresse und Kontaktdaten von APC Austria \u2013 Transparenz &amp; gesetzliche Informationen.\" \/>\n<meta property=\"og:url\" content=\"https:\/\/apc-austria.com\/fr\/imprimer\/\" \/>\n<meta property=\"og:site_name\" content=\"apc-austria\" \/>\n<meta property=\"article:modified_time\" content=\"2025-11-14T09:17:38+00:00\" \/>\n<script type=\"application\/ld+json\" class=\"yoast-schema-graph\">{\"@context\":\"https:\/\/schema.org\",\"@graph\":[{\"@type\":\"WebPage\",\"@id\":\"https:\/\/apc-austria.com\/impressum\/\",\"url\":\"https:\/\/apc-austria.com\/impressum\/\",\"name\":\"Impressum von APC Austria \u2013 Unternehmen & Kontakt\",\"isPartOf\":{\"@id\":\"https:\/\/apc-austria.com\/#website\"},\"datePublished\":\"2025-09-02T07:31:07+00:00\",\"dateModified\":\"2025-11-14T09:17:38+00:00\",\"description\":\"Impressum mit Firmenangaben, Adresse und Kontaktdaten von APC Austria \u2013 Transparenz & gesetzliche Informationen.\",\"breadcrumb\":{\"@id\":\"https:\/\/apc-austria.com\/impressum\/#breadcrumb\"},\"inLanguage\":\"fr-FR\",\"potentialAction\":[{\"@type\":\"ReadAction\",\"target\":[\"https:\/\/apc-austria.com\/impressum\/\"]}]},{\"@type\":\"BreadcrumbList\",\"@id\":\"https:\/\/apc-austria.com\/impressum\/#breadcrumb\",\"itemListElement\":[{\"@type\":\"ListItem\",\"position\":1,\"name\":\"Home\",\"item\":\"https:\/\/apc-austria.com\/\"},{\"@type\":\"ListItem\",\"position\":2,\"name\":\"Impressum\"}]},{\"@type\":\"WebSite\",\"@id\":\"https:\/\/apc-austria.com\/#website\",\"url\":\"https:\/\/apc-austria.com\/\",\"name\":\"apc-austria\",\"description\":\"\",\"publisher\":{\"@id\":\"https:\/\/apc-austria.com\/#organization\"},\"potentialAction\":[{\"@type\":\"SearchAction\",\"target\":{\"@type\":\"EntryPoint\",\"urlTemplate\":\"https:\/\/apc-austria.com\/?s={search_term_string}\"},\"query-input\":{\"@type\":\"PropertyValueSpecification\",\"valueRequired\":true,\"valueName\":\"search_term_string\"}}],\"inLanguage\":\"fr-FR\"},{\"@type\":\"Organization\",\"@id\":\"https:\/\/apc-austria.com\/#organization\",\"name\":\"apc-austria\",\"url\":\"https:\/\/apc-austria.com\/\",\"logo\":{\"@type\":\"ImageObject\",\"inLanguage\":\"fr-FR\",\"@id\":\"https:\/\/apc-austria.com\/#\/schema\/logo\/image\/\",\"url\":\"https:\/\/apc-austria.com\/wp-content\/uploads\/2024\/08\/header_schwein.png\",\"contentUrl\":\"https:\/\/apc-austria.com\/wp-content\/uploads\/2024\/08\/header_schwein.png\",\"width\":139,\"height\":66,\"caption\":\"apc-austria\"},\"image\":{\"@id\":\"https:\/\/apc-austria.com\/#\/schema\/logo\/image\/\"}}]}<\/script>\n<!-- \/ Yoast SEO plugin. -->","yoast_head_json":{"title":"Mentions l\u00e9gales d&#039;APC Austria \u2013 Soci\u00e9t\u00e9 et contact","description":"Mentions l\u00e9gales contenant les informations sur l&#039;entreprise, l&#039;adresse et les coordonn\u00e9es d&#039;APC Austria \u2013 Transparence et informations juridiques.","robots":{"index":"index","follow":"follow","max-snippet":"max-snippet:-1","max-image-preview":"max-image-preview:large","max-video-preview":"max-video-preview:-1"},"canonical":"https:\/\/apc-austria.com\/fr\/imprimer\/","og_locale":"fr_FR","og_type":"article","og_title":"Impressum von APC Austria \u2013 Unternehmen & Kontakt","og_description":"Impressum mit Firmenangaben, Adresse und Kontaktdaten von APC Austria \u2013 Transparenz & gesetzliche Informationen.","og_url":"https:\/\/apc-austria.com\/fr\/imprimer\/","og_site_name":"apc-austria","article_modified_time":"2025-11-14T09:17:38+00:00","schema":{"@context":"https:\/\/schema.org","@graph":[{"@type":"WebPage","@id":"https:\/\/apc-austria.com\/impressum\/","url":"https:\/\/apc-austria.com\/impressum\/","name":"Mentions l\u00e9gales d&#039;APC Austria \u2013 Soci\u00e9t\u00e9 et contact","isPartOf":{"@id":"https:\/\/apc-austria.com\/#website"},"datePublished":"2025-09-02T07:31:07+00:00","dateModified":"2025-11-14T09:17:38+00:00","description":"Mentions l\u00e9gales contenant les informations sur l&#039;entreprise, l&#039;adresse et les coordonn\u00e9es d&#039;APC Austria \u2013 Transparence et informations juridiques.","breadcrumb":{"@id":"https:\/\/apc-austria.com\/impressum\/#breadcrumb"},"inLanguage":"fr-FR","potentialAction":[{"@type":"ReadAction","target":["https:\/\/apc-austria.com\/impressum\/"]}]},{"@type":"BreadcrumbList","@id":"https:\/\/apc-austria.com\/impressum\/#breadcrumb","itemListElement":[{"@type":"ListItem","position":1,"name":"Home","item":"https:\/\/apc-austria.com\/"},{"@type":"ListItem","position":2,"name":"Impressum"}]},{"@type":"WebSite","@id":"https:\/\/apc-austria.com\/#website","url":"https:\/\/apc-austria.com\/","name":"apc-autriche","description":"","publisher":{"@id":"https:\/\/apc-austria.com\/#organization"},"potentialAction":[{"@type":"SearchAction","target":{"@type":"EntryPoint","urlTemplate":"https:\/\/apc-austria.com\/?s={search_term_string}"},"query-input":{"@type":"PropertyValueSpecification","valueRequired":true,"valueName":"search_term_string"}}],"inLanguage":"fr-FR"},{"@type":"Organization","@id":"https:\/\/apc-austria.com\/#organization","name":"apc-autriche","url":"https:\/\/apc-austria.com\/","logo":{"@type":"ImageObject","inLanguage":"fr-FR","@id":"https:\/\/apc-austria.com\/#\/schema\/logo\/image\/","url":"https:\/\/apc-austria.com\/wp-content\/uploads\/2024\/08\/header_schwein.png","contentUrl":"https:\/\/apc-austria.com\/wp-content\/uploads\/2024\/08\/header_schwein.png","width":139,"height":66,"caption":"apc-austria"},"image":{"@id":"https:\/\/apc-austria.com\/#\/schema\/logo\/image\/"}}]}},"_links":{"self":[{"href":"https:\/\/apc-austria.com\/fr\/wp-json\/wp\/v2\/pages\/698","targetHints":{"allow":["GET"]}}],"collection":[{"href":"https:\/\/apc-austria.com\/fr\/wp-json\/wp\/v2\/pages"}],"about":[{"href":"https:\/\/apc-austria.com\/fr\/wp-json\/wp\/v2\/types\/page"}],"author":[{"embeddable":true,"href":"https:\/\/apc-austria.com\/fr\/wp-json\/wp\/v2\/users\/2"}],"replies":[{"embeddable":true,"href":"https:\/\/apc-austria.com\/fr\/wp-json\/wp\/v2\/comments?post=698"}],"version-history":[{"count":17,"href":"https:\/\/apc-austria.com\/fr\/wp-json\/wp\/v2\/pages\/698\/revisions"}],"predecessor-version":[{"id":1391,"href":"https:\/\/apc-austria.com\/fr\/wp-json\/wp\/v2\/pages\/698\/revisions\/1391"}],"wp:attachment":[{"href":"https:\/\/apc-austria.com\/fr\/wp-json\/wp\/v2\/media?parent=698"}],"curies":[{"name":"wp","href":"https:\/\/api.w.org\/{rel}","templated":true}]}}