{"id":1273,"date":"2025-10-17T13:41:57","date_gmt":"2025-10-17T13:41:57","guid":{"rendered":"http:\/\/neu-2025.apc-austria.com\/?page_id=1273"},"modified":"2025-11-14T09:24:11","modified_gmt":"2025-11-14T09:24:11","slug":"%d1%81%d0%bf%d0%b0%d1%81%d0%b8%d0%b1%d0%be","status":"publish","type":"page","link":"https:\/\/apc-austria.com\/ru\/danke\/","title":{"rendered":"\u0421\u043f\u0430\u0441\u0438\u0431\u043e"},"content":{"rendered":"<div data-elementor-type=\"wp-page\" data-elementor-id=\"1273\" class=\"elementor elementor-1273\">\n\t\t\t\t\t\t<section class=\"elementor-section elementor-top-section elementor-element elementor-element-0bc179f elementor-section-height-min-height elementor-section-boxed elementor-section-height-default elementor-section-items-middle\" data-id=\"0bc179f\" data-element_type=\"section\" data-e-type=\"section\" data-settings=\"{&quot;background_background&quot;:&quot;classic&quot;}\">\n\t\t\t\t\t\t\t<div class=\"elementor-background-overlay\"><\/div>\n\t\t\t\t\t\t\t<div class=\"elementor-container elementor-column-gap-default\">\n\t\t\t\t\t<div class=\"elementor-column elementor-col-100 elementor-top-column elementor-element elementor-element-80798ff\" data-id=\"80798ff\" data-element_type=\"column\" data-e-type=\"column\">\n\t\t\t<div class=\"elementor-widget-wrap elementor-element-populated\">\n\t\t\t\t\t\t<div class=\"elementor-element elementor-element-159bef3 elementor-invisible elementor-widget elementor-widget-heading\" data-id=\"159bef3\" data-element_type=\"widget\" data-e-type=\"widget\" data-settings=\"{&quot;_animation&quot;:&quot;fadeIn&quot;}\" data-widget_type=\"heading.default\">\n\t\t\t\t<div class=\"elementor-widget-container\">\n\t\t\t\t\t<h2 class=\"elementor-heading-title elementor-size-default\">Vielen Dank f\u00fcr Ihre Anfrage!<\/h2>\t\t\t\t<\/div>\n\t\t\t\t<\/div>\n\t\t\t\t<div class=\"elementor-element elementor-element-485e8a7 elementor-widget elementor-widget-text-editor\" data-id=\"485e8a7\" data-element_type=\"widget\" data-e-type=\"widget\" data-widget_type=\"text-editor.default\">\n\t\t\t\t<div class=\"elementor-widget-container\">\n\t\t\t\t\t\t\t\t\t<p>Wir von APC Austria bedanken uns herzlich f\u00fcr Ihre Anfrage. Wir melden uns in K\u00fcrze bei Ihnen.<\/p>\t\t\t\t\t\t\t\t<\/div>\n\t\t\t\t<\/div>\n\t\t\t\t<div class=\"elementor-element elementor-element-66440ce elementor-align-center elementor-widget elementor-widget-button\" data-id=\"66440ce\" data-element_type=\"widget\" data-e-type=\"widget\" data-widget_type=\"button.default\">\n\t\t\t\t<div class=\"elementor-widget-container\">\n\t\t\t\t\t\t\t\t\t<div class=\"elementor-button-wrapper\">\n\t\t\t\t\t<a class=\"elementor-button elementor-button-link elementor-size-sm\" href=\"https:\/\/apc-austria.com\/ru\/\">\n\t\t\t\t\t\t<span class=\"elementor-button-content-wrapper\">\n\t\t\t\t\t\t\t\t\t<span class=\"elementor-button-text\">Zur\u00fcck zur Startseite<\/span>\n\t\t\t\t\t<\/span>\n\t\t\t\t\t<\/a>\n\t\t\t\t<\/div>\n\t\t\t\t\t\t\t\t<\/div>\n\t\t\t\t<\/div>\n\t\t\t\t\t<\/div>\n\t\t<\/div>\n\t\t\t\t\t<\/div>\n\t\t<\/section>\n\t\t\t\t<\/div>","protected":false},"excerpt":{"rendered":"<p>\u0411\u043b\u0430\u0433\u043e\u0434\u0430\u0440\u0438\u043c \u0437\u0430 \u0432\u0430\u0448 \u0437\u0430\u043f\u0440\u043e\u0441! \u041c\u044b \u0432 APC Austria \u0438\u0441\u043a\u0440\u0435\u043d\u043d\u0435 \u0446\u0435\u043d\u0438\u043c \u0432\u0430\u0448 \u0437\u0430\u043f\u0440\u043e\u0441. \u041c\u044b \u0441\u0432\u044f\u0436\u0435\u043c\u0441\u044f \u0441 \u0432\u0430\u043c\u0438 \u0432 \u0431\u043b\u0438\u0436\u0430\u0439\u0448\u0435\u0435 \u0432\u0440\u0435\u043c\u044f. \u0412\u0435\u0440\u043d\u0443\u0442\u044c\u0441\u044f \u043d\u0430 \u0433\u043b\u0430\u0432\u043d\u0443\u044e \u0441\u0442\u0440\u0430\u043d\u0438\u0446\u0443<\/p>","protected":false},"author":2,"featured_media":0,"parent":0,"menu_order":0,"comment_status":"closed","ping_status":"closed","template":"","meta":{"footnotes":""},"class_list":["post-1273","page","type-page","status-publish","hentry"],"yoast_head":"<!-- This site is optimized with the Yoast SEO plugin v27.1.1 - https:\/\/yoast.com\/product\/yoast-seo-wordpress\/ -->\n<title>Danke f\u00fcr Ihre Anfrage | APC Austria<\/title>\n<meta name=\"description\" content=\"Vielen Dank f\u00fcr Ihre Nachricht. APC Austria \u2013 Ihr Partner f\u00fcr zuverl\u00e4ssige F\u00fctterl\u00f6sungen und kompetente Beratung.\" \/>\n<meta name=\"robots\" content=\"index, follow, max-snippet:-1, max-image-preview:large, max-video-preview:-1\" \/>\n<link rel=\"canonical\" href=\"https:\/\/apc-austria.com\/ru\/\u0441\u043f\u0430\u0441\u0438\u0431\u043e\/\" \/>\n<meta property=\"og:locale\" content=\"ru_RU\" \/>\n<meta property=\"og:type\" content=\"article\" \/>\n<meta property=\"og:title\" content=\"Danke f\u00fcr Ihre Anfrage | APC Austria\" \/>\n<meta property=\"og:description\" content=\"Vielen Dank f\u00fcr Ihre Nachricht. APC Austria \u2013 Ihr Partner f\u00fcr zuverl\u00e4ssige F\u00fctterl\u00f6sungen und kompetente Beratung.\" \/>\n<meta property=\"og:url\" content=\"https:\/\/apc-austria.com\/ru\/\u0441\u043f\u0430\u0441\u0438\u0431\u043e\/\" \/>\n<meta property=\"og:site_name\" content=\"apc-austria\" \/>\n<meta property=\"article:modified_time\" content=\"2025-11-14T09:24:11+00:00\" \/>\n<script type=\"application\/ld+json\" class=\"yoast-schema-graph\">{\"@context\":\"https:\/\/schema.org\",\"@graph\":[{\"@type\":\"WebPage\",\"@id\":\"https:\/\/apc-austria.com\/danke\/\",\"url\":\"https:\/\/apc-austria.com\/danke\/\",\"name\":\"Danke f\u00fcr Ihre Anfrage | APC Austria\",\"isPartOf\":{\"@id\":\"https:\/\/apc-austria.com\/#website\"},\"datePublished\":\"2025-10-17T13:41:57+00:00\",\"dateModified\":\"2025-11-14T09:24:11+00:00\",\"description\":\"Vielen Dank f\u00fcr Ihre Nachricht. APC Austria \u2013 Ihr Partner f\u00fcr zuverl\u00e4ssige F\u00fctterl\u00f6sungen und kompetente Beratung.\",\"breadcrumb\":{\"@id\":\"https:\/\/apc-austria.com\/danke\/#breadcrumb\"},\"inLanguage\":\"ru-RU\",\"potentialAction\":[{\"@type\":\"ReadAction\",\"target\":[\"https:\/\/apc-austria.com\/danke\/\"]}]},{\"@type\":\"BreadcrumbList\",\"@id\":\"https:\/\/apc-austria.com\/danke\/#breadcrumb\",\"itemListElement\":[{\"@type\":\"ListItem\",\"position\":1,\"name\":\"Home\",\"item\":\"https:\/\/apc-austria.com\/\"},{\"@type\":\"ListItem\",\"position\":2,\"name\":\"Danke\"}]},{\"@type\":\"WebSite\",\"@id\":\"https:\/\/apc-austria.com\/#website\",\"url\":\"https:\/\/apc-austria.com\/\",\"name\":\"apc-austria\",\"description\":\"\",\"publisher\":{\"@id\":\"https:\/\/apc-austria.com\/#organization\"},\"potentialAction\":[{\"@type\":\"SearchAction\",\"target\":{\"@type\":\"EntryPoint\",\"urlTemplate\":\"https:\/\/apc-austria.com\/?s={search_term_string}\"},\"query-input\":{\"@type\":\"PropertyValueSpecification\",\"valueRequired\":true,\"valueName\":\"search_term_string\"}}],\"inLanguage\":\"ru-RU\"},{\"@type\":\"Organization\",\"@id\":\"https:\/\/apc-austria.com\/#organization\",\"name\":\"apc-austria\",\"url\":\"https:\/\/apc-austria.com\/\",\"logo\":{\"@type\":\"ImageObject\",\"inLanguage\":\"ru-RU\",\"@id\":\"https:\/\/apc-austria.com\/#\/schema\/logo\/image\/\",\"url\":\"https:\/\/apc-austria.com\/wp-content\/uploads\/2024\/08\/header_schwein.png\",\"contentUrl\":\"https:\/\/apc-austria.com\/wp-content\/uploads\/2024\/08\/header_schwein.png\",\"width\":139,\"height\":66,\"caption\":\"apc-austria\"},\"image\":{\"@id\":\"https:\/\/apc-austria.com\/#\/schema\/logo\/image\/\"}}]}<\/script>\n<!-- \/ Yoast SEO plugin. -->","yoast_head_json":{"title":"Danke f\u00fcr Ihre Anfrage | APC Austria","description":"Vielen Dank f\u00fcr Ihre Nachricht. APC Austria \u2013 Ihr Partner f\u00fcr zuverl\u00e4ssige F\u00fctterl\u00f6sungen und kompetente Beratung.","robots":{"index":"index","follow":"follow","max-snippet":"max-snippet:-1","max-image-preview":"max-image-preview:large","max-video-preview":"max-video-preview:-1"},"canonical":"https:\/\/apc-austria.com\/ru\/\u0441\u043f\u0430\u0441\u0438\u0431\u043e\/","og_locale":"ru_RU","og_type":"article","og_title":"Danke f\u00fcr Ihre Anfrage | APC Austria","og_description":"Vielen Dank f\u00fcr Ihre Nachricht. APC Austria \u2013 Ihr Partner f\u00fcr zuverl\u00e4ssige F\u00fctterl\u00f6sungen und kompetente Beratung.","og_url":"https:\/\/apc-austria.com\/ru\/\u0441\u043f\u0430\u0441\u0438\u0431\u043e\/","og_site_name":"apc-austria","article_modified_time":"2025-11-14T09:24:11+00:00","schema":{"@context":"https:\/\/schema.org","@graph":[{"@type":"WebPage","@id":"https:\/\/apc-austria.com\/danke\/","url":"https:\/\/apc-austria.com\/danke\/","name":"Danke f\u00fcr Ihre Anfrage | APC Austria","isPartOf":{"@id":"https:\/\/apc-austria.com\/#website"},"datePublished":"2025-10-17T13:41:57+00:00","dateModified":"2025-11-14T09:24:11+00:00","description":"Vielen Dank f\u00fcr Ihre Nachricht. APC Austria \u2013 Ihr Partner f\u00fcr zuverl\u00e4ssige F\u00fctterl\u00f6sungen und kompetente Beratung.","breadcrumb":{"@id":"https:\/\/apc-austria.com\/danke\/#breadcrumb"},"inLanguage":"ru-RU","potentialAction":[{"@type":"ReadAction","target":["https:\/\/apc-austria.com\/danke\/"]}]},{"@type":"BreadcrumbList","@id":"https:\/\/apc-austria.com\/danke\/#breadcrumb","itemListElement":[{"@type":"ListItem","position":1,"name":"Home","item":"https:\/\/apc-austria.com\/"},{"@type":"ListItem","position":2,"name":"Danke"}]},{"@type":"WebSite","@id":"https:\/\/apc-austria.com\/#website","url":"https:\/\/apc-austria.com\/","name":"apc-austria","description":"","publisher":{"@id":"https:\/\/apc-austria.com\/#organization"},"potentialAction":[{"@type":"SearchAction","target":{"@type":"EntryPoint","urlTemplate":"https:\/\/apc-austria.com\/?s={search_term_string}"},"query-input":{"@type":"PropertyValueSpecification","valueRequired":true,"valueName":"search_term_string"}}],"inLanguage":"ru-RU"},{"@type":"Organization","@id":"https:\/\/apc-austria.com\/#organization","name":"apc-austria","url":"https:\/\/apc-austria.com\/","logo":{"@type":"ImageObject","inLanguage":"ru-RU","@id":"https:\/\/apc-austria.com\/#\/schema\/logo\/image\/","url":"https:\/\/apc-austria.com\/wp-content\/uploads\/2024\/08\/header_schwein.png","contentUrl":"https:\/\/apc-austria.com\/wp-content\/uploads\/2024\/08\/header_schwein.png","width":139,"height":66,"caption":"apc-austria"},"image":{"@id":"https:\/\/apc-austria.com\/#\/schema\/logo\/image\/"}}]}},"_links":{"self":[{"href":"https:\/\/apc-austria.com\/ru\/wp-json\/wp\/v2\/pages\/1273","targetHints":{"allow":["GET"]}}],"collection":[{"href":"https:\/\/apc-austria.com\/ru\/wp-json\/wp\/v2\/pages"}],"about":[{"href":"https:\/\/apc-austria.com\/ru\/wp-json\/wp\/v2\/types\/page"}],"author":[{"embeddable":true,"href":"https:\/\/apc-austria.com\/ru\/wp-json\/wp\/v2\/users\/2"}],"replies":[{"embeddable":true,"href":"https:\/\/apc-austria.com\/ru\/wp-json\/wp\/v2\/comments?post=1273"}],"version-history":[{"count":6,"href":"https:\/\/apc-austria.com\/ru\/wp-json\/wp\/v2\/pages\/1273\/revisions"}],"predecessor-version":[{"id":1398,"href":"https:\/\/apc-austria.com\/ru\/wp-json\/wp\/v2\/pages\/1273\/revisions\/1398"}],"wp:attachment":[{"href":"https:\/\/apc-austria.com\/ru\/wp-json\/wp\/v2\/media?parent=1273"}],"curies":[{"name":"WP","href":"https:\/\/api.w.org\/{rel}","templated":true}]}}