{"id":631,"date":"2025-08-06T07:59:27","date_gmt":"2025-08-06T07:59:27","guid":{"rendered":"http:\/\/neu-2025.apc-austria.com\/?page_id=631"},"modified":"2025-11-14T09:05:59","modified_gmt":"2025-11-14T09:05:59","slug":"%d0%bd%d0%be%d0%b2%d0%be%d1%81%d1%82%d0%b8","status":"publish","type":"page","link":"https:\/\/apc-austria.com\/ru\/news\/","title":{"rendered":"\u041d\u043e\u0432\u043e\u0441\u0442\u0438"},"content":{"rendered":"<div data-elementor-type=\"wp-page\" data-elementor-id=\"631\" class=\"elementor elementor-631\">\n\t\t\t\t\t\t<section class=\"elementor-section elementor-top-section elementor-element elementor-element-3959906 elementor-section-height-min-height elementor-section-boxed elementor-section-height-default elementor-section-items-middle\" data-id=\"3959906\" data-element_type=\"section\" data-e-type=\"section\" data-settings=\"{&quot;background_background&quot;:&quot;classic&quot;}\">\n\t\t\t\t\t\t\t<div class=\"elementor-background-overlay\"><\/div>\n\t\t\t\t\t\t\t<div class=\"elementor-container elementor-column-gap-default\">\n\t\t\t\t\t<div class=\"elementor-column elementor-col-100 elementor-top-column elementor-element elementor-element-39202e4\" data-id=\"39202e4\" data-element_type=\"column\" data-e-type=\"column\">\n\t\t\t<div class=\"elementor-widget-wrap elementor-element-populated\">\n\t\t\t\t\t\t<div class=\"elementor-element elementor-element-af064f5 elementor-invisible elementor-widget elementor-widget-heading\" data-id=\"af064f5\" data-element_type=\"widget\" data-e-type=\"widget\" data-settings=\"{&quot;_animation&quot;:&quot;fadeIn&quot;}\" data-widget_type=\"heading.default\">\n\t\t\t\t<div class=\"elementor-widget-container\">\n\t\t\t\t\t<h2 class=\"elementor-heading-title elementor-size-default\">\u041e\u0442\u0447\u0435\u0442\u044b \u043e \u0434\u0435\u043b\u0430\u0445 \u0438 \u043d\u043e\u0432\u043e\u0441\u0442\u0438 \u043e\u0431 APC Austria<\/h2>\t\t\t\t<\/div>\n\t\t\t\t<\/div>\n\t\t\t\t\t<\/div>\n\t\t<\/div>\n\t\t\t\t\t<\/div>\n\t\t<\/section>\n\t\t\t\t<section class=\"elementor-section elementor-top-section elementor-element elementor-element-9210eb9 elementor-reverse-mobile elementor-section-boxed elementor-section-height-default elementor-section-height-default\" data-id=\"9210eb9\" data-element_type=\"section\" data-e-type=\"section\">\n\t\t\t\t\t\t\t<div class=\"elementor-background-overlay\"><\/div>\n\t\t\t\t\t\t\t<div class=\"elementor-container elementor-column-gap-default\">\n\t\t\t\t\t<div class=\"elementor-column elementor-col-100 elementor-top-column elementor-element elementor-element-9d5dddf\" data-id=\"9d5dddf\" data-element_type=\"column\" data-e-type=\"column\">\n\t\t\t<div class=\"elementor-widget-wrap elementor-element-populated\">\n\t\t\t\t\t\t<div class=\"elementor-element elementor-element-927d7f3 elementor-invisible elementor-widget elementor-widget-heading\" data-id=\"927d7f3\" data-element_type=\"widget\" data-e-type=\"widget\" data-settings=\"{&quot;_animation&quot;:&quot;fadeIn&quot;,&quot;_animation_delay&quot;:200}\" data-widget_type=\"heading.default\">\n\t\t\t\t<div class=\"elementor-widget-container\">\n\t\t\t\t\t<h2 class=\"elementor-heading-title elementor-size-default\">\u041d\u043e\u0432\u043e\u0441\u0442\u0438 \u043e\u0434\u043d\u0438\u043c \u0432\u0437\u0433\u043b\u044f\u0434\u043e\u043c<\/h2>\t\t\t\t<\/div>\n\t\t\t\t<\/div>\n\t\t\t\t<div class=\"elementor-element elementor-element-e44e210 elementor-widget elementor-widget-text-editor\" data-id=\"e44e210\" data-element_type=\"widget\" data-e-type=\"widget\" data-widget_type=\"text-editor.default\">\n\t\t\t\t<div class=\"elementor-widget-container\">\n\t\t\t\t\t\t\t\t\t<p>\u0411\u0443\u0434\u044c\u0442\u0435 \u0432 \u043a\u0443\u0440\u0441\u0435 \u043d\u043e\u0432\u043e\u0441\u0442\u0435\u0439, \u043f\u0440\u043e\u0435\u043a\u0442\u043e\u0432 \u0438 \u0440\u0430\u0437\u0440\u0430\u0431\u043e\u0442\u043e\u043a APC Austria. \u0417\u0434\u0435\u0441\u044c \u0432\u044b \u043d\u0430\u0439\u0434\u0435\u0442\u0435 \u0430\u043a\u0442\u0443\u0430\u043b\u044c\u043d\u0443\u044e \u0438\u043d\u0444\u043e\u0440\u043c\u0430\u0446\u0438\u044e \u0438 \u043f\u0440\u0430\u043a\u0442\u0438\u0447\u0435\u0441\u043a\u0438\u0435 \u043e\u0442\u0447\u0435\u0442\u044b \u043e \u043a\u043e\u0440\u043c\u043e\u0432\u044b\u0445 \u0434\u043e\u0431\u0430\u0432\u043a\u0430\u0445 APC Austria.<\/p>\t\t\t\t\t\t\t\t<\/div>\n\t\t\t\t<\/div>\n\t\t\t\t<div class=\"elementor-element elementor-element-1354a8c elementor-invisible elementor-widget elementor-widget-heading\" data-id=\"1354a8c\" data-element_type=\"widget\" data-e-type=\"widget\" data-settings=\"{&quot;_animation&quot;:&quot;fadeIn&quot;,&quot;_animation_delay&quot;:200}\" data-widget_type=\"heading.default\">\n\t\t\t\t<div class=\"elementor-widget-container\">\n\t\t\t\t\t<h2 class=\"elementor-heading-title elementor-size-default\">\u041f\u0440\u0430\u043a\u0442\u0438\u0447\u0435\u0441\u043a\u0438\u0435 \u043e\u0442\u0447\u0435\u0442\u044b \u043f\u043e \u0441\u0432\u0438\u043d\u043e\u0432\u043e\u0434\u0441\u0442\u0432\u0443<\/h2>\t\t\t\t<\/div>\n\t\t\t\t<\/div>\n\t\t\t\t<div class=\"elementor-element elementor-element-f657c52 elementor-widget elementor-widget-text-editor\" data-id=\"f657c52\" data-element_type=\"widget\" data-e-type=\"widget\" data-widget_type=\"text-editor.default\">\n\t\t\t\t<div class=\"elementor-widget-container\">\n\t\t\t\t\t\t\t\t\t<p class=\"p1\"><a href=\"https:\/\/apc-austria.com\/wp-content\/uploads\/2025\/08\/Kurzbericht_Gumpenstein_Prof__Schuh-1.pdf\">\u041a\u0440\u0430\u0442\u043a\u0438\u0439 \u043e\u0442\u0447\u0435\u0442 \u043f\u0440\u043e\u0444\u0435\u0441\u0441\u043e\u0440\u0430 \u0428\u0443, \u0413\u0443\u043c\u043f\u0435\u043d\u0448\u0442\u0430\u0439\u043d\u0430<\/a><\/p><p class=\"p1\"><a href=\"https:\/\/apc-austria.com\/wp-content\/uploads\/2025\/08\/Bericht_FH_Osnabrueck.pdf\">\u041e\u0442\u0447\u0435\u0442 FH, \u041e\u0441\u043d\u0430\u0431\u0440\u044e\u043a<\/a><\/p><p class=\"p1\"><a href=\"https:\/\/apc-austria.com\/wp-content\/uploads\/2025\/08\/HS_APC_Schweinemast.pdf\">\u041e\u0442\u043a\u043e\u0440\u043c \u0441\u0432\u0438\u043d\u0435\u0439 HS APC<\/a><\/p><p class=\"p1\"><a href=\"https:\/\/apc-austria.com\/wp-content\/uploads\/2025\/08\/Mit_APC_3_7_Mastplaetze_pro_ha_mehr_in_NRW.pdf\">\u0411\u043b\u0430\u0433\u043e\u0434\u0430\u0440\u044f APC \u0432 \u0421\u0435\u0432\u0435\u0440\u043d\u043e\u043c \u0420\u0435\u0439\u043d\u0435 \u2014 \u0412\u0435\u0441\u0442\u0444\u0430\u043b\u0438\u0438 \u0438\u043c\u0435\u0435\u0442\u0441\u044f \u043d\u0430 3,7 \u0431\u043e\u043b\u044c\u0448\u0435 \u043c\u0435\u0441\u0442 \u043e\u0442\u043a\u043e\u0440\u043c\u0430 \u043d\u0430 \u0433\u0435\u043a\u0442\u0430\u0440.<\/a><\/p><p class=\"p1\"><a href=\"https:\/\/apc-austria.com\/wp-content\/uploads\/2025\/08\/Mit_APC_weniger_N_u._P_Ausscheidungen_in_Deutschland.pdf\">\u0410\u0420\u0421 \u0441\u043d\u0438\u0436\u0430\u0435\u0442 \u0432\u044b\u0431\u0440\u043e\u0441\u044b \u0430\u0437\u043e\u0442\u0430 \u0438 \u0444\u043e\u0441\u0444\u043e\u0440\u0430 \u0432 \u0413\u0435\u0440\u043c\u0430\u043d\u0438\u0438<\/a><\/p><p class=\"p1\"><a href=\"https:\/\/apc-austria.com\/wp-content\/uploads\/2025\/08\/APC_Flyer_Duesse_k3.pdf\">Haus D\u00fcsse \u0442\u0435\u0441\u0442\u0438\u0440\u0443\u0435\u0442 \u043a\u043e\u0440\u043c \u0434\u043b\u044f \u0441\u0432\u0438\u043d\u043e\u043c\u0430\u0442\u043e\u043a APC<\/a><\/p>\t\t\t\t\t\t\t\t<\/div>\n\t\t\t\t<\/div>\n\t\t\t\t<div class=\"elementor-element elementor-element-3060425 elementor-hidden-desktop elementor-hidden-tablet elementor-hidden-mobile elementor-invisible elementor-widget elementor-widget-heading\" data-id=\"3060425\" data-element_type=\"widget\" data-e-type=\"widget\" data-settings=\"{&quot;_animation&quot;:&quot;fadeIn&quot;,&quot;_animation_delay&quot;:200}\" data-widget_type=\"heading.default\">\n\t\t\t\t<div class=\"elementor-widget-container\">\n\t\t\t\t\t<h2 class=\"elementor-heading-title elementor-size-default\">\u041f\u0440\u0430\u043a\u0442\u0438\u0447\u0435\u0441\u043a\u0438\u0435 \u043e\u0442\u0447\u0435\u0442\u044b \u043f\u043e \u043f\u0442\u0438\u0446\u0435\u0432\u043e\u0434\u0441\u0442\u0432\u0443<\/h2>\t\t\t\t<\/div>\n\t\t\t\t<\/div>\n\t\t\t\t<div class=\"elementor-element elementor-element-15de545 elementor-hidden-desktop elementor-hidden-tablet elementor-hidden-mobile elementor-widget elementor-widget-text-editor\" data-id=\"15de545\" data-element_type=\"widget\" data-e-type=\"widget\" data-widget_type=\"text-editor.default\">\n\t\t\t\t<div class=\"elementor-widget-container\">\n\t\t\t\t\t\t\t\t\t<p>\u0411\u0443\u0434\u044c\u0442\u0435 \u0432 \u043a\u0443\u0440\u0441\u0435 \u043d\u043e\u0432\u043e\u0441\u0442\u0435\u0439, \u043f\u0440\u043e\u0435\u043a\u0442\u043e\u0432 \u0438 \u0440\u0430\u0437\u0440\u0430\u0431\u043e\u0442\u043e\u043a APC Austria. \u0417\u0434\u0435\u0441\u044c \u0432\u044b \u043d\u0430\u0439\u0434\u0435\u0442\u0435 \u0430\u043a\u0442\u0443\u0430\u043b\u044c\u043d\u0443\u044e \u0438\u043d\u0444\u043e\u0440\u043c\u0430\u0446\u0438\u044e \u0438 \u043f\u0440\u0430\u043a\u0442\u0438\u0447\u0435\u0441\u043a\u0438\u0435 \u043e\u0442\u0447\u0435\u0442\u044b \u043e \u043a\u043e\u0440\u043c\u043e\u0432\u044b\u0445 \u0434\u043e\u0431\u0430\u0432\u043a\u0430\u0445 APC Austria.<\/p>\t\t\t\t\t\t\t\t<\/div>\n\t\t\t\t<\/div>\n\t\t\t\t<div class=\"elementor-element elementor-element-2c76936 elementor-hidden-desktop elementor-hidden-tablet elementor-hidden-mobile elementor-invisible elementor-widget elementor-widget-heading\" data-id=\"2c76936\" data-element_type=\"widget\" data-e-type=\"widget\" data-settings=\"{&quot;_animation&quot;:&quot;fadeIn&quot;,&quot;_animation_delay&quot;:200}\" data-widget_type=\"heading.default\">\n\t\t\t\t<div class=\"elementor-widget-container\">\n\t\t\t\t\t<h2 class=\"elementor-heading-title elementor-size-default\">\u041f\u0440\u0430\u043a\u0442\u0438\u0447\u0435\u0441\u043a\u0438\u0435 \u043e\u0442\u0447\u0435\u0442\u044b \u043f\u043e \u043a\u0440\u0443\u043f\u043d\u043e\u043c\u0443 \u0440\u043e\u0433\u0430\u0442\u043e\u043c\u0443 \u0441\u043a\u043e\u0442\u0443<\/h2>\t\t\t\t<\/div>\n\t\t\t\t<\/div>\n\t\t\t\t<div class=\"elementor-element elementor-element-c1f006c elementor-hidden-desktop elementor-hidden-tablet elementor-hidden-mobile elementor-widget elementor-widget-text-editor\" data-id=\"c1f006c\" data-element_type=\"widget\" data-e-type=\"widget\" data-widget_type=\"text-editor.default\">\n\t\t\t\t<div class=\"elementor-widget-container\">\n\t\t\t\t\t\t\t\t\t<p>\u0411\u0443\u0434\u044c\u0442\u0435 \u0432 \u043a\u0443\u0440\u0441\u0435 \u043d\u043e\u0432\u043e\u0441\u0442\u0435\u0439, \u043f\u0440\u043e\u0435\u043a\u0442\u043e\u0432 \u0438 \u0440\u0430\u0437\u0440\u0430\u0431\u043e\u0442\u043e\u043a APC Austria. \u0417\u0434\u0435\u0441\u044c \u0432\u044b \u043d\u0430\u0439\u0434\u0435\u0442\u0435 \u0430\u043a\u0442\u0443\u0430\u043b\u044c\u043d\u0443\u044e \u0438\u043d\u0444\u043e\u0440\u043c\u0430\u0446\u0438\u044e \u0438 \u043f\u0440\u0430\u043a\u0442\u0438\u0447\u0435\u0441\u043a\u0438\u0435 \u043e\u0442\u0447\u0435\u0442\u044b \u043e \u043a\u043e\u0440\u043c\u043e\u0432\u044b\u0445 \u0434\u043e\u0431\u0430\u0432\u043a\u0430\u0445 APC Austria.<\/p>\t\t\t\t\t\t\t\t<\/div>\n\t\t\t\t<\/div>\n\t\t\t\t\t<\/div>\n\t\t<\/div>\n\t\t\t\t\t<\/div>\n\t\t<\/section>\n\t\t\t\t<section class=\"elementor-section elementor-top-section elementor-element elementor-element-3de5841 elementor-section-boxed elementor-section-height-default elementor-section-height-default\" data-id=\"3de5841\" data-element_type=\"section\" data-e-type=\"section\">\n\t\t\t\t\t\t<div class=\"elementor-container elementor-column-gap-default\">\n\t\t\t\t\t<div class=\"elementor-column elementor-col-100 elementor-top-column elementor-element elementor-element-a875581 elementor-invisible\" data-id=\"a875581\" data-element_type=\"column\" data-e-type=\"column\" data-settings=\"{&quot;background_background&quot;:&quot;classic&quot;,&quot;animation&quot;:&quot;fadeIn&quot;}\">\n\t\t\t<div class=\"elementor-widget-wrap elementor-element-populated\">\n\t\t\t\t\t<div class=\"elementor-background-overlay\"><\/div>\n\t\t\t\t\t\t<div class=\"elementor-element elementor-element-a90225f elementor-invisible elementor-widget elementor-widget-text-editor\" data-id=\"a90225f\" data-element_type=\"widget\" data-e-type=\"widget\" data-settings=\"{&quot;_animation&quot;:&quot;fadeIn&quot;}\" data-widget_type=\"text-editor.default\">\n\t\t\t\t<div class=\"elementor-widget-container\">\n\t\t\t\t\t\t\t\t\t<p>\u0412\u0430\u0441 \u0438\u043d\u0442\u0435\u0440\u0435\u0441\u0443\u0435\u0442 \u043d\u0430\u0448\u0430 \u043f\u0440\u043e\u0434\u0443\u043a\u0446\u0438\u044f?<\/p>\t\t\t\t\t\t\t\t<\/div>\n\t\t\t\t<\/div>\n\t\t\t\t<div class=\"elementor-element elementor-element-bbcfd37 elementor-widget__width-initial elementor-widget-mobile__width-initial elementor-invisible elementor-widget elementor-widget-heading\" data-id=\"bbcfd37\" data-element_type=\"widget\" data-e-type=\"widget\" data-settings=\"{&quot;_animation&quot;:&quot;fadeIn&quot;,&quot;_animation_delay&quot;:200}\" data-widget_type=\"heading.default\">\n\t\t\t\t<div class=\"elementor-widget-container\">\n\t\t\t\t\t<h2 class=\"elementor-heading-title elementor-size-default\">APC Austria \u0441\u043f\u0435\u0446\u0438\u0430\u043b\u0438\u0437\u0438\u0440\u0443\u0435\u0442\u0441\u044f \u043d\u0430 \u0438\u043d\u0434\u0438\u0432\u0438\u0434\u0443\u0430\u043b\u044c\u043d\u044b\u0445 \u0440\u0435\u0448\u0435\u043d\u0438\u044f\u0445: <\/h2>\t\t\t\t<\/div>\n\t\t\t\t<\/div>\n\t\t\t\t<div class=\"elementor-element elementor-element-86c55d2 elementor-invisible elementor-widget elementor-widget-text-editor\" data-id=\"86c55d2\" data-element_type=\"widget\" data-e-type=\"widget\" data-settings=\"{&quot;_animation&quot;:&quot;fadeIn&quot;,&quot;_animation_delay&quot;:400}\" data-widget_type=\"text-editor.default\">\n\t\t\t\t<div class=\"elementor-widget-container\">\n\t\t\t\t\t\t\t\t\t<p>\u0412 APC Austria \u043c\u044b \u0441\u043f\u0435\u0446\u0438\u0430\u043b\u0438\u0437\u0438\u0440\u0443\u0435\u043c\u0441\u044f \u043d\u0430 \u0438\u043d\u0434\u0438\u0432\u0438\u0434\u0443\u0430\u043b\u044c\u043d\u044b\u0445 \u0440\u0435\u0448\u0435\u043d\u0438\u044f\u0445: \u0443\u0437\u043d\u0430\u0439\u0442\u0435, \u043a\u0430\u043a \u043d\u0430\u0448\u0438 \u043d\u0430\u0442\u0443\u0440\u0430\u043b\u044c\u043d\u044b\u0435 \u043a\u043e\u0440\u043c\u043e\u0432\u044b\u0435 \u0434\u043e\u0431\u0430\u0432\u043a\u0438 \u043c\u043e\u0433\u0443\u0442 \u0443\u043b\u0443\u0447\u0448\u0438\u0442\u044c \u0437\u0434\u043e\u0440\u043e\u0432\u044c\u0435 \u0432\u0430\u0448\u0438\u0445 \u0436\u0438\u0432\u043e\u0442\u043d\u044b\u0445, \u0441\u043d\u0438\u0437\u0438\u0442\u044c \u0437\u0430\u0442\u0440\u0430\u0442\u044b \u043d\u0430 \u043a\u043e\u0440\u043c\u0430 \u0438 \u043f\u043e\u0432\u044b\u0441\u0438\u0442\u044c \u0443\u0441\u0442\u043e\u0439\u0447\u0438\u0432\u043e\u0441\u0442\u044c \u0432\u0430\u0448\u0435\u0433\u043e \u043f\u0440\u043e\u0438\u0437\u0432\u043e\u0434\u0441\u0442\u0432\u0430. \u0421\u0432\u044f\u0436\u0438\u0442\u0435\u0441\u044c \u0441 \u043d\u0430\u043c\u0438 \u0434\u043b\u044f \u0438\u043d\u0434\u0438\u0432\u0438\u0434\u0443\u0430\u043b\u044c\u043d\u043e\u0439 \u043a\u043e\u043d\u0441\u0443\u043b\u044c\u0442\u0430\u0446\u0438\u0438!<\/p>\t\t\t\t\t\t\t\t<\/div>\n\t\t\t\t<\/div>\n\t\t\t\t<div class=\"elementor-element elementor-element-d34009d elementor-widget__width-auto elementor-invisible elementor-widget elementor-widget-button\" data-id=\"d34009d\" data-element_type=\"widget\" data-e-type=\"widget\" data-settings=\"{&quot;_animation&quot;:&quot;fadeIn&quot;,&quot;_animation_delay&quot;:600}\" data-widget_type=\"button.default\">\n\t\t\t\t<div class=\"elementor-widget-container\">\n\t\t\t\t\t\t\t\t\t<div class=\"elementor-button-wrapper\">\n\t\t\t\t\t<a class=\"elementor-button elementor-button-link elementor-size-sm\" href=\"https:\/\/apc-austria.com\/ru\/%d0%ba%d0%be%d0%bd%d1%82%d0%b0%d0%ba%d1%82\/\">\n\t\t\t\t\t\t<span class=\"elementor-button-content-wrapper\">\n\t\t\t\t\t\t\t\t\t<span class=\"elementor-button-text\">\u0421\u0432\u044f\u0437\u0430\u0442\u044c\u0441\u044f \u0441 \u043d\u0430\u043c\u0438<\/span>\n\t\t\t\t\t<\/span>\n\t\t\t\t\t<\/a>\n\t\t\t\t<\/div>\n\t\t\t\t\t\t\t\t<\/div>\n\t\t\t\t<\/div>\n\t\t\t\t<div class=\"elementor-element elementor-element-71d4044 elementor-widget__width-auto elementor-invisible elementor-widget elementor-widget-button\" data-id=\"71d4044\" data-element_type=\"widget\" data-e-type=\"widget\" data-settings=\"{&quot;_animation&quot;:&quot;fadeIn&quot;,&quot;_animation_delay&quot;:700}\" data-widget_type=\"button.default\">\n\t\t\t\t<div class=\"elementor-widget-container\">\n\t\t\t\t\t\t\t\t\t<div class=\"elementor-button-wrapper\">\n\t\t\t\t\t<a class=\"elementor-button elementor-button-link elementor-size-sm\" href=\"mailto:apc@apc-austria.com\">\n\t\t\t\t\t\t<span class=\"elementor-button-content-wrapper\">\n\t\t\t\t\t\t\t\t\t<span class=\"elementor-button-text\">\u0417\u0430\u043f\u0440\u043e\u0441\u0438\u0442\u0435 \u043d\u0430\u043f\u0440\u044f\u043c\u0443\u044e<\/span>\n\t\t\t\t\t<\/span>\n\t\t\t\t\t<\/a>\n\t\t\t\t<\/div>\n\t\t\t\t\t\t\t\t<\/div>\n\t\t\t\t<\/div>\n\t\t\t\t\t<\/div>\n\t\t<\/div>\n\t\t\t\t\t<\/div>\n\t\t<\/section>\n\t\t\t\t<\/div>","protected":false},"excerpt":{"rendered":"<p>Praxisberichte &amp; News rund um APC Austria Aktuelles im \u00dcberblick Bleiben Sie informiert \u00fcber Neuigkeiten, Projekte und Entwicklungen bei APC Austria. Hier finden Sie Aktuelles und Praxisberichte \u00fcber die Futterzus\u00e4tze von APC Austria. Praxisberichte Schweine Kurzbericht Gumpenstein, Professor Schuh Bericht FH, Osnabr\u00fcck HS APC Schweinemast Mit APC 3,7 Mastpl\u00e4tze pro ha mehr in NRW Mit [&hellip;]<\/p>\n","protected":false},"author":2,"featured_media":0,"parent":0,"menu_order":0,"comment_status":"closed","ping_status":"closed","template":"","meta":{"footnotes":""},"class_list":["post-631","page","type-page","status-publish","hentry"],"yoast_head":"<!-- This site is optimized with the Yoast SEO plugin v27.1.1 - https:\/\/yoast.com\/product\/yoast-seo-wordpress\/ -->\n<title>APC Austria: Aktuelle News &amp; Praxisberichte<\/title>\n<meta name=\"description\" content=\"Bleiben Sie informiert \u00fcber Neuigkeiten, Projekte und Entwicklungen bei APC Austria \u2013 praxisnahe Berichte zu nat\u00fcrlichen Futterzus\u00e4tzen.\" \/>\n<meta name=\"robots\" content=\"index, follow, max-snippet:-1, max-image-preview:large, max-video-preview:-1\" \/>\n<link rel=\"canonical\" href=\"https:\/\/apc-austria.com\/ru\/\u043d\u043e\u0432\u043e\u0441\u0442\u0438\/\" \/>\n<meta property=\"og:locale\" content=\"ru_RU\" \/>\n<meta property=\"og:type\" content=\"article\" \/>\n<meta property=\"og:title\" content=\"APC Austria: Aktuelle News &amp; Praxisberichte\" \/>\n<meta property=\"og:description\" content=\"Bleiben Sie informiert \u00fcber Neuigkeiten, Projekte und Entwicklungen bei APC Austria \u2013 praxisnahe Berichte zu nat\u00fcrlichen Futterzus\u00e4tzen.\" \/>\n<meta property=\"og:url\" content=\"https:\/\/apc-austria.com\/ru\/\u043d\u043e\u0432\u043e\u0441\u0442\u0438\/\" \/>\n<meta property=\"og:site_name\" content=\"apc-austria\" \/>\n<meta property=\"article:modified_time\" content=\"2025-11-14T09:05:59+00:00\" \/>\n<script type=\"application\/ld+json\" class=\"yoast-schema-graph\">{\"@context\":\"https:\/\/schema.org\",\"@graph\":[{\"@type\":\"WebPage\",\"@id\":\"https:\/\/apc-austria.com\/news\/\",\"url\":\"https:\/\/apc-austria.com\/news\/\",\"name\":\"APC Austria: Aktuelle News & Praxisberichte\",\"isPartOf\":{\"@id\":\"https:\/\/apc-austria.com\/#website\"},\"datePublished\":\"2025-08-06T07:59:27+00:00\",\"dateModified\":\"2025-11-14T09:05:59+00:00\",\"description\":\"Bleiben Sie informiert \u00fcber Neuigkeiten, Projekte und Entwicklungen bei APC Austria \u2013 praxisnahe Berichte zu nat\u00fcrlichen Futterzus\u00e4tzen.\",\"breadcrumb\":{\"@id\":\"https:\/\/apc-austria.com\/news\/#breadcrumb\"},\"inLanguage\":\"ru-RU\",\"potentialAction\":[{\"@type\":\"ReadAction\",\"target\":[\"https:\/\/apc-austria.com\/news\/\"]}]},{\"@type\":\"BreadcrumbList\",\"@id\":\"https:\/\/apc-austria.com\/news\/#breadcrumb\",\"itemListElement\":[{\"@type\":\"ListItem\",\"position\":1,\"name\":\"Home\",\"item\":\"https:\/\/apc-austria.com\/\"},{\"@type\":\"ListItem\",\"position\":2,\"name\":\"News\"}]},{\"@type\":\"WebSite\",\"@id\":\"https:\/\/apc-austria.com\/#website\",\"url\":\"https:\/\/apc-austria.com\/\",\"name\":\"apc-austria\",\"description\":\"\",\"publisher\":{\"@id\":\"https:\/\/apc-austria.com\/#organization\"},\"potentialAction\":[{\"@type\":\"SearchAction\",\"target\":{\"@type\":\"EntryPoint\",\"urlTemplate\":\"https:\/\/apc-austria.com\/?s={search_term_string}\"},\"query-input\":{\"@type\":\"PropertyValueSpecification\",\"valueRequired\":true,\"valueName\":\"search_term_string\"}}],\"inLanguage\":\"ru-RU\"},{\"@type\":\"Organization\",\"@id\":\"https:\/\/apc-austria.com\/#organization\",\"name\":\"apc-austria\",\"url\":\"https:\/\/apc-austria.com\/\",\"logo\":{\"@type\":\"ImageObject\",\"inLanguage\":\"ru-RU\",\"@id\":\"https:\/\/apc-austria.com\/#\/schema\/logo\/image\/\",\"url\":\"https:\/\/apc-austria.com\/wp-content\/uploads\/2024\/08\/header_schwein.png\",\"contentUrl\":\"https:\/\/apc-austria.com\/wp-content\/uploads\/2024\/08\/header_schwein.png\",\"width\":139,\"height\":66,\"caption\":\"apc-austria\"},\"image\":{\"@id\":\"https:\/\/apc-austria.com\/#\/schema\/logo\/image\/\"}}]}<\/script>\n<!-- \/ Yoast SEO plugin. -->","yoast_head_json":{"title":"APC Austria: \u043f\u043e\u0441\u043b\u0435\u0434\u043d\u0438\u0435 \u043d\u043e\u0432\u043e\u0441\u0442\u0438 \u0438 \u043f\u0440\u0438\u043c\u0435\u0440\u044b","description":"\u0411\u0443\u0434\u044c\u0442\u0435 \u0432 \u043a\u0443\u0440\u0441\u0435 \u043d\u043e\u0432\u043e\u0441\u0442\u0435\u0439, \u043f\u0440\u043e\u0435\u043a\u0442\u043e\u0432 \u0438 \u0440\u0430\u0437\u0440\u0430\u0431\u043e\u0442\u043e\u043a APC Austria \u2014 \u043f\u0440\u0430\u043a\u0442\u0438\u0447\u0435\u0441\u043a\u0438\u0435 \u043e\u0442\u0447\u0435\u0442\u044b \u043e \u043d\u0430\u0442\u0443\u0440\u0430\u043b\u044c\u043d\u044b\u0445 \u043a\u043e\u0440\u043c\u043e\u0432\u044b\u0445 \u0434\u043e\u0431\u0430\u0432\u043a\u0430\u0445.","robots":{"index":"index","follow":"follow","max-snippet":"max-snippet:-1","max-image-preview":"max-image-preview:large","max-video-preview":"max-video-preview:-1"},"canonical":"https:\/\/apc-austria.com\/ru\/\u043d\u043e\u0432\u043e\u0441\u0442\u0438\/","og_locale":"ru_RU","og_type":"article","og_title":"APC Austria: Aktuelle News & Praxisberichte","og_description":"Bleiben Sie informiert \u00fcber Neuigkeiten, Projekte und Entwicklungen bei APC Austria \u2013 praxisnahe Berichte zu nat\u00fcrlichen Futterzus\u00e4tzen.","og_url":"https:\/\/apc-austria.com\/ru\/\u043d\u043e\u0432\u043e\u0441\u0442\u0438\/","og_site_name":"apc-austria","article_modified_time":"2025-11-14T09:05:59+00:00","schema":{"@context":"https:\/\/schema.org","@graph":[{"@type":"WebPage","@id":"https:\/\/apc-austria.com\/news\/","url":"https:\/\/apc-austria.com\/news\/","name":"APC Austria: \u043f\u043e\u0441\u043b\u0435\u0434\u043d\u0438\u0435 \u043d\u043e\u0432\u043e\u0441\u0442\u0438 \u0438 \u043f\u0440\u0438\u043c\u0435\u0440\u044b","isPartOf":{"@id":"https:\/\/apc-austria.com\/#website"},"datePublished":"2025-08-06T07:59:27+00:00","dateModified":"2025-11-14T09:05:59+00:00","description":"\u0411\u0443\u0434\u044c\u0442\u0435 \u0432 \u043a\u0443\u0440\u0441\u0435 \u043d\u043e\u0432\u043e\u0441\u0442\u0435\u0439, \u043f\u0440\u043e\u0435\u043a\u0442\u043e\u0432 \u0438 \u0440\u0430\u0437\u0440\u0430\u0431\u043e\u0442\u043e\u043a APC Austria \u2014 \u043f\u0440\u0430\u043a\u0442\u0438\u0447\u0435\u0441\u043a\u0438\u0435 \u043e\u0442\u0447\u0435\u0442\u044b \u043e \u043d\u0430\u0442\u0443\u0440\u0430\u043b\u044c\u043d\u044b\u0445 \u043a\u043e\u0440\u043c\u043e\u0432\u044b\u0445 \u0434\u043e\u0431\u0430\u0432\u043a\u0430\u0445.","breadcrumb":{"@id":"https:\/\/apc-austria.com\/news\/#breadcrumb"},"inLanguage":"ru-RU","potentialAction":[{"@type":"ReadAction","target":["https:\/\/apc-austria.com\/news\/"]}]},{"@type":"BreadcrumbList","@id":"https:\/\/apc-austria.com\/news\/#breadcrumb","itemListElement":[{"@type":"ListItem","position":1,"name":"Home","item":"https:\/\/apc-austria.com\/"},{"@type":"ListItem","position":2,"name":"News"}]},{"@type":"WebSite","@id":"https:\/\/apc-austria.com\/#website","url":"https:\/\/apc-austria.com\/","name":"apc-austria","description":"","publisher":{"@id":"https:\/\/apc-austria.com\/#organization"},"potentialAction":[{"@type":"SearchAction","target":{"@type":"EntryPoint","urlTemplate":"https:\/\/apc-austria.com\/?s={search_term_string}"},"query-input":{"@type":"PropertyValueSpecification","valueRequired":true,"valueName":"search_term_string"}}],"inLanguage":"ru-RU"},{"@type":"Organization","@id":"https:\/\/apc-austria.com\/#organization","name":"apc-austria","url":"https:\/\/apc-austria.com\/","logo":{"@type":"ImageObject","inLanguage":"ru-RU","@id":"https:\/\/apc-austria.com\/#\/schema\/logo\/image\/","url":"https:\/\/apc-austria.com\/wp-content\/uploads\/2024\/08\/header_schwein.png","contentUrl":"https:\/\/apc-austria.com\/wp-content\/uploads\/2024\/08\/header_schwein.png","width":139,"height":66,"caption":"apc-austria"},"image":{"@id":"https:\/\/apc-austria.com\/#\/schema\/logo\/image\/"}}]}},"_links":{"self":[{"href":"https:\/\/apc-austria.com\/ru\/wp-json\/wp\/v2\/pages\/631","targetHints":{"allow":["GET"]}}],"collection":[{"href":"https:\/\/apc-austria.com\/ru\/wp-json\/wp\/v2\/pages"}],"about":[{"href":"https:\/\/apc-austria.com\/ru\/wp-json\/wp\/v2\/types\/page"}],"author":[{"embeddable":true,"href":"https:\/\/apc-austria.com\/ru\/wp-json\/wp\/v2\/users\/2"}],"replies":[{"embeddable":true,"href":"https:\/\/apc-austria.com\/ru\/wp-json\/wp\/v2\/comments?post=631"}],"version-history":[{"count":42,"href":"https:\/\/apc-austria.com\/ru\/wp-json\/wp\/v2\/pages\/631\/revisions"}],"predecessor-version":[{"id":1379,"href":"https:\/\/apc-austria.com\/ru\/wp-json\/wp\/v2\/pages\/631\/revisions\/1379"}],"wp:attachment":[{"href":"https:\/\/apc-austria.com\/ru\/wp-json\/wp\/v2\/media?parent=631"}],"curies":[{"name":"WP","href":"https:\/\/api.w.org\/{rel}","templated":true}]}}