{"id":698,"date":"2025-09-02T07:31:07","date_gmt":"2025-09-02T07:31:07","guid":{"rendered":"http:\/\/neu-2025.apc-austria.com\/?page_id=698"},"modified":"2025-11-14T09:17:38","modified_gmt":"2025-11-14T09:17:38","slug":"%d0%be%d1%82%d0%bf%d0%b5%d1%87%d0%b0%d1%82%d0%be%d0%ba","status":"publish","type":"page","link":"https:\/\/apc-austria.com\/ru\/impressum\/","title":{"rendered":"\u043e\u0442\u043f\u0435\u0447\u0430\u0442\u043e\u043a"},"content":{"rendered":"<div data-elementor-type=\"wp-page\" data-elementor-id=\"698\" class=\"elementor elementor-698\">\n\t\t\t\t\t\t<section class=\"elementor-section elementor-top-section elementor-element elementor-element-02917e7 elementor-section-height-min-height elementor-section-boxed elementor-section-height-default elementor-section-items-middle\" data-id=\"02917e7\" data-element_type=\"section\" data-e-type=\"section\" data-settings=\"{&quot;background_background&quot;:&quot;classic&quot;}\">\n\t\t\t\t\t\t\t<div class=\"elementor-background-overlay\"><\/div>\n\t\t\t\t\t\t\t<div class=\"elementor-container elementor-column-gap-default\">\n\t\t\t\t\t<div class=\"elementor-column elementor-col-100 elementor-top-column elementor-element elementor-element-6bd4689\" data-id=\"6bd4689\" data-element_type=\"column\" data-e-type=\"column\">\n\t\t\t<div class=\"elementor-widget-wrap elementor-element-populated\">\n\t\t\t\t\t\t<div class=\"elementor-element elementor-element-c7acdd5 elementor-invisible elementor-widget elementor-widget-heading\" data-id=\"c7acdd5\" data-element_type=\"widget\" data-e-type=\"widget\" data-settings=\"{&quot;_animation&quot;:&quot;fadeIn&quot;}\" data-widget_type=\"heading.default\">\n\t\t\t\t<div class=\"elementor-widget-container\">\n\t\t\t\t\t<h2 class=\"elementor-heading-title elementor-size-default\">\u042e\u0440\u0438\u0434\u0438\u0447\u0435\u0441\u043a\u043e\u0435 \u0443\u0432\u0435\u0434\u043e\u043c\u043b\u0435\u043d\u0438\u0435 APC Austria<\/h2>\t\t\t\t<\/div>\n\t\t\t\t<\/div>\n\t\t\t\t\t<\/div>\n\t\t<\/div>\n\t\t\t\t\t<\/div>\n\t\t<\/section>\n\t\t\t\t<section class=\"elementor-section elementor-top-section elementor-element elementor-element-ba9df9c elementor-reverse-mobile elementor-section-boxed elementor-section-height-default elementor-section-height-default\" data-id=\"ba9df9c\" data-element_type=\"section\" data-e-type=\"section\">\n\t\t\t\t\t\t\t<div class=\"elementor-background-overlay\"><\/div>\n\t\t\t\t\t\t\t<div class=\"elementor-container elementor-column-gap-default\">\n\t\t\t\t\t<div class=\"elementor-column elementor-col-100 elementor-top-column elementor-element elementor-element-71d93ca\" data-id=\"71d93ca\" data-element_type=\"column\" data-e-type=\"column\">\n\t\t\t<div class=\"elementor-widget-wrap elementor-element-populated\">\n\t\t\t\t\t\t<div class=\"elementor-element elementor-element-832bac9 elementor-widget elementor-widget-heading\" data-id=\"832bac9\" data-element_type=\"widget\" data-e-type=\"widget\" data-widget_type=\"heading.default\">\n\t\t\t\t<div class=\"elementor-widget-container\">\n\t\t\t\t\t<h2 class=\"elementor-heading-title elementor-size-default\">\u0410\u0433\u0440\u0430\u0440\u043d\u043e\u0435 \u043f\u0440\u043e\u0438\u0437\u0432\u043e\u0434\u0441\u0442\u0432\u043e \u043a\u043e\u043d\u0441\u0430\u043b\u0442\u0438\u043d\u0433\u0430 GesmbH<\/h2>\t\t\t\t<\/div>\n\t\t\t\t<\/div>\n\t\t\t\t<div class=\"elementor-element elementor-element-621bc12 elementor-widget elementor-widget-text-editor\" data-id=\"621bc12\" data-element_type=\"widget\" data-e-type=\"widget\" data-widget_type=\"text-editor.default\">\n\t\t\t\t<div class=\"elementor-widget-container\">\n\t\t\t\t\t\t\t\t\t<p>\u041b\u044e\u0434\u0435\u0440\u0441\u0434\u043e\u0440\u0444 183, A-8200 \u0413\u043b\u0430\u0439\u0441\u0434\u043e\u0440\u0444<br \/>0043 (0) 3112\/ 75 20<br \/>apc@apc-austria.com<\/p><p><strong>\u0414\u0435\u043b\u043e\u0432\u0430\u044f \u0446\u0435\u043b\u044c<\/strong><br \/>\u041f\u0440\u043e\u0438\u0437\u0432\u043e\u0434\u0441\u0442\u0432\u043e \u0438 \u043f\u0440\u043e\u0434\u0430\u0436\u0430 \u043a\u043e\u0440\u043c\u043e\u0432\u044b\u0445 \u0434\u043e\u0431\u0430\u0432\u043e\u043a.<\/p><p><strong>\u043d\u043e\u043c\u0435\u0440 \u041d\u0414\u0421<\/strong><br \/>ATU38081703<\/p><p><strong>\u0420\u0435\u0433\u0438\u0441\u0442\u0440\u0430\u0446\u0438\u043e\u043d\u043d\u044b\u0439 \u043d\u043e\u043c\u0435\u0440 \u043a\u043e\u043c\u043f\u0430\u043d\u0438\u0438<\/strong><br \/>\u0424\u041d 114741\u043c<\/p><p><strong>\u0421\u0443\u0434 \u043f\u043e \u0442\u043e\u0440\u0433\u043e\u0432\u043e\u043c\u0443 \u0440\u0435\u0435\u0441\u0442\u0440\u0443<\/strong><br \/>\u041e\u043a\u0440\u0443\u0436\u043d\u043e\u0439 \u0441\u0443\u0434 \u043f\u043e \u0433\u0440\u0430\u0436\u0434\u0430\u043d\u0441\u043a\u0438\u043c \u0434\u0435\u043b\u0430\u043c \u0413\u0440\u0430\u0446\u0430<\/p><p><strong>\u041d\u0430\u0434\u0437\u043e\u0440\u043d\u044b\u0439 \u043e\u0440\u0433\u0430\u043d:<\/strong> <br \/>\u0411. \u0425. \u0413\u043b\u0435\u0439\u0441\u0434\u043e\u0440\u0444<\/p><p><strong>\u041e\u0442\u0432\u0435\u0442\u0441\u0442\u0432\u0435\u043d\u043d\u0430\u044f \u043f\u0430\u043b\u0430\u0442\u0430:<\/strong> <br \/>\u0422\u043e\u0440\u0433\u043e\u0432\u0430\u044f \u043f\u0430\u043b\u0430\u0442\u0430 \u0428\u0442\u0438\u0440\u0438\u0438<\/p><p><strong>\u041f\u0440\u0430\u0432\u0438\u043b\u0430 \u0442\u043e\u0440\u0433\u043e\u0432\u043b\u0438:<\/strong><br \/><a href=\"http:\/\/www.ris.bka.gv.at\">www.ris.bka.gv.at<\/a><\/p><p>\u041f\u0440\u0430\u0432\u0430 \u043d\u0430 \u0438\u0437\u043e\u0431\u0440\u0430\u0436\u0435\u043d\u0438\u0435:<br \/><a href=\"https:\/\/stock.adobe.com\/at\/\">\u0418\u0437\u043e\u0431\u0440\u0430\u0436\u0435\u043d\u0438\u044f \u0438\u0437 Adobe Stock<\/a><\/p><p><strong>\u041e\u0442\u043a\u0430\u0437 \u043e\u0442 \u043e\u0442\u0432\u0435\u0442\u0441\u0442\u0432\u0435\u043d\u043d\u043e\u0441\u0442\u0438<\/strong><\/p><p><strong>\u0420\u0430\u0437\u0440\u0435\u0448\u0435\u043d\u0438\u0435 \u0441\u043f\u043e\u0440\u043e\u0432<\/strong><\/p><p>\u041c\u044b \u043d\u0435 \u0436\u0435\u043b\u0430\u0435\u043c \u0438 \u043d\u0435 \u043e\u0431\u044f\u0437\u0430\u043d\u044b \u0443\u0447\u0430\u0441\u0442\u0432\u043e\u0432\u0430\u0442\u044c \u0432 \u043f\u0440\u043e\u0446\u0435\u0434\u0443\u0440\u0430\u0445 \u0440\u0430\u0437\u0440\u0435\u0448\u0435\u043d\u0438\u044f \u0441\u043f\u043e\u0440\u043e\u0432 \u0432 \u0430\u0440\u0431\u0438\u0442\u0440\u0430\u0436\u043d\u043e\u043c \u0441\u043e\u0432\u0435\u0442\u0435 \u043f\u043e \u0437\u0430\u0449\u0438\u0442\u0435 \u043f\u0440\u0430\u0432 \u043f\u043e\u0442\u0440\u0435\u0431\u0438\u0442\u0435\u043b\u0435\u0439.<\/p><p><strong>\u041e\u0442\u0432\u0435\u0442\u0441\u0442\u0432\u0435\u043d\u043d\u043e\u0441\u0442\u044c \u0437\u0430 \u0441\u043e\u0434\u0435\u0440\u0436\u0430\u043d\u0438\u0435<\/strong><\/p><p>\u041a\u0430\u043a \u043f\u043e\u0441\u0442\u0430\u0432\u0449\u0438\u043a \u0443\u0441\u043b\u0443\u0433, \u043c\u044b \u043d\u0435\u0441\u0451\u043c \u043e\u0442\u0432\u0435\u0442\u0441\u0442\u0432\u0435\u043d\u043d\u043e\u0441\u0442\u044c \u0437\u0430 \u0441\u043e\u0434\u0435\u0440\u0436\u0430\u043d\u0438\u0435 \u044d\u0442\u0438\u0445 \u0441\u0442\u0440\u0430\u043d\u0438\u0446 \u0432 \u0441\u043e\u043e\u0442\u0432\u0435\u0442\u0441\u0442\u0432\u0438\u0438 \u0441 \u043e\u0431\u0449\u0438\u043c \u0437\u0430\u043a\u043e\u043d\u043e\u0434\u0430\u0442\u0435\u043b\u044c\u0441\u0442\u0432\u043e\u043c (ECG). \u041e\u0434\u043d\u0430\u043a\u043e, \u0441\u043e\u0433\u043b\u0430\u0441\u043d\u043e \u0440\u0430\u0437\u0434\u0435\u043b\u0430\u043c 13\u201317 ECG, \u043c\u044b \u043a\u0430\u043a \u043f\u043e\u0441\u0442\u0430\u0432\u0449\u0438\u043a \u0443\u0441\u043b\u0443\u0433 \u043d\u0435 \u043e\u0431\u044f\u0437\u0430\u043d\u044b \u043e\u0442\u0441\u043b\u0435\u0436\u0438\u0432\u0430\u0442\u044c \u043f\u0435\u0440\u0435\u0434\u0430\u0432\u0430\u0435\u043c\u0443\u044e \u0438\u043b\u0438 \u0445\u0440\u0430\u043d\u0438\u043c\u0443\u044e \u0438\u043d\u0444\u043e\u0440\u043c\u0430\u0446\u0438\u044e \u0442\u0440\u0435\u0442\u044c\u0438\u0445 \u043b\u0438\u0446 \u0438\u043b\u0438 \u0440\u0430\u0441\u0441\u043b\u0435\u0434\u043e\u0432\u0430\u0442\u044c \u043e\u0431\u0441\u0442\u043e\u044f\u0442\u0435\u043b\u044c\u0441\u0442\u0432\u0430, \u0443\u043a\u0430\u0437\u044b\u0432\u0430\u044e\u0449\u0438\u0435 \u043d\u0430 \u043f\u0440\u043e\u0442\u0438\u0432\u043e\u043f\u0440\u0430\u0432\u043d\u0443\u044e \u0434\u0435\u044f\u0442\u0435\u043b\u044c\u043d\u043e\u0441\u0442\u044c.<\/p><p>\u041e\u0431\u044f\u0437\u0430\u0442\u0435\u043b\u044c\u0441\u0442\u0432\u0430 \u043f\u043e \u0443\u0434\u0430\u043b\u0435\u043d\u0438\u044e \u0438\u043b\u0438 \u0431\u043b\u043e\u043a\u0438\u0440\u043e\u0432\u043a\u0435 \u0438\u0441\u043f\u043e\u043b\u044c\u0437\u043e\u0432\u0430\u043d\u0438\u044f \u0438\u043d\u0444\u043e\u0440\u043c\u0430\u0446\u0438\u0438 \u0432 \u0441\u043e\u043e\u0442\u0432\u0435\u0442\u0441\u0442\u0432\u0438\u0438 \u0441 \u043e\u0431\u0449\u0438\u043c \u0437\u0430\u043a\u043e\u043d\u043e\u0434\u0430\u0442\u0435\u043b\u044c\u0441\u0442\u0432\u043e\u043c \u043e\u0441\u0442\u0430\u044e\u0442\u0441\u044f \u0432 \u0441\u0438\u043b\u0435. \u041e\u0434\u043d\u0430\u043a\u043e \u043e\u0442\u0432\u0435\u0442\u0441\u0442\u0432\u0435\u043d\u043d\u043e\u0441\u0442\u044c \u0432 \u044d\u0442\u043e\u043c \u043e\u0442\u043d\u043e\u0448\u0435\u043d\u0438\u0438 \u0432\u043e\u0437\u043c\u043e\u0436\u043d\u0430 \u0442\u043e\u043b\u044c\u043a\u043e \u0441 \u043c\u043e\u043c\u0435\u043d\u0442\u0430, \u043a\u043e\u0433\u0434\u0430 \u043d\u0430\u043c \u0441\u0442\u0430\u043d\u0435\u0442 \u0438\u0437\u0432\u0435\u0441\u0442\u043d\u043e \u043e \u043a\u043e\u043d\u043a\u0440\u0435\u0442\u043d\u043e\u043c \u043f\u0440\u0430\u0432\u043e\u043d\u0430\u0440\u0443\u0448\u0435\u043d\u0438\u0438. \u041a\u0430\u043a \u0442\u043e\u043b\u044c\u043a\u043e \u043d\u0430\u043c \u0441\u0442\u0430\u043d\u0435\u0442 \u0438\u0437\u0432\u0435\u0441\u0442\u043d\u043e \u043e \u0442\u0430\u043a\u043e\u043c \u043f\u0440\u0430\u0432\u043e\u043d\u0430\u0440\u0443\u0448\u0435\u043d\u0438\u0438, \u043c\u044b \u043d\u0435\u043c\u0435\u0434\u043b\u0435\u043d\u043d\u043e \u0443\u0434\u0430\u043b\u0438\u043c \u0441\u043e\u043e\u0442\u0432\u0435\u0442\u0441\u0442\u0432\u0443\u044e\u0449\u0438\u0439 \u043a\u043e\u043d\u0442\u0435\u043d\u0442.<\/p><p><strong>\u041e\u0442\u0432\u0435\u0442\u0441\u0442\u0432\u0435\u043d\u043d\u043e\u0441\u0442\u044c \u0437\u0430 \u0441\u0441\u044b\u043b\u043a\u0438<\/strong><\/p><p>\u041d\u0430\u0448 \u0441\u0430\u0439\u0442 \u0441\u043e\u0434\u0435\u0440\u0436\u0438\u0442 \u0441\u0441\u044b\u043b\u043a\u0438 \u043d\u0430 \u0432\u043d\u0435\u0448\u043d\u0438\u0435 \u0441\u0430\u0439\u0442\u044b \u0442\u0440\u0435\u0442\u044c\u0438\u0445 \u043b\u0438\u0446, \u043d\u0430 \u0441\u043e\u0434\u0435\u0440\u0436\u0430\u043d\u0438\u0435 \u043a\u043e\u0442\u043e\u0440\u044b\u0445 \u043c\u044b \u043d\u0435 \u0438\u043c\u0435\u0435\u043c \u043d\u0438\u043a\u0430\u043a\u043e\u0433\u043e \u0432\u043b\u0438\u044f\u043d\u0438\u044f. \u041f\u043e\u044d\u0442\u043e\u043c\u0443 \u043c\u044b \u043d\u0435 \u043d\u0435\u0441\u0435\u043c \u043e\u0442\u0432\u0435\u0442\u0441\u0442\u0432\u0435\u043d\u043d\u043e\u0441\u0442\u0438 \u0437\u0430 \u044d\u0442\u043e\u0442 \u0432\u043d\u0435\u0448\u043d\u0438\u0439 \u043a\u043e\u043d\u0442\u0435\u043d\u0442.<br \/>\u041c\u044b \u043d\u0435 \u043d\u0435\u0441\u0435\u043c \u043d\u0438\u043a\u0430\u043a\u043e\u0439 \u043e\u0442\u0432\u0435\u0442\u0441\u0442\u0432\u0435\u043d\u043d\u043e\u0441\u0442\u0438. \u041e\u0442\u0432\u0435\u0442\u0441\u0442\u0432\u0435\u043d\u043d\u043e\u0441\u0442\u044c \u0437\u0430 \u0441\u043e\u0434\u0435\u0440\u0436\u0430\u043d\u0438\u0435 \u0441\u0441\u044b\u043b\u043e\u043a \u0432\u0441\u0435\u0433\u0434\u0430 \u043d\u0435\u0441\u0435\u0442 \u0441\u043e\u043e\u0442\u0432\u0435\u0442\u0441\u0442\u0432\u0443\u044e\u0449\u0438\u0439 \u043f\u0440\u043e\u0432\u0430\u0439\u0434\u0435\u0440 \u0438\u043b\u0438 \u043e\u043f\u0435\u0440\u0430\u0442\u043e\u0440. \u0421\u0432\u044f\u0437\u0430\u043d\u043d\u044b\u0435 \u0441\u0442\u0440\u0430\u043d\u0438\u0446\u044b \u0431\u044b\u043b\u0438 \u043f\u0440\u043e\u0432\u0435\u0440\u0435\u043d\u044b \u043d\u0430 \u043f\u0440\u0435\u0434\u043c\u0435\u0442 \u0432\u043e\u0437\u043c\u043e\u0436\u043d\u044b\u0445 \u043d\u0430\u0440\u0443\u0448\u0435\u043d\u0438\u0439 \u0437\u0430\u043a\u043e\u043d\u043e\u0434\u0430\u0442\u0435\u043b\u044c\u0441\u0442\u0432\u0430 \u043d\u0430 \u043c\u043e\u043c\u0435\u043d\u0442 \u0440\u0430\u0437\u043c\u0435\u0449\u0435\u043d\u0438\u044f \u0441\u0441\u044b\u043b\u043e\u043a. \u041d\u0430 \u0442\u043e\u0442 \u043c\u043e\u043c\u0435\u043d\u0442 \u043f\u0440\u043e\u0442\u0438\u0432\u043e\u0437\u0430\u043a\u043e\u043d\u043d\u043e\u0433\u043e \u043a\u043e\u043d\u0442\u0435\u043d\u0442\u0430 \u043e\u0431\u043d\u0430\u0440\u0443\u0436\u0435\u043d\u043e \u043d\u0435 \u0431\u044b\u043b\u043e.<\/p><p>\u041e\u0434\u043d\u0430\u043a\u043e \u043f\u043e\u0441\u0442\u043e\u044f\u043d\u043d\u044b\u0439 \u043c\u043e\u043d\u0438\u0442\u043e\u0440\u0438\u043d\u0433 \u0441\u043e\u0434\u0435\u0440\u0436\u0438\u043c\u043e\u0433\u043e \u0441\u0432\u044f\u0437\u0430\u043d\u043d\u044b\u0445 \u0441\u0442\u0440\u0430\u043d\u0438\u0446 \u043d\u0435\u0446\u0435\u043b\u0435\u0441\u043e\u043e\u0431\u0440\u0430\u0437\u0435\u043d \u0431\u0435\u0437 \u043a\u043e\u043d\u043a\u0440\u0435\u0442\u043d\u044b\u0445 \u0434\u043e\u043a\u0430\u0437\u0430\u0442\u0435\u043b\u044c\u0441\u0442\u0432 \u043d\u0430\u0440\u0443\u0448\u0435\u043d\u0438\u044f \u0437\u0430\u043a\u043e\u043d\u0430. \u041a\u0430\u043a \u0442\u043e\u043b\u044c\u043a\u043e \u043d\u0430\u043c \u0441\u0442\u0430\u043d\u0435\u0442 \u0438\u0437\u0432\u0435\u0441\u0442\u043d\u043e \u043e \u043a\u0430\u043a\u0438\u0445-\u043b\u0438\u0431\u043e \u043d\u0430\u0440\u0443\u0448\u0435\u043d\u0438\u044f\u0445 \u0437\u0430\u043a\u043e\u043d\u0430, \u043c\u044b \u043d\u0435\u043c\u0435\u0434\u043b\u0435\u043d\u043d\u043e \u0443\u0434\u0430\u043b\u0438\u043c \u0442\u0430\u043a\u0438\u0435 \u0441\u0441\u044b\u043b\u043a\u0438.<\/p><p><strong>\u0430\u0432\u0442\u043e\u0440\u0441\u043a\u043e\u0435 \u043f\u0440\u0430\u0432\u043e<\/strong><\/p><p>\u041a\u043e\u043d\u0442\u0435\u043d\u0442 \u0438 \u0440\u0430\u0431\u043e\u0442\u044b, \u0441\u043e\u0437\u0434\u0430\u043d\u043d\u044b\u0435 \u043e\u043f\u0435\u0440\u0430\u0442\u043e\u0440\u0430\u043c\u0438 \u0441\u0430\u0439\u0442\u0430 \u043d\u0430 \u044d\u0442\u0438\u0445 \u0441\u0442\u0440\u0430\u043d\u0438\u0446\u0430\u0445, \u0437\u0430\u0449\u0438\u0449\u0435\u043d\u044b \u0430\u0432\u0442\u043e\u0440\u0441\u043a\u0438\u043c \u043f\u0440\u0430\u0432\u043e\u043c. \u0412\u043e\u0441\u043f\u0440\u043e\u0438\u0437\u0432\u0435\u0434\u0435\u043d\u0438\u0435, \u043e\u0431\u0440\u0430\u0431\u043e\u0442\u043a\u0430, \u0440\u0430\u0441\u043f\u0440\u043e\u0441\u0442\u0440\u0430\u043d\u0435\u043d\u0438\u0435 \u0438 \u043b\u044e\u0431\u0430\u044f \u0444\u043e\u0440\u043c\u0430 \u0438\u0441\u043f\u043e\u043b\u044c\u0437\u043e\u0432\u0430\u043d\u0438\u044f, \u0432\u044b\u0445\u043e\u0434\u044f\u0449\u0430\u044f \u0437\u0430 \u0440\u0430\u043c\u043a\u0438 \u0437\u0430\u043a\u043e\u043d\u0430 \u043e\u0431 \u0430\u0432\u0442\u043e\u0440\u0441\u043a\u043e\u043c \u043f\u0440\u0430\u0432\u0435, \u0442\u0440\u0435\u0431\u0443\u044e\u0442 \u043f\u0438\u0441\u044c\u043c\u0435\u043d\u043d\u043e\u0433\u043e \u0441\u043e\u0433\u043b\u0430\u0441\u0438\u044f \u0441\u043e\u043e\u0442\u0432\u0435\u0442\u0441\u0442\u0432\u0443\u044e\u0449\u0435\u0433\u043e \u0430\u0432\u0442\u043e\u0440\u0430 \u0438\u043b\u0438 \u0441\u043e\u0437\u0434\u0430\u0442\u0435\u043b\u044f. \u0417\u0430\u0433\u0440\u0443\u0437\u043a\u0430 \u0438 \u043a\u043e\u043f\u0438\u0440\u043e\u0432\u0430\u043d\u0438\u0435 \u044d\u0442\u043e\u0439 \u0441\u0442\u0440\u0430\u043d\u0438\u0446\u044b \u0440\u0430\u0437\u0440\u0435\u0448\u0435\u043d\u044b \u0442\u043e\u043b\u044c\u043a\u043e \u0434\u043b\u044f \u043b\u0438\u0447\u043d\u043e\u0433\u043e, \u043d\u0435\u043a\u043e\u043c\u043c\u0435\u0440\u0447\u0435\u0441\u043a\u043e\u0433\u043e \u0438\u0441\u043f\u043e\u043b\u044c\u0437\u043e\u0432\u0430\u043d\u0438\u044f.<\/p><p>\u0415\u0441\u043b\u0438 \u043a\u043e\u043d\u0442\u0435\u043d\u0442 \u043d\u0430 \u044d\u0442\u043e\u043c \u0441\u0430\u0439\u0442\u0435 \u043d\u0435 \u0431\u044b\u043b \u0441\u043e\u0437\u0434\u0430\u043d \u043e\u043f\u0435\u0440\u0430\u0442\u043e\u0440\u043e\u043c, \u0430\u0432\u0442\u043e\u0440\u0441\u043a\u0438\u0435 \u043f\u0440\u0430\u0432\u0430 \u0442\u0440\u0435\u0442\u044c\u0438\u0445 \u043b\u0438\u0446 \u0441\u043e\u0431\u043b\u044e\u0434\u0430\u044e\u0442\u0441\u044f. \u0415\u0441\u043b\u0438 \u0432\u0430\u043c \u0441\u0442\u0430\u043d\u0435\u0442 \u0438\u0437\u0432\u0435\u0441\u0442\u043d\u043e \u043e \u043d\u0430\u0440\u0443\u0448\u0435\u043d\u0438\u0438 \u0430\u0432\u0442\u043e\u0440\u0441\u043a\u0438\u0445 \u043f\u0440\u0430\u0432, \u043f\u043e\u0436\u0430\u043b\u0443\u0439\u0441\u0442\u0430, \u0441\u043e\u043e\u0431\u0449\u0438\u0442\u0435 \u043d\u0430\u043c \u043e\u0431 \u044d\u0442\u043e\u043c. \u041f\u043e\u0441\u043b\u0435 \u0443\u0432\u0435\u0434\u043e\u043c\u043b\u0435\u043d\u0438\u044f \u043e \u043b\u044e\u0431\u044b\u0445 \u043f\u0440\u0430\u0432\u043e\u043d\u0430\u0440\u0443\u0448\u0435\u043d\u0438\u044f\u0445 \u043c\u044b \u043d\u0435\u043c\u0435\u0434\u043b\u0435\u043d\u043d\u043e \u0443\u0434\u0430\u043b\u0438\u043c \u0442\u0430\u043a\u043e\u0439 \u043a\u043e\u043d\u0442\u0435\u043d\u0442.<\/p><p>\u0418\u0441\u0442\u043e\u0447\u043d\u0438\u043a: <a href=\"http:\/\/erecht24.de\">erecht24.de<\/a><\/p>\t\t\t\t\t\t\t\t<\/div>\n\t\t\t\t<\/div>\n\t\t\t\t\t<\/div>\n\t\t<\/div>\n\t\t\t\t\t<\/div>\n\t\t<\/section>\n\t\t\t\t<\/div>","protected":false},"excerpt":{"rendered":"<p>Impressum von APC Austria Agrar Produktion Consulting GesmbH Ludersdorf 183, A-8200 Gleisdorf0043 (0) 3112\/ 75 20apc@apc-austria.com UnternehmensgegenstandErzeugung und Verkauf von Futtermittelzus\u00e4tzen. UID-NummerATU38081703 FirmenbuchnummerFN 114741m FirmenbuchgerichtLandesgericht f\u00fcr ZRS Graz Aufsichtsbeh\u00f6rde: BH Gleisdorf Zust\u00e4ndige Kammer: WKO Steiermark Gewerbeordnung:www.ris.bka.gv.at Bildrechte:Bilder von Adobe Stock Haftungsausschluss (Disclaimer) Streitschlichtung Wir sind nicht bereit oder verpflichtet, an Streitbeilegungsverfahren vor einer Verbraucherschlichtungsstelle teilzunehmen. [&hellip;]<\/p>\n","protected":false},"author":2,"featured_media":0,"parent":0,"menu_order":0,"comment_status":"closed","ping_status":"closed","template":"","meta":{"footnotes":""},"class_list":["post-698","page","type-page","status-publish","hentry"],"yoast_head":"<!-- This site is optimized with the Yoast SEO plugin v27.1.1 - https:\/\/yoast.com\/product\/yoast-seo-wordpress\/ -->\n<title>Impressum von APC Austria \u2013 Unternehmen &amp; Kontakt<\/title>\n<meta name=\"description\" content=\"Impressum mit Firmenangaben, Adresse und Kontaktdaten von APC Austria \u2013 Transparenz &amp; gesetzliche Informationen.\" \/>\n<meta name=\"robots\" content=\"index, follow, max-snippet:-1, max-image-preview:large, max-video-preview:-1\" \/>\n<link rel=\"canonical\" href=\"https:\/\/apc-austria.com\/ru\/\u043e\u0442\u043f\u0435\u0447\u0430\u0442\u043e\u043a\/\" \/>\n<meta property=\"og:locale\" content=\"ru_RU\" \/>\n<meta property=\"og:type\" content=\"article\" \/>\n<meta property=\"og:title\" content=\"Impressum von APC Austria \u2013 Unternehmen &amp; Kontakt\" \/>\n<meta property=\"og:description\" content=\"Impressum mit Firmenangaben, Adresse und Kontaktdaten von APC Austria \u2013 Transparenz &amp; gesetzliche Informationen.\" \/>\n<meta property=\"og:url\" content=\"https:\/\/apc-austria.com\/ru\/\u043e\u0442\u043f\u0435\u0447\u0430\u0442\u043e\u043a\/\" \/>\n<meta property=\"og:site_name\" content=\"apc-austria\" \/>\n<meta property=\"article:modified_time\" content=\"2025-11-14T09:17:38+00:00\" \/>\n<script type=\"application\/ld+json\" class=\"yoast-schema-graph\">{\"@context\":\"https:\/\/schema.org\",\"@graph\":[{\"@type\":\"WebPage\",\"@id\":\"https:\/\/apc-austria.com\/impressum\/\",\"url\":\"https:\/\/apc-austria.com\/impressum\/\",\"name\":\"Impressum von APC Austria \u2013 Unternehmen & Kontakt\",\"isPartOf\":{\"@id\":\"https:\/\/apc-austria.com\/#website\"},\"datePublished\":\"2025-09-02T07:31:07+00:00\",\"dateModified\":\"2025-11-14T09:17:38+00:00\",\"description\":\"Impressum mit Firmenangaben, Adresse und Kontaktdaten von APC Austria \u2013 Transparenz & gesetzliche Informationen.\",\"breadcrumb\":{\"@id\":\"https:\/\/apc-austria.com\/impressum\/#breadcrumb\"},\"inLanguage\":\"ru-RU\",\"potentialAction\":[{\"@type\":\"ReadAction\",\"target\":[\"https:\/\/apc-austria.com\/impressum\/\"]}]},{\"@type\":\"BreadcrumbList\",\"@id\":\"https:\/\/apc-austria.com\/impressum\/#breadcrumb\",\"itemListElement\":[{\"@type\":\"ListItem\",\"position\":1,\"name\":\"Home\",\"item\":\"https:\/\/apc-austria.com\/\"},{\"@type\":\"ListItem\",\"position\":2,\"name\":\"Impressum\"}]},{\"@type\":\"WebSite\",\"@id\":\"https:\/\/apc-austria.com\/#website\",\"url\":\"https:\/\/apc-austria.com\/\",\"name\":\"apc-austria\",\"description\":\"\",\"publisher\":{\"@id\":\"https:\/\/apc-austria.com\/#organization\"},\"potentialAction\":[{\"@type\":\"SearchAction\",\"target\":{\"@type\":\"EntryPoint\",\"urlTemplate\":\"https:\/\/apc-austria.com\/?s={search_term_string}\"},\"query-input\":{\"@type\":\"PropertyValueSpecification\",\"valueRequired\":true,\"valueName\":\"search_term_string\"}}],\"inLanguage\":\"ru-RU\"},{\"@type\":\"Organization\",\"@id\":\"https:\/\/apc-austria.com\/#organization\",\"name\":\"apc-austria\",\"url\":\"https:\/\/apc-austria.com\/\",\"logo\":{\"@type\":\"ImageObject\",\"inLanguage\":\"ru-RU\",\"@id\":\"https:\/\/apc-austria.com\/#\/schema\/logo\/image\/\",\"url\":\"https:\/\/apc-austria.com\/wp-content\/uploads\/2024\/08\/header_schwein.png\",\"contentUrl\":\"https:\/\/apc-austria.com\/wp-content\/uploads\/2024\/08\/header_schwein.png\",\"width\":139,\"height\":66,\"caption\":\"apc-austria\"},\"image\":{\"@id\":\"https:\/\/apc-austria.com\/#\/schema\/logo\/image\/\"}}]}<\/script>\n<!-- \/ Yoast SEO plugin. -->","yoast_head_json":{"title":"\u042e\u0440\u0438\u0434\u0438\u0447\u0435\u0441\u043a\u043e\u0435 \u0443\u0432\u0435\u0434\u043e\u043c\u043b\u0435\u043d\u0438\u0435 APC Austria \u2013 \u041a\u043e\u043c\u043f\u0430\u043d\u0438\u044f \u0438 \u043a\u043e\u043d\u0442\u0430\u043a\u0442\u044b","description":"\u042e\u0440\u0438\u0434\u0438\u0447\u0435\u0441\u043a\u043e\u0435 \u0443\u0432\u0435\u0434\u043e\u043c\u043b\u0435\u043d\u0438\u0435 \u0441 \u0440\u0435\u043a\u0432\u0438\u0437\u0438\u0442\u0430\u043c\u0438 \u043a\u043e\u043c\u043f\u0430\u043d\u0438\u0438, \u0430\u0434\u0440\u0435\u0441\u043e\u043c \u0438 \u043a\u043e\u043d\u0442\u0430\u043a\u0442\u043d\u044b\u043c\u0438 \u0434\u0430\u043d\u043d\u044b\u043c\u0438 APC Austria \u2013 \u041f\u0440\u043e\u0437\u0440\u0430\u0447\u043d\u043e\u0441\u0442\u044c \u0438 \u044e\u0440\u0438\u0434\u0438\u0447\u0435\u0441\u043a\u0430\u044f \u0438\u043d\u0444\u043e\u0440\u043c\u0430\u0446\u0438\u044f.","robots":{"index":"index","follow":"follow","max-snippet":"max-snippet:-1","max-image-preview":"max-image-preview:large","max-video-preview":"max-video-preview:-1"},"canonical":"https:\/\/apc-austria.com\/ru\/\u043e\u0442\u043f\u0435\u0447\u0430\u0442\u043e\u043a\/","og_locale":"ru_RU","og_type":"article","og_title":"Impressum von APC Austria \u2013 Unternehmen & Kontakt","og_description":"Impressum mit Firmenangaben, Adresse und Kontaktdaten von APC Austria \u2013 Transparenz & gesetzliche Informationen.","og_url":"https:\/\/apc-austria.com\/ru\/\u043e\u0442\u043f\u0435\u0447\u0430\u0442\u043e\u043a\/","og_site_name":"apc-austria","article_modified_time":"2025-11-14T09:17:38+00:00","schema":{"@context":"https:\/\/schema.org","@graph":[{"@type":"WebPage","@id":"https:\/\/apc-austria.com\/impressum\/","url":"https:\/\/apc-austria.com\/impressum\/","name":"\u042e\u0440\u0438\u0434\u0438\u0447\u0435\u0441\u043a\u043e\u0435 \u0443\u0432\u0435\u0434\u043e\u043c\u043b\u0435\u043d\u0438\u0435 APC Austria \u2013 \u041a\u043e\u043c\u043f\u0430\u043d\u0438\u044f \u0438 \u043a\u043e\u043d\u0442\u0430\u043a\u0442\u044b","isPartOf":{"@id":"https:\/\/apc-austria.com\/#website"},"datePublished":"2025-09-02T07:31:07+00:00","dateModified":"2025-11-14T09:17:38+00:00","description":"\u042e\u0440\u0438\u0434\u0438\u0447\u0435\u0441\u043a\u043e\u0435 \u0443\u0432\u0435\u0434\u043e\u043c\u043b\u0435\u043d\u0438\u0435 \u0441 \u0440\u0435\u043a\u0432\u0438\u0437\u0438\u0442\u0430\u043c\u0438 \u043a\u043e\u043c\u043f\u0430\u043d\u0438\u0438, \u0430\u0434\u0440\u0435\u0441\u043e\u043c \u0438 \u043a\u043e\u043d\u0442\u0430\u043a\u0442\u043d\u044b\u043c\u0438 \u0434\u0430\u043d\u043d\u044b\u043c\u0438 APC Austria \u2013 \u041f\u0440\u043e\u0437\u0440\u0430\u0447\u043d\u043e\u0441\u0442\u044c \u0438 \u044e\u0440\u0438\u0434\u0438\u0447\u0435\u0441\u043a\u0430\u044f \u0438\u043d\u0444\u043e\u0440\u043c\u0430\u0446\u0438\u044f.","breadcrumb":{"@id":"https:\/\/apc-austria.com\/impressum\/#breadcrumb"},"inLanguage":"ru-RU","potentialAction":[{"@type":"ReadAction","target":["https:\/\/apc-austria.com\/impressum\/"]}]},{"@type":"BreadcrumbList","@id":"https:\/\/apc-austria.com\/impressum\/#breadcrumb","itemListElement":[{"@type":"ListItem","position":1,"name":"Home","item":"https:\/\/apc-austria.com\/"},{"@type":"ListItem","position":2,"name":"Impressum"}]},{"@type":"WebSite","@id":"https:\/\/apc-austria.com\/#website","url":"https:\/\/apc-austria.com\/","name":"apc-austria","description":"","publisher":{"@id":"https:\/\/apc-austria.com\/#organization"},"potentialAction":[{"@type":"SearchAction","target":{"@type":"EntryPoint","urlTemplate":"https:\/\/apc-austria.com\/?s={search_term_string}"},"query-input":{"@type":"PropertyValueSpecification","valueRequired":true,"valueName":"search_term_string"}}],"inLanguage":"ru-RU"},{"@type":"Organization","@id":"https:\/\/apc-austria.com\/#organization","name":"apc-austria","url":"https:\/\/apc-austria.com\/","logo":{"@type":"ImageObject","inLanguage":"ru-RU","@id":"https:\/\/apc-austria.com\/#\/schema\/logo\/image\/","url":"https:\/\/apc-austria.com\/wp-content\/uploads\/2024\/08\/header_schwein.png","contentUrl":"https:\/\/apc-austria.com\/wp-content\/uploads\/2024\/08\/header_schwein.png","width":139,"height":66,"caption":"apc-austria"},"image":{"@id":"https:\/\/apc-austria.com\/#\/schema\/logo\/image\/"}}]}},"_links":{"self":[{"href":"https:\/\/apc-austria.com\/ru\/wp-json\/wp\/v2\/pages\/698","targetHints":{"allow":["GET"]}}],"collection":[{"href":"https:\/\/apc-austria.com\/ru\/wp-json\/wp\/v2\/pages"}],"about":[{"href":"https:\/\/apc-austria.com\/ru\/wp-json\/wp\/v2\/types\/page"}],"author":[{"embeddable":true,"href":"https:\/\/apc-austria.com\/ru\/wp-json\/wp\/v2\/users\/2"}],"replies":[{"embeddable":true,"href":"https:\/\/apc-austria.com\/ru\/wp-json\/wp\/v2\/comments?post=698"}],"version-history":[{"count":17,"href":"https:\/\/apc-austria.com\/ru\/wp-json\/wp\/v2\/pages\/698\/revisions"}],"predecessor-version":[{"id":1391,"href":"https:\/\/apc-austria.com\/ru\/wp-json\/wp\/v2\/pages\/698\/revisions\/1391"}],"wp:attachment":[{"href":"https:\/\/apc-austria.com\/ru\/wp-json\/wp\/v2\/media?parent=698"}],"curies":[{"name":"WP","href":"https:\/\/api.w.org\/{rel}","templated":true}]}}